{"id":505,"date":"2018-08-14T15:20:00","date_gmt":"2018-08-14T15:20:00","guid":{"rendered":"https:\/\/etalfort.com\/?page_id=505"},"modified":"2018-08-14T18:41:58","modified_gmt":"2018-08-14T18:41:58","slug":"rayonnage-en-porte-a-faux","status":"publish","type":"page","link":"https:\/\/etalfort.com\/en\/rayonnage-en-porte-a-faux\/","title":{"rendered":"Rayonnage en porte-\u00e0-faux \u2013 cantilever"},"content":{"rendered":"<p style=\"text-align: justify;\">Peu importe le secteur d\u2019industries dans lequel vous op\u00e9rez, vous avez certainement des archives \u00e0 entreposer. La bonne gestion de ces archives consiste entre autres \u00e0 bien administrer ce stock afin de r\u00e9ussir professionnellement. C\u2019est pourquoi, vous devez redoubler vos efforts dans ce sens afin de de converser la valeur de votre investissement.<\/p>\n<p style=\"text-align: justify;\">Il s\u2019agit donc de faire le bon choix, autrement dit, trouver le rangement le plus ad\u00e9quat qui r\u00e9ponde \u00e0 vos attentes pour \u00e9viter que vos marchandises ne se d\u00e9gradent.<\/p>\n<p style=\"text-align: justify;\">Nous essayerons sur ce site de vous venir en aide, avec des mots simples afin de vous aider strat\u00e9giquement \u00e0 bien choisir votre \u00e9quipement.<\/p>\n<h2 style=\"text-align: justify;\">D\u00e9finition du rack de stockage<\/h2>\n<p style=\"text-align: justify;\">Le rack de rangement est constitu\u00e9 d&#8217;\u00e9l\u00e9ments con\u00e7us pour d\u00e9poser des produits pesants et encombrants. Il se compose de :<\/p>\n<ul style=\"text-align: justify;\">\n<li>poutres,<\/li>\n<li>\u00e9chelles,<\/li>\n<li>Plateformes<\/li>\n<\/ul>\n<h2 style=\"text-align: justify;\">Les types de racks<\/h2>\n<p style=\"text-align: justify;\">Le rayonnage de stockage est sp\u00e9cialement con\u00e7u pour loger tous genres de marchandises, et ce, de diverses tailles.<\/p>\n<h2 style=\"text-align: justify;\">Le rayonnage en porte-\u00e0-faux, cantilever.<\/h2>\n<p style=\"text-align: justify;\">Il est constitu\u00e9 de\u00a0:<\/p>\n<ul style=\"text-align: justify;\">\n<li>panneaux de bois, pr\u00e9fabriqu\u00e9s, placo ;<\/li>\n<li>fardeaux, longerons ;<\/li>\n<li>t\u00f4les, tubes.<\/li>\n<\/ul>\n<p style=\"text-align: justify;\">Le <a href=\"https:\/\/etalfort.com\/\">rayonnage en porte-\u00e0-faux<\/a>, aussi appel\u00e9 cantilever est le rayonnage que vous pouvez trouver <img fetchpriority=\"high\" decoding=\"async\" class=\"alignright wp-image-507\" title=\"rayonnage-porte-a-faux\" src=\"https:\/\/etalfort.com\/wp-content\/uploads\/2018\/08\/cantilever-interieur-300x225.jpg\" alt=\"cantilever-interieur\" width=\"379\" height=\"284\" srcset=\"https:\/\/etalfort.com\/wp-content\/uploads\/2018\/08\/cantilever-interieur-300x225.jpg 300w, https:\/\/etalfort.com\/wp-content\/uploads\/2018\/08\/cantilever-interieur.jpg 600w\" sizes=\"(max-width: 379px) 100vw, 379px\" \/>fr\u00e9quemment dans les cours \u00e0 bois des quincailleries ou dans certains domaines sp\u00e9cialis\u00e9s dans la confection des longerons de m\u00e9tal par exemple.<\/p>\n<p style=\"text-align: justify;\">On utilise ce genre de rayonnage pour emmagasiner des marchandises ou produits de grandeurs plus imposantes. Il n\u2019est pas vraiment con\u00e7u pour accueillir des palettes, mais plut\u00f4t des marchandises peu rigides. Le cantilever est lui aussi souvent confectionn\u00e9 sur mesure en tenant compte de vos besoins. Il est plus on\u00e9reux que le rayonnage simple, mais il est con\u00e7u pour un autre type de stockage.<\/p>\n<p style=\"text-align: justify;\">Nous vous proposons un syst\u00e8me de rayonnage en porte-\u00e0-faux exclusivement confectionn\u00e9 pour r\u00e9pondre aux exigences de rangement usag\u00e9 les plus sophistiqu\u00e9es qui existent sur le march\u00e9.<\/p>\n<p style=\"text-align: justify;\">Notre rayonnage est parfait pour stocker des \u00e9l\u00e9ments longs, courts ou de formes sp\u00e9cifiques, par exemple : feuilles de m\u00e9tal, feuilles de pl\u00e2tre, poutres, etc. En plus, c\u2019est un syst\u00e8me totalement modulaire, cr\u00e9\u00e9 selon vos demandes. Dans tous les cas, nos experts sauront vous guider pour trouver ce type de rayonnage dans l\u2019usag\u00e9.\u00a0 Ce syst\u00e8me personnalis\u00e9 r\u00e9pondra \u00e0 vos exigences tant au niveau esth\u00e9tique, qu\u2019au niveau de la capacit\u00e9\u2026<\/p>\n<p class=\"alignnone\" style=\"text-align: justify;\" title=\"rayonnage-porte-a-faux-ville-montreal\"><img decoding=\"async\" class=\"alignleft wp-image-510\" src=\"https:\/\/etalfort.com\/wp-content\/uploads\/2018\/08\/rayonnage-en-porte-faux-300x225.jpg\" alt=\"rayonnage-en-porte--faux\" width=\"361\" height=\"271\" srcset=\"https:\/\/etalfort.com\/wp-content\/uploads\/2018\/08\/rayonnage-en-porte-faux-300x225.jpg 300w, https:\/\/etalfort.com\/wp-content\/uploads\/2018\/08\/rayonnage-en-porte-faux.jpg 640w\" sizes=\"(max-width: 361px) 100vw, 361px\" \/>Le porte-\u00e0-faux, ou cantilever est solide et variable au niveau des multiples grandeurs des marchandises qui pourront y \u00eatre stock\u00e9es.\u00a0 Le syst\u00e8me en porte-\u00e0-faux accessible par des colonnes d\u2019\u00e9chelles, est tout \u00e0 fait indiqu\u00e9 pour emmagasiner des mat\u00e9riaux encombrants, tout en optimisant votre espace de travail de mani\u00e8re efficace. Le montage et l\u2019impl\u00e9mentation du syst\u00e8me cantilever ne sont pas complexes.\u00a0 Il sera donc facile de l\u2019adapter aux exigences imm\u00e9diates et futures de votre aire de d\u00e9p\u00f4ts.<\/p>\n<p style=\"text-align: justify;\">Le porte-\u00e0-faux est tr\u00e8s utilis\u00e9 pour entreposer des pi\u00e8ces volumineuses et en longueur comme les tubulures, bobines ou mat\u00e9riaux de b\u00e2timent. Fabriqu\u00e9 en acier structural, le cantilever est d\u2019une solidit\u00e9 hors pair, alliant s\u00e9curit\u00e9 et efficience.<\/p>\n<p style=\"text-align: justify;\">Certains accessoires pourront \u00eatre ajout\u00e9s, si cela s\u2019av\u00e8re n\u00e9cessaire, par exemple les bras et les tiges d\u2019arr\u00eat, de m\u00eame que des piliers de supports.<\/p>\n<p style=\"text-align: justify;\">Afin d\u2019optimiser les capacit\u00e9s de charge, le rayonnage peut se trouver avec des niveaux am\u00e9nag\u00e9s sur 1 seul ou sur les 2 deux c\u00f4t\u00e9s du pilier. Les bras du rayonnage pourront \u00eatre r\u00e9gl\u00e9s en hauteur \u00e0 3\u2019\u2019 du centre de la poutre.<\/p>\n<p style=\"text-align: justify;\">Le rayonnage que nous distribuons peut \u00eatre implant\u00e9 \u00e0 l\u2019int\u00e9rieur de votre magasin comme \u00e0 l\u2019ext\u00e9rieur, tout en tenant compte du poids et de l\u2019espace.\u00a0 Mais soyez confiants, nos experts s\u2019assureront de la conformit\u00e9 du rayonnage. Ils sauront vous conseiller le bon choix.<\/p>\n<p style=\"text-align: justify;\">Le porte-\u00e0-faux est un v\u00e9ritable rempart contre les menaces qui pourront endommager vos marchandises. Il diminuera de mani\u00e8re consid\u00e9rable les frais qui r\u00e9sultent de l\u2019utilisation de palettes ou autres supports de transport.<\/p>\n<p style=\"text-align: justify;\">Pour vous permettre d\u2019avoir une meilleure id\u00e9e de notre s\u00e9lection, nous mettons \u00e0 votre disposition la description de certains rayonnage en porte-\u00e0-faux\u00a0:<\/p>\n<h2 style=\"text-align: justify;\">Cantilever l\u00e9ger pour un stockage de marchandises longues :<\/h2>\n<p style=\"text-align: justify;\"><img decoding=\"async\" class=\"aligncenter wp-image-509\" title=\"meilleur rayonnage en porte-a-faux grande r\u00e9gion de montr\u00e9al\" src=\"https:\/\/etalfort.com\/wp-content\/uploads\/2018\/08\/cantilever-lger.jpg\" alt=\"cantilever-lger\" width=\"609\" height=\"496\" srcset=\"https:\/\/etalfort.com\/wp-content\/uploads\/2018\/08\/cantilever-lger.jpg 1228w, https:\/\/etalfort.com\/wp-content\/uploads\/2018\/08\/cantilever-lger-300x244.jpg 300w, https:\/\/etalfort.com\/wp-content\/uploads\/2018\/08\/cantilever-lger-768x625.jpg 768w, https:\/\/etalfort.com\/wp-content\/uploads\/2018\/08\/cantilever-lger-1024x834.jpg 1024w\" sizes=\"(max-width: 609px) 100vw, 609px\" \/><\/p>\n<p style=\"text-align: justify;\">Le rayonnage cantilever l\u00e9ger est une \u00e9tag\u00e8re compos\u00e9e d\u2019\u00e9chelles contrevent\u00e9es, affect\u00e9 pour l\u2019emmagasinage de charges longues et l\u00e9g\u00e8res. Il est plut\u00f4t d\u00e9di\u00e9 au secteur industriel, mais aussi au secteur commercial.<\/p>\n<p style=\"text-align: justify;\"><em>Sp\u00e9cifications du rayonnage porte-\u00e0-faux l\u00e9ger :<\/em><\/p>\n<ul style=\"text-align: justify;\">\n<li>La charge tol\u00e9r\u00e9e du cantilever l\u00e9ger est estim\u00e9e \u00e0 60 kg par bras, pour une charge de 500 kg par pilier.<\/li>\n<li>Hauteur normalis\u00e9e de 2400 m<\/li>\n<li>Bras r\u00e9glables<\/li>\n<li>Rangement simple ou double<\/li>\n<li>Pr\u00e9hension manuelle des articles<\/li>\n<li>Recouvrement m\u00e9tallis\u00e9 ou peint<\/li>\n<\/ul>\n<p style=\"text-align: justify;\">Le porte-\u00e0-faux l\u00e9ger dont le chargement est manuel, peut \u00eatre utilis\u00e9 \u00e0 l\u2019int\u00e9rieur. Si vous avez besoin de stocker \u00e0 l\u2019ext\u00e9rieur, vous pouvez consulter la rubrique consacr\u00e9e au porte-\u00e0-faux pour l\u2019ext\u00e9rieur. Enfin, la connexion n\u2019est pas du tout n\u00e9cessaire entre 2 \u00e9chelles.<\/p>\n<p style=\"text-align: justify;\">Etalfort Inc. offre de vous aider tout au long de votre projet de rangement porte-\u00e0-faux l\u00e9ger, du d\u00e9but \u00e0 la fin, ce qui inclus jusqu\u2019\u00e0 l\u2019implantation finale dans votre aire d\u2019emmagasinage. Alors, n\u2019attendez pas et transmettez-nous ce que vous d\u00e9sirez, nous ne manquerons pas de vous contacter dans les d\u00e9lais les plus courts.<\/p>\n<h2 style=\"text-align: justify;\">Porte-\u00e0-faux super lourds pour rangement en int\u00e9rieur :<\/h2>\n<p style=\"text-align: justify;\">Les rayonnages porte-\u00e0-faux lourds sont faits pour entreposer les charges longues et tr\u00e8s pesantes. Fusionn\u00e9 sans soudure, le rayonnage porte-\u00e0-faux ultra lourd se retrouve en deux variantes\u00a0: simple ou double face, selon vos besoins d\u2019entreposage.<\/p>\n<p class=\"alignnone\" style=\"text-align: justify;\" title=\"rayonnage en porte-a-faux \u00e0 montr\u00e9al\"><img loading=\"lazy\" decoding=\"async\" class=\"alignleft wp-image-511\" src=\"https:\/\/etalfort.com\/wp-content\/uploads\/2018\/08\/rayonnage-lours.jpg\" alt=\"\" width=\"360\" height=\"360\" srcset=\"https:\/\/etalfort.com\/wp-content\/uploads\/2018\/08\/rayonnage-lours.jpg 600w, https:\/\/etalfort.com\/wp-content\/uploads\/2018\/08\/rayonnage-lours-150x150.jpg 150w, https:\/\/etalfort.com\/wp-content\/uploads\/2018\/08\/rayonnage-lours-300x300.jpg 300w, https:\/\/etalfort.com\/wp-content\/uploads\/2018\/08\/rayonnage-lours-1024x1024.jpg 1024w\" sizes=\"(max-width: 360px) 100vw, 360px\" \/>Vous pouvez l\u2019utiliser \u00e0 l\u2019int\u00e9rieur comme \u00e0 l\u2019ext\u00e9rieur. Dans ce dernier cas, des calculs bien d\u00e9termin\u00e9s sont exig\u00e9s pour d\u00e9terminer son degr\u00e9 de r\u00e9sistance aux temp\u00eates de neige et de vents. Le rack de rangement usag\u00e9 con\u00e7u pour l\u2019ext\u00e9rieur peut \u00eatre dot\u00e9 d\u2019une toiture qui pr\u00e9servera les produits que vous d\u00e9sirez y entreposer.<\/p>\n<p style=\"text-align: justify;\">Ainsi, le rayonnage cantilever est l\u2019\u00e9quipement le plus appropri\u00e9 pour le rangement de fardeaux en bois, de profils en m\u00e9tal, ou toutes autres marchandises longues et pesantes.<\/p>\n<p style=\"text-align: justify;\">Les caract\u00e9ristiques du porte-\u00e0-faux :<\/p>\n<ul style=\"text-align: justify;\">\n<li>Poids support\u00e9 jusqu\u2019\u00e0 1,3 tonne par bras pour un total pouvant atteindre les 8 tonnes par pilier<\/li>\n<li>Hauteurs normalis\u00e9es comprises entre 2436 et 7436 mm au pas de 500 mm<\/li>\n<li>Nombreux types de bras et de piliers en fonction des poids \u00e0 entreposer.<\/li>\n<li>Colonnes trou\u00e9es au pas de 100 mm pour r\u00e9gler la hauteur des bras<\/li>\n<li>Porte-\u00e0-faux ultra lourd en support simple ou \u00e0 deux faces<\/li>\n<li>Couverture m\u00e9tallis\u00e9e ou peinte<\/li>\n<\/ul>\n<p style=\"text-align: justify;\">Quant au montage du porte-\u00e0-faux super lourd, soyez assur\u00e9s que nos techniciens accr\u00e9dit\u00e9s s\u2019occuperont de tout.<\/p>\n<p style=\"text-align: justify;\">Alors ne tardez plus contactez-nous, nous vous conseillerons avec plaisir, et nous vous proposerons un devis pour vos exigences de rayonnage cantilever.<\/p>\n<p style=\"text-align: justify;\">\n","protected":false},"excerpt":{"rendered":"<p>Peu importe le secteur d\u2019industries dans lequel vous op\u00e9rez, vous avez certainement des archives \u00e0 entreposer. La bonne gestion de ces archives consiste entre autres \u00e0 bien administrer ce stock afin de r\u00e9ussir professionnellement. C\u2019est pourquoi, vous devez redoubler vos efforts dans ce sens afin de de converser la valeur de votre investissement. Il s\u2019agit [&hellip;]<\/p>\n","protected":false},"author":2,"featured_media":0,"parent":0,"menu_order":0,"comment_status":"closed","ping_status":"closed","template":"","meta":{"_acf_changed":false,"footnotes":""},"acf":[],"yoast_head":"<!-- This site is optimized with the Yoast SEO plugin v22.0 - https:\/\/yoast.com\/wordpress\/plugins\/seo\/ -->\n<title>Choisissez un rayonnage en porte \u00e0 faux de qualit\u00e9.<\/title>\n<meta name=\"description\" content=\"Pour mieux am\u00e9nager l\u2019entrep\u00f4t de votre nouvelle entreprise, optez pour un rayonnage en porte-\u00e0-faux adapt\u00e9 \u00e0 votre exigence.\" \/>\n<meta name=\"robots\" content=\"index, follow, max-snippet:-1, max-image-preview:large, max-video-preview:-1\" \/>\n<link rel=\"canonical\" href=\"https:\/\/etalfort.com\/rayonnage-en-porte-a-faux\/\" \/>\n<meta property=\"og:locale\" content=\"en_US\" \/>\n<meta property=\"og:type\" content=\"article\" \/>\n<meta property=\"og:title\" content=\"Choisissez un rayonnage en porte \u00e0 faux de qualit\u00e9.\" \/>\n<meta property=\"og:description\" content=\"Pour mieux am\u00e9nager l\u2019entrep\u00f4t de votre nouvelle entreprise, optez pour un rayonnage en porte-\u00e0-faux adapt\u00e9 \u00e0 votre exigence.\" \/>\n<meta property=\"og:url\" content=\"https:\/\/etalfort.com\/rayonnage-en-porte-a-faux\/\" \/>\n<meta property=\"og:site_name\" content=\"\u00c9talfort\" \/>\n<meta property=\"article:modified_time\" content=\"2018-08-14T18:41:58+00:00\" \/>\n<meta property=\"og:image\" content=\"https:\/\/etalfort.com\/wp-content\/uploads\/2018\/08\/cantilever-interieur-300x225.jpg\" \/>\n<meta name=\"twitter:card\" content=\"summary_large_image\" \/>\n<meta name=\"twitter:label1\" content=\"Est. reading time\" \/>\n\t<meta name=\"twitter:data1\" content=\"6 minutes\" \/>\n<script type=\"application\/ld+json\" class=\"yoast-schema-graph\">{\"@context\":\"https:\/\/schema.org\",\"@graph\":[{\"@type\":\"WebPage\",\"@id\":\"https:\/\/etalfort.com\/rayonnage-en-porte-a-faux\/\",\"url\":\"https:\/\/etalfort.com\/rayonnage-en-porte-a-faux\/\",\"name\":\"Choisissez un rayonnage en porte \u00e0 faux de qualit\u00e9.\",\"isPartOf\":{\"@id\":\"https:\/\/etalfort.com\/#website\"},\"datePublished\":\"2018-08-14T15:20:00+00:00\",\"dateModified\":\"2018-08-14T18:41:58+00:00\",\"description\":\"Pour mieux am\u00e9nager l\u2019entrep\u00f4t de votre nouvelle entreprise, optez pour un rayonnage en porte-\u00e0-faux adapt\u00e9 \u00e0 votre exigence.\",\"breadcrumb\":{\"@id\":\"https:\/\/etalfort.com\/rayonnage-en-porte-a-faux\/#breadcrumb\"},\"inLanguage\":\"en-US\",\"potentialAction\":[{\"@type\":\"ReadAction\",\"target\":[\"https:\/\/etalfort.com\/rayonnage-en-porte-a-faux\/\"]}]},{\"@type\":\"BreadcrumbList\",\"@id\":\"https:\/\/etalfort.com\/rayonnage-en-porte-a-faux\/#breadcrumb\",\"itemListElement\":[{\"@type\":\"ListItem\",\"position\":1,\"name\":\"Home\",\"item\":\"https:\/\/etalfort.com\/en\/\"},{\"@type\":\"ListItem\",\"position\":2,\"name\":\"Rayonnage en porte-\u00e0-faux \u2013 cantilever\"}]},{\"@type\":\"WebSite\",\"@id\":\"https:\/\/etalfort.com\/#website\",\"url\":\"https:\/\/etalfort.com\/\",\"name\":\"\u00c9talfort\",\"description\":\"Racking et \u00e9tag\u00e8re usag\u00e9s\",\"potentialAction\":[{\"@type\":\"SearchAction\",\"target\":{\"@type\":\"EntryPoint\",\"urlTemplate\":\"https:\/\/etalfort.com\/?s={search_term_string}\"},\"query-input\":\"required name=search_term_string\"}],\"inLanguage\":\"en-US\"}]}<\/script>\n<!-- \/ Yoast SEO plugin. -->","yoast_head_json":{"title":"Choisissez un rayonnage en porte \u00e0 faux de qualit\u00e9.","description":"Pour mieux am\u00e9nager l\u2019entrep\u00f4t de votre nouvelle entreprise, optez pour un rayonnage en porte-\u00e0-faux adapt\u00e9 \u00e0 votre exigence.","robots":{"index":"index","follow":"follow","max-snippet":"max-snippet:-1","max-image-preview":"max-image-preview:large","max-video-preview":"max-video-preview:-1"},"canonical":"https:\/\/etalfort.com\/rayonnage-en-porte-a-faux\/","og_locale":"en_US","og_type":"article","og_title":"Choisissez un rayonnage en porte \u00e0 faux de qualit\u00e9.","og_description":"Pour mieux am\u00e9nager l\u2019entrep\u00f4t de votre nouvelle entreprise, optez pour un rayonnage en porte-\u00e0-faux adapt\u00e9 \u00e0 votre exigence.","og_url":"https:\/\/etalfort.com\/rayonnage-en-porte-a-faux\/","og_site_name":"\u00c9talfort","article_modified_time":"2018-08-14T18:41:58+00:00","og_image":[{"url":"https:\/\/etalfort.com\/wp-content\/uploads\/2018\/08\/cantilever-interieur-300x225.jpg"}],"twitter_card":"summary_large_image","twitter_misc":{"Est. reading time":"6 minutes"},"schema":{"@context":"https:\/\/schema.org","@graph":[{"@type":"WebPage","@id":"https:\/\/etalfort.com\/rayonnage-en-porte-a-faux\/","url":"https:\/\/etalfort.com\/rayonnage-en-porte-a-faux\/","name":"Choisissez un rayonnage en porte \u00e0 faux de qualit\u00e9.","isPartOf":{"@id":"https:\/\/etalfort.com\/#website"},"datePublished":"2018-08-14T15:20:00+00:00","dateModified":"2018-08-14T18:41:58+00:00","description":"Pour mieux am\u00e9nager l\u2019entrep\u00f4t de votre nouvelle entreprise, optez pour un rayonnage en porte-\u00e0-faux adapt\u00e9 \u00e0 votre exigence.","breadcrumb":{"@id":"https:\/\/etalfort.com\/rayonnage-en-porte-a-faux\/#breadcrumb"},"inLanguage":"en-US","potentialAction":[{"@type":"ReadAction","target":["https:\/\/etalfort.com\/rayonnage-en-porte-a-faux\/"]}]},{"@type":"BreadcrumbList","@id":"https:\/\/etalfort.com\/rayonnage-en-porte-a-faux\/#breadcrumb","itemListElement":[{"@type":"ListItem","position":1,"name":"Home","item":"https:\/\/etalfort.com\/en\/"},{"@type":"ListItem","position":2,"name":"Rayonnage en porte-\u00e0-faux \u2013 cantilever"}]},{"@type":"WebSite","@id":"https:\/\/etalfort.com\/#website","url":"https:\/\/etalfort.com\/","name":"\u00c9talfort","description":"Racking et \u00e9tag\u00e8re usag\u00e9s","potentialAction":[{"@type":"SearchAction","target":{"@type":"EntryPoint","urlTemplate":"https:\/\/etalfort.com\/?s={search_term_string}"},"query-input":"required name=search_term_string"}],"inLanguage":"en-US"}]}},"_links":{"self":[{"href":"https:\/\/etalfort.com\/en\/wp-json\/wp\/v2\/pages\/505"}],"collection":[{"href":"https:\/\/etalfort.com\/en\/wp-json\/wp\/v2\/pages"}],"about":[{"href":"https:\/\/etalfort.com\/en\/wp-json\/wp\/v2\/types\/page"}],"author":[{"embeddable":true,"href":"https:\/\/etalfort.com\/en\/wp-json\/wp\/v2\/users\/2"}],"replies":[{"embeddable":true,"href":"https:\/\/etalfort.com\/en\/wp-json\/wp\/v2\/comments?post=505"}],"version-history":[{"count":5,"href":"https:\/\/etalfort.com\/en\/wp-json\/wp\/v2\/pages\/505\/revisions"}],"predecessor-version":[{"id":526,"href":"https:\/\/etalfort.com\/en\/wp-json\/wp\/v2\/pages\/505\/revisions\/526"}],"wp:attachment":[{"href":"https:\/\/etalfort.com\/en\/wp-json\/wp\/v2\/media?parent=505"}],"curies":[{"name":"wp","href":"https:\/\/api.w.org\/{rel}","templated":true}]}}