{"id":467,"date":"2018-08-14T14:19:23","date_gmt":"2018-08-14T14:19:23","guid":{"rendered":"https:\/\/etalfort.com\/?page_id=467"},"modified":"2018-08-14T18:09:27","modified_gmt":"2018-08-14T18:09:27","slug":"racks-usages","status":"publish","type":"page","link":"https:\/\/etalfort.com\/en\/racks-usages\/","title":{"rendered":"Les diff\u00e9rents types de racks usag\u00e9s"},"content":{"rendered":"<ul>\n<li>\n<h2><strong>Rayonnage pour v\u00eatements pour rangement sur cintres<\/strong><\/h2>\n<\/li>\n<\/ul>\n<p align=\"justify\"><img fetchpriority=\"high\" decoding=\"async\" class=\"alignleft wp-image-468 size-full\" title=\"rack-usage\" src=\"https:\/\/etalfort.com\/wp-content\/uploads\/2018\/08\/rayonnage-vetements.jpg\" alt=\"\" width=\"360\" height=\"360\" srcset=\"https:\/\/etalfort.com\/wp-content\/uploads\/2018\/08\/rayonnage-vetements.jpg 360w, https:\/\/etalfort.com\/wp-content\/uploads\/2018\/08\/rayonnage-vetements-150x150.jpg 150w, https:\/\/etalfort.com\/wp-content\/uploads\/2018\/08\/rayonnage-vetements-300x300.jpg 300w, https:\/\/etalfort.com\/wp-content\/uploads\/2018\/08\/rayonnage-vetements-1024x1024.jpg 1024w\" sizes=\"(max-width: 360px) 100vw, 360px\" \/>Il vous est certainement arriv\u00e9 de rencontrer des difficult\u00e9s pour entreposer vos v\u00eatements, car ce que vous d\u00e9sirez essentiellement, c\u2019est optimiser votre espace et pouvoir l\u2019exploiter dans son moindre recoin afin de pouvoir y circuler librement.\u00a0 Nous comprenons vos besoins.\u00a0 Nous savons aussi qu\u2019il y a souvent des contraintes budg\u00e9taires. Comment faire\u00a0votre choix alors ? Nous avons peut-\u00eatre la solution, un de nos <a href=\"https:\/\/etalfort.com\/\">racks usag\u00e9s<\/a> semi-lourd pour entreposer vos v\u00eatements sur des cintres.<\/p>\n<p align=\"justify\">C\u2019est un rayonnage qui s\u2019adapte parfaitement pour les rangements au niveau du sol, mais vous pouvez le trouver pour un stockage sur deux ou trois \u00e9tages, avec des all\u00e9es pour circuler librement.<\/p>\n<p align=\"justify\">Le rayonnage dispose de longerons bien \u00e9tudi\u00e9s pour accueillir la penderie, o\u00f9 vous pouvez entreposer en toute qui\u00e9tude tous vos v\u00eatements suspendus sur des cintres. Nous vous proposons diff\u00e9rents mod\u00e8les de rayonnage pour v\u00eatements afin de r\u00e9pondre \u00e0 toutes les demandes sur le march\u00e9.<\/p>\n<p>Pour r\u00e9sumer, le rayonnage pour v\u00eatements c\u2019est\u00a0:<\/p>\n<p>&#8211; Longerons bien \u00e9tudi\u00e9s<\/p>\n<p>&#8211; R\u00e9glage au pas de 75mm<\/p>\n<p>&#8211; Une panoplie int\u00e9ressante avec plusieurs grandeurs de racks<\/p>\n<p>&#8211; Jusqu&#8217;\u00e0 3 paliers de passerelles<\/p>\n<p align=\"justify\">Nos racks usag\u00e9s sont v\u00e9rifi\u00e9s avec soin, et les prix sont tr\u00e8s abordables.\u00a0\u00a0 Il ne vous reste donc, qu\u2019\u00e0 faire votre demande devis.\u00a0 Ce service est gratuit et sans engagement\u00a0de votre part.\u00a0 De plus, nous livrons et montons votre rayonnage dans les plus brefs d\u00e9lais une fois la commande plac\u00e9e.<\/p>\n<p align=\"justify\">Cherchez-vous aussi \u00e0 entreposer des marchandises plut\u00f4t lourdes ? Pour le rangement de marchandises semi-lourdes, nous vous proposons le rayonnage que l\u2019on surnomme mi-lourd, et vous pouvez le retrouver \u00e9galement dans l\u2019usag\u00e9.<\/p>\n<ul>\n<li>\n<h2><strong>Rayonnage polyvalent \u00e9conomique<\/strong><\/h2>\n<\/li>\n<\/ul>\n<p align=\"justify\"><img decoding=\"async\" class=\"alignright wp-image-471\" title=\"rack-usage-region-montreal\" src=\"https:\/\/etalfort.com\/wp-content\/uploads\/2018\/08\/rayonnages-polyvalents.jpg\" alt=\"\" width=\"325\" height=\"325\" srcset=\"https:\/\/etalfort.com\/wp-content\/uploads\/2018\/08\/rayonnages-polyvalents.jpg 458w, https:\/\/etalfort.com\/wp-content\/uploads\/2018\/08\/rayonnages-polyvalents-150x150.jpg 150w, https:\/\/etalfort.com\/wp-content\/uploads\/2018\/08\/rayonnages-polyvalents-300x300.jpg 300w, https:\/\/etalfort.com\/wp-content\/uploads\/2018\/08\/rayonnages-polyvalents-1024x1024.jpg 1024w\" sizes=\"(max-width: 325px) 100vw, 325px\" \/>Le rayonnage industriel R.A.P ou rayonnage auto-stable profil\u00e9 permet d\u2019entreposer tous genres de marchandises de poids l\u00e9gers et moyens. C\u2019est un des rayonnages en m\u00e9tal qui offre un tr\u00e8s bon rapport qualit\u00e9\/prix par rapport \u00e0 la cote du march\u00e9. Il vous permettra d\u2019entreposer diff\u00e9rents produits \u00e0 un co\u00fbt tr\u00e8s bas.<\/p>\n<p align=\"justify\">Ce rack polyvalent se trouve dans diverses dimensions et couleurs afin de satisfaire les demandes des clients et pour combler tous leurs besoins en mati\u00e8re de rangement. Les niveaux de rangement du RAP sont constitu\u00e9s de barreaux en m\u00e9tal et de dessus avec des fibres dures de bois. Le poids tol\u00e9r\u00e9, peut atteindre jusqu\u2019\u00e0 200 kg par niveau, distribu\u00e9 de mani\u00e8re uniforme, selon le mod\u00e8le du rack.<\/p>\n<p>En bref, que peut-on retenir \u00e0 propos de ce type de rayonnage\u00a0?<\/p>\n<p>&#8211;\u00a0 Il est \u00e9conomique<\/p>\n<p>&#8211; L\u2019assemblage se fait sans outils<\/p>\n<p>&#8211; Il est anticorrosion<\/p>\n<p>&#8211; Il se r\u00e8gle au pas de vingt-cinq mm.<\/p>\n<p align=\"justify\">Si vous voulez entreposer vos produits dans de tr\u00e8s bonnes conditions et ce, \u00e0 petits prix, n\u2019attendez plus! Il suffit de faire votre demande de devis pour un rayonnage polyvalent, c\u2019est gratuit et sans engagement de votre part. Vous aurez une r\u00e9ponse dans les plus brefs d\u00e9lais.<\/p>\n<p align=\"justify\">Pour le rangement manuel des marchandises plus pesantes et encombrantes, nous vous conseillons le rayonnage mi-lourd industriel.<\/p>\n<ul>\n<li>\n<h2><strong>Rayonnage polyvalent tubulaire<\/strong><\/h2>\n<\/li>\n<\/ul>\n<p align=\"justify\">Le rack cylindrique polyvalent, modulable, est parfait pour entreposer des produits l\u00e9gers dans diff\u00e9rents endroits tels que magasins, entrep\u00f4ts industriels.<\/p>\n<p align=\"justify\">Le rayonnage tubulaire tr\u00e8s solide vous permettra d\u2019emmagasiner des marchandises imposantes, puisque le poids tol\u00e9r\u00e9 est de l\u2019ordre de 270 kg par niveau selon la grandeur.<\/p>\n<p align=\"justify\">Avec le rack tubuleux, vous pouvez faire de l\u2019\u00e9l\u00e9vation sur passerelle pour aboutir \u00e0 deux niveaux de rangement. Gr\u00e2ce \u00e0 ce type de rangement, vous pourrez emmagasiner plus de marchandises tout en optimisant la surface.<\/p>\n<p>&nbsp;<\/p>\n<p><img decoding=\"async\" class=\"alignright wp-image-473 size-full\" title=\"racks-usag\u00e9s-montreal\" src=\"https:\/\/etalfort.com\/wp-content\/uploads\/2018\/08\/rayonnages-polyvalents-1.jpg\" alt=\"\" width=\"1170\" height=\"675\" srcset=\"https:\/\/etalfort.com\/wp-content\/uploads\/2018\/08\/rayonnages-polyvalents-1.jpg 1170w, https:\/\/etalfort.com\/wp-content\/uploads\/2018\/08\/rayonnages-polyvalents-1-300x173.jpg 300w, https:\/\/etalfort.com\/wp-content\/uploads\/2018\/08\/rayonnages-polyvalents-1-768x443.jpg 768w, https:\/\/etalfort.com\/wp-content\/uploads\/2018\/08\/rayonnages-polyvalents-1-1024x591.jpg 1024w\" sizes=\"(max-width: 1170px) 100vw, 1170px\" \/><\/p>\n<p>Pour conclure, voil\u00e0 ce que vous pouvez retenir essentiellement sur le rayonnage tubulaire :<\/p>\n<p>&#8211; Montage facile sans outil<\/p>\n<p>&#8211; Doubles niveaux<\/p>\n<p>&#8211; Poids tol\u00e9r\u00e9 jusqu\u2019\u00e0 270 kg par niveau<\/p>\n<p>&#8211; Plusieurs accessoires<\/p>\n<p align=\"justify\">Si vous \u00eates int\u00e9ress\u00e9s par ce type de rayonnage, vous pouvez demander un devis et consulter nos prix et conditions. Evidemment, le devis est gratuit et sans engagement de votre part. En plus, nous nous occuperons de tout.<\/p>\n<p align=\"justify\">Si vous avez besoin d\u2019entreposer des marchandises moins pesantes et que vous recherchez un rayonnage \u00e9conomique, nous vous sugg\u00e9rons, dans ce cas, le rayonnage polyvalent \u00e9conomique.<\/p>\n<ul>\n<li>\n<h2><strong>Rayonnage m\u00e9tallis\u00e9 : professionnel,<\/strong> <strong>polyvalent et industriel<\/strong><\/h2>\n<\/li>\n<\/ul>\n<p align=\"justify\"><img loading=\"lazy\" decoding=\"async\" class=\"alignleft wp-image-470 size-full\" title=\"racks usages dans la ville de montreal\" src=\"https:\/\/etalfort.com\/wp-content\/uploads\/2018\/08\/rayonnage-mtallis.jpg\" alt=\"\" width=\"300\" height=\"300\" srcset=\"https:\/\/etalfort.com\/wp-content\/uploads\/2018\/08\/rayonnage-mtallis.jpg 300w, https:\/\/etalfort.com\/wp-content\/uploads\/2018\/08\/rayonnage-mtallis-150x150.jpg 150w, https:\/\/etalfort.com\/wp-content\/uploads\/2018\/08\/rayonnage-mtallis-1024x1024.jpg 1024w\" sizes=\"(max-width: 300px) 100vw, 300px\" \/>Il est sp\u00e9cialement con\u00e7u pour les environnements industriels. Gr\u00e2ce \u00e0 ce rayonnage en m\u00e9tal, vous pouvez entreposer des produits l\u00e9gers et mi-lourds. Il est compos\u00e9 de montants en acier m\u00e9tallis\u00e9 ou peint et de tablettes m\u00e9tallis\u00e9es que vous pouvez r\u00e9gler sur tasseaux.<\/p>\n<p align=\"justify\">Gr\u00e2ce \u00e0 sa structure totalement m\u00e9tallique, le rayonnage industriel est tr\u00e8s solide et tr\u00e8s s\u00e9curitaire. Vous pourrez y ranger sans contrainte, ni restriction toutes vos marchandises et articles industriels. Le poids tol\u00e9r\u00e9 du rack peut aller jusqu\u2019\u00e0 300 kg par niveau.<\/p>\n<p align=\"justify\">Vous le retrouverez en plusieurs grandeurs, et ainsi vos besoins pour ce type de rack seront combl\u00e9s. Enfin, vous pouvez positionner facilement vos tablettes m\u00e9talliques, avec une mise au pas de 25 mm<\/p>\n<p>Les caract\u00e9ristiques du rayonnage \u00e0 retenir :<\/p>\n<p>&#8211; Robuste, avec un beau design<\/p>\n<p>&#8211; Tablettes en m\u00e9tal ajustables au pas de 25mm<\/p>\n<p>&#8211; Poids support\u00e9 jusqu\u2019\u00e0 300 kg par niveau<\/p>\n<p>&#8211; Anticorrosion<\/p>\n<p>&#8211; Les 2 faces du rayonnage m\u00e9tallis\u00e9es sont exploitables<\/p>\n<p align=\"justify\">Soyez assur\u00e9s que nous vous conseillerons tout au long de la proc\u00e9dure d\u2019achat de rayonnage de stockage. Autrement dit, une \u00e9tude personnalis\u00e9e de vos besoins, jusqu\u2019au montage du rack dans votre espace de rangement de marchandises vous sera offerte. N\u2019attendez plus et envoyez-nous votre demande de devis, elle est gratuite et sans engagement de votre part.<\/p>\n<p align=\"justify\">Pour entreposer des marchandises l\u00e9g\u00e8res jusqu\u2019\u00e0 200 kg maximum par niveau, nous vous conseillons le rayonnage polyvalent galvanis\u00e9.<\/p>\n<ul>\n<li>\n<h2><strong>Rayonnages semi-lourds, charges semi-lourdes<\/strong><\/h2>\n<\/li>\n<\/ul>\n<p align=\"justify\">R\u00e9sistant et s\u00e9curitaire, le rayonnage semi-lourd est con\u00e7u pour l\u2019entreposage de marchandises volumineuses et mod\u00e9r\u00e9ment lourdes, comprises entre 300 \u00e0 1000 kg par niveau.<\/p>\n<p align=\"justify\">Le rack mi-lourd permettra entre autres d\u2019entreposer des bo\u00eetes, cartons encombrants, pi\u00e8ces d\u00e9tach\u00e9es et\/ou pneumatiques.<\/p>\n<p align=\"justify\">Notre entreprise mettra \u00e0 votre disposition une multitude de grandeurs possibles pour le rayonnage mi-lourd, notre but \u00e9tant de r\u00e9pondre \u00e0 tous les besoins de rangement.<\/p>\n<p><img loading=\"lazy\" decoding=\"async\" class=\"alignright wp-image-469\" title=\"rack usage dans la grande region de montreal\" src=\"https:\/\/etalfort.com\/wp-content\/uploads\/2018\/08\/rayonnage-semi-lourd.jpg\" alt=\"\" width=\"346\" height=\"358\" srcset=\"https:\/\/etalfort.com\/wp-content\/uploads\/2018\/08\/rayonnage-semi-lourd.jpg 562w, https:\/\/etalfort.com\/wp-content\/uploads\/2018\/08\/rayonnage-semi-lourd-290x300.jpg 290w\" sizes=\"(max-width: 346px) 100vw, 346px\" \/>En bref, ce rayonnage comporte beaucoup d\u2019avantages\u00a0:<\/p>\n<p>&#8211; Entreposer des produits diversifi\u00e9s et volumineux<\/p>\n<p>&#8211; Charge support\u00e9e jusqu&#8217;\u00e0 1000 kg par niveau<\/p>\n<p>&#8211; Ajustement au pas de 75 mm<\/p>\n<p>&#8211; S\u00e9lection du platelage : pr\u00e9fabriqu\u00e9 (bois) ou en m\u00e9tal<\/p>\n<p>&#8211; S\u00e9lection des grandeurs et des couleurs<\/p>\n<p align=\"justify\">Si ce rayonnage vous convient et correspond \u00e0 vos besoins, transmettez-nous votre demande devis pour rayonnage mi-lourd, c\u2019est gratuit et sans engagement de votre part !<\/p>\n<p align=\"justify\">Par ailleurs, sachez que nous vous accompagnerons dans votre recherche, du d\u00e9but jusqu\u2019\u00e0 l\u2019implantation du rayonnage choisi dans votre aire de stockage.<\/p>\n","protected":false},"excerpt":{"rendered":"<p>Rayonnage pour v\u00eatements pour rangement sur cintres Il vous est certainement arriv\u00e9 de rencontrer des difficult\u00e9s pour entreposer vos v\u00eatements, car ce que vous d\u00e9sirez essentiellement, c\u2019est optimiser votre espace et pouvoir l\u2019exploiter dans son moindre recoin afin de pouvoir y circuler librement.\u00a0 Nous comprenons vos besoins.\u00a0 Nous savons aussi qu\u2019il y a souvent des [&hellip;]<\/p>\n","protected":false},"author":2,"featured_media":0,"parent":0,"menu_order":0,"comment_status":"closed","ping_status":"closed","template":"","meta":{"_acf_changed":false,"footnotes":""},"acf":[],"yoast_head":"<!-- This site is optimized with the Yoast SEO plugin v22.0 - https:\/\/yoast.com\/wordpress\/plugins\/seo\/ -->\n<title>Optez pour l\u2019un des racks usag\u00e9s de notre soci\u00e9t\u00e9<\/title>\n<meta name=\"description\" content=\"Pour mieux am\u00e9nager votre bureau, contactez-nous pour choisir des racks usag\u00e9s adapt\u00e9s \u00e0 vos besoins. Nous pouvons vous aider pour l\u2019installation.\" \/>\n<meta name=\"robots\" content=\"index, follow, max-snippet:-1, max-image-preview:large, max-video-preview:-1\" \/>\n<link rel=\"canonical\" href=\"https:\/\/etalfort.com\/racks-usages\/\" \/>\n<meta property=\"og:locale\" content=\"en_US\" \/>\n<meta property=\"og:type\" content=\"article\" \/>\n<meta property=\"og:title\" content=\"Optez pour l\u2019un des racks usag\u00e9s de notre soci\u00e9t\u00e9\" \/>\n<meta property=\"og:description\" content=\"Pour mieux am\u00e9nager votre bureau, contactez-nous pour choisir des racks usag\u00e9s adapt\u00e9s \u00e0 vos besoins. Nous pouvons vous aider pour l\u2019installation.\" \/>\n<meta property=\"og:url\" content=\"https:\/\/etalfort.com\/racks-usages\/\" \/>\n<meta property=\"og:site_name\" content=\"\u00c9talfort\" \/>\n<meta property=\"article:modified_time\" content=\"2018-08-14T18:09:27+00:00\" \/>\n<meta property=\"og:image\" content=\"https:\/\/etalfort.com\/wp-content\/uploads\/2018\/08\/rayonnage-vetements.jpg\" \/>\n<meta name=\"twitter:card\" content=\"summary_large_image\" \/>\n<meta name=\"twitter:label1\" content=\"Est. reading time\" \/>\n\t<meta name=\"twitter:data1\" content=\"6 minutes\" \/>\n<script type=\"application\/ld+json\" class=\"yoast-schema-graph\">{\"@context\":\"https:\/\/schema.org\",\"@graph\":[{\"@type\":\"WebPage\",\"@id\":\"https:\/\/etalfort.com\/racks-usages\/\",\"url\":\"https:\/\/etalfort.com\/racks-usages\/\",\"name\":\"Optez pour l\u2019un des racks usag\u00e9s de notre soci\u00e9t\u00e9\",\"isPartOf\":{\"@id\":\"https:\/\/etalfort.com\/#website\"},\"datePublished\":\"2018-08-14T14:19:23+00:00\",\"dateModified\":\"2018-08-14T18:09:27+00:00\",\"description\":\"Pour mieux am\u00e9nager votre bureau, contactez-nous pour choisir des racks usag\u00e9s adapt\u00e9s \u00e0 vos besoins. Nous pouvons vous aider pour l\u2019installation.\",\"breadcrumb\":{\"@id\":\"https:\/\/etalfort.com\/racks-usages\/#breadcrumb\"},\"inLanguage\":\"en-US\",\"potentialAction\":[{\"@type\":\"ReadAction\",\"target\":[\"https:\/\/etalfort.com\/racks-usages\/\"]}]},{\"@type\":\"BreadcrumbList\",\"@id\":\"https:\/\/etalfort.com\/racks-usages\/#breadcrumb\",\"itemListElement\":[{\"@type\":\"ListItem\",\"position\":1,\"name\":\"Home\",\"item\":\"https:\/\/etalfort.com\/en\/\"},{\"@type\":\"ListItem\",\"position\":2,\"name\":\"Les diff\u00e9rents types de racks usag\u00e9s\"}]},{\"@type\":\"WebSite\",\"@id\":\"https:\/\/etalfort.com\/#website\",\"url\":\"https:\/\/etalfort.com\/\",\"name\":\"\u00c9talfort\",\"description\":\"Racking et \u00e9tag\u00e8re usag\u00e9s\",\"potentialAction\":[{\"@type\":\"SearchAction\",\"target\":{\"@type\":\"EntryPoint\",\"urlTemplate\":\"https:\/\/etalfort.com\/?s={search_term_string}\"},\"query-input\":\"required name=search_term_string\"}],\"inLanguage\":\"en-US\"}]}<\/script>\n<!-- \/ Yoast SEO plugin. -->","yoast_head_json":{"title":"Optez pour l\u2019un des racks usag\u00e9s de notre soci\u00e9t\u00e9","description":"Pour mieux am\u00e9nager votre bureau, contactez-nous pour choisir des racks usag\u00e9s adapt\u00e9s \u00e0 vos besoins. Nous pouvons vous aider pour l\u2019installation.","robots":{"index":"index","follow":"follow","max-snippet":"max-snippet:-1","max-image-preview":"max-image-preview:large","max-video-preview":"max-video-preview:-1"},"canonical":"https:\/\/etalfort.com\/racks-usages\/","og_locale":"en_US","og_type":"article","og_title":"Optez pour l\u2019un des racks usag\u00e9s de notre soci\u00e9t\u00e9","og_description":"Pour mieux am\u00e9nager votre bureau, contactez-nous pour choisir des racks usag\u00e9s adapt\u00e9s \u00e0 vos besoins. Nous pouvons vous aider pour l\u2019installation.","og_url":"https:\/\/etalfort.com\/racks-usages\/","og_site_name":"\u00c9talfort","article_modified_time":"2018-08-14T18:09:27+00:00","og_image":[{"url":"https:\/\/etalfort.com\/wp-content\/uploads\/2018\/08\/rayonnage-vetements.jpg"}],"twitter_card":"summary_large_image","twitter_misc":{"Est. reading time":"6 minutes"},"schema":{"@context":"https:\/\/schema.org","@graph":[{"@type":"WebPage","@id":"https:\/\/etalfort.com\/racks-usages\/","url":"https:\/\/etalfort.com\/racks-usages\/","name":"Optez pour l\u2019un des racks usag\u00e9s de notre soci\u00e9t\u00e9","isPartOf":{"@id":"https:\/\/etalfort.com\/#website"},"datePublished":"2018-08-14T14:19:23+00:00","dateModified":"2018-08-14T18:09:27+00:00","description":"Pour mieux am\u00e9nager votre bureau, contactez-nous pour choisir des racks usag\u00e9s adapt\u00e9s \u00e0 vos besoins. Nous pouvons vous aider pour l\u2019installation.","breadcrumb":{"@id":"https:\/\/etalfort.com\/racks-usages\/#breadcrumb"},"inLanguage":"en-US","potentialAction":[{"@type":"ReadAction","target":["https:\/\/etalfort.com\/racks-usages\/"]}]},{"@type":"BreadcrumbList","@id":"https:\/\/etalfort.com\/racks-usages\/#breadcrumb","itemListElement":[{"@type":"ListItem","position":1,"name":"Home","item":"https:\/\/etalfort.com\/en\/"},{"@type":"ListItem","position":2,"name":"Les diff\u00e9rents types de racks usag\u00e9s"}]},{"@type":"WebSite","@id":"https:\/\/etalfort.com\/#website","url":"https:\/\/etalfort.com\/","name":"\u00c9talfort","description":"Racking et \u00e9tag\u00e8re usag\u00e9s","potentialAction":[{"@type":"SearchAction","target":{"@type":"EntryPoint","urlTemplate":"https:\/\/etalfort.com\/?s={search_term_string}"},"query-input":"required name=search_term_string"}],"inLanguage":"en-US"}]}},"_links":{"self":[{"href":"https:\/\/etalfort.com\/en\/wp-json\/wp\/v2\/pages\/467"}],"collection":[{"href":"https:\/\/etalfort.com\/en\/wp-json\/wp\/v2\/pages"}],"about":[{"href":"https:\/\/etalfort.com\/en\/wp-json\/wp\/v2\/types\/page"}],"author":[{"embeddable":true,"href":"https:\/\/etalfort.com\/en\/wp-json\/wp\/v2\/users\/2"}],"replies":[{"embeddable":true,"href":"https:\/\/etalfort.com\/en\/wp-json\/wp\/v2\/comments?post=467"}],"version-history":[{"count":3,"href":"https:\/\/etalfort.com\/en\/wp-json\/wp\/v2\/pages\/467\/revisions"}],"predecessor-version":[{"id":515,"href":"https:\/\/etalfort.com\/en\/wp-json\/wp\/v2\/pages\/467\/revisions\/515"}],"wp:attachment":[{"href":"https:\/\/etalfort.com\/en\/wp-json\/wp\/v2\/media?parent=467"}],"curies":[{"name":"wp","href":"https:\/\/api.w.org\/{rel}","templated":true}]}}