{"id":460,"date":"2018-08-14T13:43:56","date_gmt":"2018-08-14T13:43:56","guid":{"rendered":"https:\/\/etalfort.com\/?page_id=460"},"modified":"2018-08-14T19:05:09","modified_gmt":"2018-08-14T19:05:09","slug":"racking-usage","status":"publish","type":"page","link":"https:\/\/etalfort.com\/en\/racking-usage\/","title":{"rendered":"Rayonnage usag\u00e9 ou Rayonnage neuf ?"},"content":{"rendered":"<p align=\"justify\"><img fetchpriority=\"high\" decoding=\"async\" class=\"alignleft wp-image-461\" title=\"racking usag\u00e9 \u00e0 montr\u00e9al\" src=\"https:\/\/etalfort.com\/wp-content\/uploads\/2018\/08\/rayonnage-usag.jpg\" alt=\"\" width=\"400\" height=\"300\" srcset=\"https:\/\/etalfort.com\/wp-content\/uploads\/2018\/08\/rayonnage-usag.jpg 640w, https:\/\/etalfort.com\/wp-content\/uploads\/2018\/08\/rayonnage-usag-300x225.jpg 300w\" sizes=\"(max-width: 400px) 100vw, 400px\" \/>Vous projetez d\u2019installer un rayonnage. Vous avez des produits \u00e0 organiser dans votre entrep\u00f4t\u00a0? Quel type de rayonnage devriez-vous utiliser\u00a0? <a href=\"https:\/\/etalfort.com\">Racking usag\u00e9<\/a> ou neuf ?<\/p>\n<p align=\"justify\">Que choisir et quand choisir\u00a0? Ou alors, doit-on opter pour acheter indiff\u00e9remment, sans aucun crit\u00e8re\u00a0?\u00a0 Doit-on suivre l\u2019id\u00e9e re\u00e7ue que tout ce qui est neuf est \u00e0 privil\u00e9gier\u00a0?\u00a0 Ou encore, est-ce que l\u2019usag\u00e9 est un bon plan, de loin tr\u00e8s avantageux p\u00e9cuniairement parlant\u00a0?<\/p>\n<p align=\"justify\">Nous nous permettons ici de vous guider dans votre choix et de r\u00e9v\u00e9ler les avantages du rayonnage usag\u00e9.<\/p>\n<p align=\"justify\">De plus, nous vous invitons \u00e0 consulter notre entreprise, afin que nous vous aidions \u00e0 faire le bon choix.<\/p>\n<p align=\"justify\">Vous trouverez ici des r\u00e9ponses claires et pr\u00e9cises sur vos interrogations et de cette mani\u00e8re vous saurez quel rayonnage (usag\u00e9 ou neuf) est susceptible de mieux r\u00e9pondre \u00e0 vos besoins.<\/p>\n<h2><strong>Ce que vous devriez surtout savoir avant d\u2019acheter\u00a0:<\/strong><\/h2>\n<p class=\"alignnone\" title=\"racking usag\u00e9 ville de montr\u00e9al\" align=\"justify\"><img decoding=\"async\" class=\"alignright size-full wp-image-462\" src=\"https:\/\/etalfort.com\/wp-content\/uploads\/2018\/08\/redirack.jpg\" alt=\"\" width=\"350\" height=\"350\" srcset=\"https:\/\/etalfort.com\/wp-content\/uploads\/2018\/08\/redirack.jpg 350w, https:\/\/etalfort.com\/wp-content\/uploads\/2018\/08\/redirack-150x150.jpg 150w, https:\/\/etalfort.com\/wp-content\/uploads\/2018\/08\/redirack-300x300.jpg 300w, https:\/\/etalfort.com\/wp-content\/uploads\/2018\/08\/redirack-1024x1024.jpg 1024w\" sizes=\"(max-width: 350px) 100vw, 350px\" \/>Au Canada, le type de rayonnage le plus appr\u00e9ci\u00e9 est le Redirack.\u00a0 Le Redirack est une marque de rayonnage que vous trouverez ais\u00e9ment puisqu\u2019il est confectionn\u00e9 par bon nombre de producteurs \u00e0 travers le monde.\u00a0 Il existe \u00e9galement une multitude de types de racks \u00e0 palettes.<\/p>\n<p align=\"justify\">Puisque la plupart des soci\u00e9t\u00e9s canadiennes se serviront du rayonnage de marque Redirack, il est normal qu\u2019il soit plus facile de le trouver dans l\u2019usag\u00e9. Vous pouvez \u00eatre tent\u00e9 par l\u2019achat d\u2019un autre type de rayonnage \u00e0 petits prix.\u00a0 Si vous envisagez d\u2019agrandir, de transformer ou encore de changer votre rayonnage initial, il se peut que cela vous soit plus difficile de trouver des morceaux de rechanges compl\u00e9mentaires. Mais ce n\u2019est pas le cas quand il s\u2019agit de la marque Redirack.<\/p>\n<h2>Dans quelle situation devrait-on acheter du neuf et dans quelle situation devrait-on se procurer du rayonnage usag\u00e9\u00a0?<\/h2>\n<p align=\"justify\">Il est vrai qu\u2019habituellement vous pouvez b\u00e9n\u00e9ficier d\u2019une \u00e9conomie d\u2019environ 50% par rapport \u00e0 la valeur initiale en achetant un rayonnage usag\u00e9 plut\u00f4t qu\u2019un rayonnage neuf. C\u2019est le cas lorsque vous faites affaire avec nous chez Eltafort Inc.<\/p>\n<p align=\"justify\">Si vous avez besoin d\u2019un petit rayonnage et que vos dimensions sont standards, le rayonnage d\u2019occasion vous reviendra entre 30% et 40% moins cher que le neuf.<\/p>\n<p><img decoding=\"async\" class=\"alignleft wp-image-463\" style=\"text-align: justify;\" title=\"racking usag\u00e9 r\u00e9gion de montr\u00e9al\" src=\"https:\/\/etalfort.com\/wp-content\/uploads\/2018\/08\/redirack.jpeg\" alt=\"\" width=\"400\" height=\"298\" srcset=\"https:\/\/etalfort.com\/wp-content\/uploads\/2018\/08\/redirack.jpeg 800w, https:\/\/etalfort.com\/wp-content\/uploads\/2018\/08\/redirack-300x224.jpeg 300w, https:\/\/etalfort.com\/wp-content\/uploads\/2018\/08\/redirack-768x573.jpeg 768w\" sizes=\"(max-width: 400px) 100vw, 400px\" \/><\/p>\n<p align=\"justify\">G\u00e9n\u00e9ralement, quand il ne s\u2019agit pas de grandes quantit\u00e9s, vous pouvez trouver ais\u00e9ment les dimensions dont vous avez besoin dans l\u2019usag\u00e9. Mais si vous avez besoin de grandes quantit\u00e9s, la diff\u00e9rence de prix entre quelques fournisseurs de rayonnage neuf et l\u2019usag\u00e9 ne sera pas plus \u00e9lev\u00e9e que 20% \u00e0 25%. De plus, il est parfois compliqu\u00e9 de trouver dans le rayonnage d\u2019occasion la quantit\u00e9\u00a0 d\u00e9sir\u00e9e.\u00a0 Ceci vous occasionnera une perte de temps et des r\u00e9sultats peu satisfaisants. Par cons\u00e9quent, la quantit\u00e9 dont vous aurez besoin est un crit\u00e8re d\u00e9terminant qui vous aidera \u00e0 vous d\u00e9cider d\u2019acheter dans le neuf ou l\u2019usag\u00e9. Toutefois, en faisant affaire avec nous, le probl\u00e8me se pose moins, puisque nous avons un inventaire abondant de rayonnage dans l\u2019usag\u00e9.<\/p>\n<h2><strong>Quels sont les avantages et inconv\u00e9nients du neuf et de l\u2019usag\u00e9 ?<\/strong><\/h2>\n<p align=\"justify\">Maintenant que la question du prix est r\u00e9gl\u00e9e, essayons de voir les autres crit\u00e8res qui pourront vous guider dans votre choix de rayonnage.\u00a0 Parmi les crit\u00e8res non n\u00e9gligeables, mentionnons : l\u2019\u00e9tat g\u00e9n\u00e9ral du rayonnage, les dimensions, la couleur, etc.<\/p>\n<p align=\"justify\">On commencera par l\u2019usag\u00e9. Le prix est, certes un crit\u00e8re de discrimination important par rapport au neuf. C\u2019est un atout de taille. Cependant, il n\u2019est pas toujours facile de le trouver en bon \u00e9tat. Sans trop vous emb\u00eater avec des d\u00e9tails techniques, sachez seulement que les poutres et particuli\u00e8rement les montants ne doivent pas \u00eatre d\u00e9form\u00e9s ou bossel\u00e9s. Un montant qui ne correspond pas aux normes pourrait \u00eatre tr\u00e8s risqu\u00e9 et il ne faut pas jouer avec votre s\u00e9curit\u00e9. Soyez confiants, puisqu\u2019avec Elatfort Inc, nous accordons une grande place \u00e0 la s\u00e9curit\u00e9. Nous v\u00e9rifions tout avec minutie : montants, poutres.\u00a0 Une fois que rayonnage satisfait nos exigences, nous vous le livrerons.<\/p>\n<p class=\"alignnone\" title=\"meilleur racking usag\u00e9 dans la ville de montr\u00e9al\" align=\"justify\"><img loading=\"lazy\" decoding=\"async\" class=\"alignright wp-image-464\" src=\"https:\/\/etalfort.com\/wp-content\/uploads\/2018\/08\/racking.png\" alt=\"\" width=\"342\" height=\"523\" srcset=\"https:\/\/etalfort.com\/wp-content\/uploads\/2018\/08\/racking.png 398w, https:\/\/etalfort.com\/wp-content\/uploads\/2018\/08\/racking-196x300.png 196w\" sizes=\"(max-width: 342px) 100vw, 342px\" \/>Pour ce qui est des dimensions, vous pouvez certainement en trouver des standards. Cependant, quand vous achetez un rayonnage usag\u00e9, vous prenez ce qui est disponible sur le march\u00e9 \u00e0 ce moment-l\u00e0.\u00a0 Parfois cela ne nous donne pas vraiment le choix de dimensions tel que vous l\u2019esp\u00e9reriez.\u00a0 Mais ce n\u2019est pas un grand obstacle, car avec un peu de patience, nous r\u00e9pondrons sans aucun doute \u00e0 vos besoins.<\/p>\n<p align=\"justify\">Ensuite, il se peut que le rayonnage usag\u00e9 soit rouill\u00e9. La rouillure en petites quantit\u00e9s ne veut pas automatiquement dire que la capacit\u00e9 du rayonnage en sera affect\u00e9e.\u00a0 Alors, si un soup\u00e7on d\u2019oxydation ne vous g\u00eane pas, l\u2019usag\u00e9 pourra vous donner satisfaction. Dans tous les cas, sachez que rien ne nous \u00e9chappe et nous essayons par tous les moyens de pallier ces petites d\u00e9faillances. Pour ce qui est de la couleur, tout comme pour les dimensions vous devez vous contenter de ce qui est disponible en inventaire. Parfois, il peut \u00eatre plus difficile de trouver exactement ce que vous d\u00e9sirez. Toutefois, les couleurs le plus populaires se retrouvent facilement dans l\u2019usag\u00e9.<\/p>\n<p align=\"justify\">Pour le rayonnage neuf, c\u2019est certainement plus on\u00e9reux, cependant, vous avez la possibilit\u00e9 de choisir les dimensions exactes et votre couleur pr\u00e9f\u00e9r\u00e9e. Normalement vous n\u2019aurez pas \u00e0 vous soucier de l\u2019\u00e9tat de votre rayonnage, lorsque vous achetez neuf, quoiqu\u2019il est toujours possible d\u2019avoir de mauvaises surprises.<\/p>\n<h2>Pourquoi est-ce important d\u2019utiliser un site comme le n\u00f4tre lorsque vous achetez du rayonnage\u00a0?<\/h2>\n<p>Avec etalfort.com, vous obtiendrez toujours l\u2019aide et le service \u00e0 la client\u00e8le dont vous avez besoin.<\/p>\n<p align=\"justify\">Notre \u00e9quipe exp\u00e9riment\u00e9e vous accordera le temps n\u00e9cessaire\u00a0 pour vous offrir une consultation qui vous aidera \u00e0 faire les bons choix.<\/p>\n<p align=\"justify\"><img loading=\"lazy\" decoding=\"async\" class=\"alignleft wp-image-465 size-full\" title=\"racking usag\u00e9 dans la grande r\u00e9gion de montr\u00e9al\" src=\"https:\/\/etalfort.com\/wp-content\/uploads\/2018\/08\/rayonnage-2.jpg\" alt=\"\" width=\"320\" height=\"240\" srcset=\"https:\/\/etalfort.com\/wp-content\/uploads\/2018\/08\/rayonnage-2.jpg 320w, https:\/\/etalfort.com\/wp-content\/uploads\/2018\/08\/rayonnage-2-300x225.jpg 300w\" sizes=\"(max-width: 320px) 100vw, 320px\" \/>Nos prix sont tr\u00e8s comp\u00e9titifs, et nous proposons des prix plus qu\u2019abordables et aussi plus bas que celui de nos concurrents dans l\u2019usag\u00e9. Au niveau du choix, etalfort.com dispose d\u2019un large r\u00e9seau de distributeurs et de fabricants qui nous aident \u00e0 vous offrir en retour un catalogue diversifi\u00e9, et ce, internationalement. Notre \u00e9quipe chevronn\u00e9e pourra vous orienter \u00e0 travers ce choix assez complexe, pour vous aider \u00e0 comprendre vos besoins et vous sugg\u00e9rer ce qui sera le mieux pour vous. Nous travaillons pour vous, quel que soit ce que vous d\u00e9sirez. Alors, si vous voulez acheter, changer, d\u00e9manteler votre rayonnage, nous nous occuperons de tout, o\u00f9 que vous soyez au Canada.<\/p>\n","protected":false},"excerpt":{"rendered":"<p>Vous projetez d\u2019installer un rayonnage. Vous avez des produits \u00e0 organiser dans votre entrep\u00f4t\u00a0? Quel type de rayonnage devriez-vous utiliser\u00a0? Racking usag\u00e9 ou neuf ? Que choisir et quand choisir\u00a0? Ou alors, doit-on opter pour acheter indiff\u00e9remment, sans aucun crit\u00e8re\u00a0?\u00a0 Doit-on suivre l\u2019id\u00e9e re\u00e7ue que tout ce qui est neuf est \u00e0 privil\u00e9gier\u00a0?\u00a0 Ou encore, [&hellip;]<\/p>\n","protected":false},"author":2,"featured_media":0,"parent":0,"menu_order":0,"comment_status":"closed","ping_status":"closed","template":"","meta":{"_acf_changed":false,"footnotes":""},"acf":[],"yoast_head":"<!-- This site is optimized with the Yoast SEO plugin v22.0 - https:\/\/yoast.com\/wordpress\/plugins\/seo\/ -->\n<title>Notre \u00e9quipe a de l\u2019exp\u00e9rience sur le choix de racking usage<\/title>\n<meta name=\"description\" content=\"Notre entreprise dispose d\u2019une \u00e9quipe d\u2019experts qui peuvent vous assister pendant la mise en place de votre racking usage.\" \/>\n<meta name=\"robots\" content=\"index, follow, max-snippet:-1, max-image-preview:large, max-video-preview:-1\" \/>\n<link rel=\"canonical\" href=\"https:\/\/etalfort.com\/racking-usage\/\" \/>\n<meta property=\"og:locale\" content=\"en_US\" \/>\n<meta property=\"og:type\" content=\"article\" \/>\n<meta property=\"og:title\" content=\"Notre \u00e9quipe a de l\u2019exp\u00e9rience sur le choix de racking usage\" \/>\n<meta property=\"og:description\" content=\"Notre entreprise dispose d\u2019une \u00e9quipe d\u2019experts qui peuvent vous assister pendant la mise en place de votre racking usage.\" \/>\n<meta property=\"og:url\" content=\"https:\/\/etalfort.com\/racking-usage\/\" \/>\n<meta property=\"og:site_name\" content=\"\u00c9talfort\" \/>\n<meta property=\"article:modified_time\" content=\"2018-08-14T19:05:09+00:00\" \/>\n<meta property=\"og:image\" content=\"https:\/\/etalfort.com\/wp-content\/uploads\/2018\/08\/rayonnage-usag.jpg\" \/>\n<meta name=\"twitter:card\" content=\"summary_large_image\" \/>\n<meta name=\"twitter:label1\" content=\"Est. reading time\" \/>\n\t<meta name=\"twitter:data1\" content=\"6 minutes\" \/>\n<script type=\"application\/ld+json\" class=\"yoast-schema-graph\">{\"@context\":\"https:\/\/schema.org\",\"@graph\":[{\"@type\":\"WebPage\",\"@id\":\"https:\/\/etalfort.com\/racking-usage\/\",\"url\":\"https:\/\/etalfort.com\/racking-usage\/\",\"name\":\"Notre \u00e9quipe a de l\u2019exp\u00e9rience sur le choix de racking usage\",\"isPartOf\":{\"@id\":\"https:\/\/etalfort.com\/#website\"},\"datePublished\":\"2018-08-14T13:43:56+00:00\",\"dateModified\":\"2018-08-14T19:05:09+00:00\",\"description\":\"Notre entreprise dispose d\u2019une \u00e9quipe d\u2019experts qui peuvent vous assister pendant la mise en place de votre racking usage.\",\"breadcrumb\":{\"@id\":\"https:\/\/etalfort.com\/racking-usage\/#breadcrumb\"},\"inLanguage\":\"en-US\",\"potentialAction\":[{\"@type\":\"ReadAction\",\"target\":[\"https:\/\/etalfort.com\/racking-usage\/\"]}]},{\"@type\":\"BreadcrumbList\",\"@id\":\"https:\/\/etalfort.com\/racking-usage\/#breadcrumb\",\"itemListElement\":[{\"@type\":\"ListItem\",\"position\":1,\"name\":\"Home\",\"item\":\"https:\/\/etalfort.com\/en\/\"},{\"@type\":\"ListItem\",\"position\":2,\"name\":\"Rayonnage usag\u00e9 ou Rayonnage neuf ?\"}]},{\"@type\":\"WebSite\",\"@id\":\"https:\/\/etalfort.com\/#website\",\"url\":\"https:\/\/etalfort.com\/\",\"name\":\"\u00c9talfort\",\"description\":\"Racking et \u00e9tag\u00e8re usag\u00e9s\",\"potentialAction\":[{\"@type\":\"SearchAction\",\"target\":{\"@type\":\"EntryPoint\",\"urlTemplate\":\"https:\/\/etalfort.com\/?s={search_term_string}\"},\"query-input\":\"required name=search_term_string\"}],\"inLanguage\":\"en-US\"}]}<\/script>\n<!-- \/ Yoast SEO plugin. -->","yoast_head_json":{"title":"Notre \u00e9quipe a de l\u2019exp\u00e9rience sur le choix de racking usage","description":"Notre entreprise dispose d\u2019une \u00e9quipe d\u2019experts qui peuvent vous assister pendant la mise en place de votre racking usage.","robots":{"index":"index","follow":"follow","max-snippet":"max-snippet:-1","max-image-preview":"max-image-preview:large","max-video-preview":"max-video-preview:-1"},"canonical":"https:\/\/etalfort.com\/racking-usage\/","og_locale":"en_US","og_type":"article","og_title":"Notre \u00e9quipe a de l\u2019exp\u00e9rience sur le choix de racking usage","og_description":"Notre entreprise dispose d\u2019une \u00e9quipe d\u2019experts qui peuvent vous assister pendant la mise en place de votre racking usage.","og_url":"https:\/\/etalfort.com\/racking-usage\/","og_site_name":"\u00c9talfort","article_modified_time":"2018-08-14T19:05:09+00:00","og_image":[{"url":"https:\/\/etalfort.com\/wp-content\/uploads\/2018\/08\/rayonnage-usag.jpg"}],"twitter_card":"summary_large_image","twitter_misc":{"Est. reading time":"6 minutes"},"schema":{"@context":"https:\/\/schema.org","@graph":[{"@type":"WebPage","@id":"https:\/\/etalfort.com\/racking-usage\/","url":"https:\/\/etalfort.com\/racking-usage\/","name":"Notre \u00e9quipe a de l\u2019exp\u00e9rience sur le choix de racking usage","isPartOf":{"@id":"https:\/\/etalfort.com\/#website"},"datePublished":"2018-08-14T13:43:56+00:00","dateModified":"2018-08-14T19:05:09+00:00","description":"Notre entreprise dispose d\u2019une \u00e9quipe d\u2019experts qui peuvent vous assister pendant la mise en place de votre racking usage.","breadcrumb":{"@id":"https:\/\/etalfort.com\/racking-usage\/#breadcrumb"},"inLanguage":"en-US","potentialAction":[{"@type":"ReadAction","target":["https:\/\/etalfort.com\/racking-usage\/"]}]},{"@type":"BreadcrumbList","@id":"https:\/\/etalfort.com\/racking-usage\/#breadcrumb","itemListElement":[{"@type":"ListItem","position":1,"name":"Home","item":"https:\/\/etalfort.com\/en\/"},{"@type":"ListItem","position":2,"name":"Rayonnage usag\u00e9 ou Rayonnage neuf ?"}]},{"@type":"WebSite","@id":"https:\/\/etalfort.com\/#website","url":"https:\/\/etalfort.com\/","name":"\u00c9talfort","description":"Racking et \u00e9tag\u00e8re usag\u00e9s","potentialAction":[{"@type":"SearchAction","target":{"@type":"EntryPoint","urlTemplate":"https:\/\/etalfort.com\/?s={search_term_string}"},"query-input":"required name=search_term_string"}],"inLanguage":"en-US"}]}},"_links":{"self":[{"href":"https:\/\/etalfort.com\/en\/wp-json\/wp\/v2\/pages\/460"}],"collection":[{"href":"https:\/\/etalfort.com\/en\/wp-json\/wp\/v2\/pages"}],"about":[{"href":"https:\/\/etalfort.com\/en\/wp-json\/wp\/v2\/types\/page"}],"author":[{"embeddable":true,"href":"https:\/\/etalfort.com\/en\/wp-json\/wp\/v2\/users\/2"}],"replies":[{"embeddable":true,"href":"https:\/\/etalfort.com\/en\/wp-json\/wp\/v2\/comments?post=460"}],"version-history":[{"count":3,"href":"https:\/\/etalfort.com\/en\/wp-json\/wp\/v2\/pages\/460\/revisions"}],"predecessor-version":[{"id":533,"href":"https:\/\/etalfort.com\/en\/wp-json\/wp\/v2\/pages\/460\/revisions\/533"}],"wp:attachment":[{"href":"https:\/\/etalfort.com\/en\/wp-json\/wp\/v2\/media?parent=460"}],"curies":[{"name":"wp","href":"https:\/\/api.w.org\/{rel}","templated":true}]}}