{"id":447,"date":"2018-08-14T13:16:43","date_gmt":"2018-08-14T13:16:43","guid":{"rendered":"https:\/\/etalfort.com\/?page_id=447"},"modified":"2025-03-19T07:36:04","modified_gmt":"2025-03-19T11:36:04","slug":"porte-a-faux","status":"publish","type":"page","link":"https:\/\/etalfort.com\/en\/porte-a-faux\/","title":{"rendered":"Rayonnage cantilever"},"content":{"rendered":"<p align=\"justify\">Vous d\u00e9sirez un rayonnage industriel usag\u00e9 mais efficace, pour une gestion id\u00e9ale de stocks? Vous trouverez sur notre site une panoplie exhaustive de rayonnage cantilever ainsi qu\u2019un mobilier de racking haut de gamme d\u2019occasion. Et quel que soit l\u2019usage que vous comptiez en faire, le placer \u00e0 l\u2019int\u00e9rieur d\u2019un entrep\u00f4t ou \u00e0 l\u2019ext\u00e9rieur, vous trouverez la solution d\u2019emmagasinage la plus ad\u00e9quate pour combler vos attentes. Vous pouvez donc utiliser un <a href=\"https:\/\/etalfort.com\/\">rayonnage cantilever<\/a>, car il s\u2019agit d\u2019un \u00e9quipement solide que vous pouvez utiliser pour stocker vos colonnes et poteaux.<\/p>\n<p align=\"justify\"><img fetchpriority=\"high\" decoding=\"async\" class=\"aligncenter size-full wp-image-448\" src=\"https:\/\/etalfort.com\/wp-content\/uploads\/2018\/08\/rayonnage.jpg\" alt=\"\" width=\"1140\" height=\"772\" srcset=\"https:\/\/etalfort.com\/wp-content\/uploads\/2018\/08\/rayonnage.jpg 1140w, https:\/\/etalfort.com\/wp-content\/uploads\/2018\/08\/rayonnage-300x203.jpg 300w, https:\/\/etalfort.com\/wp-content\/uploads\/2018\/08\/rayonnage-768x520.jpg 768w, https:\/\/etalfort.com\/wp-content\/uploads\/2018\/08\/rayonnage-1024x693.jpg 1024w\" sizes=\"(max-width: 1140px) 100vw, 1140px\" \/><\/p>\n<h2><strong>Rayonnage Cantilever Hauteur 3000 mm<\/strong><\/h2>\n<p align=\"justify\">Pour les marchandises de longues ou de grandes dimensions, nous vous conseillons le cantilever Flip. C\u2019est un type de racking qui s\u2019adapte de fa\u00e7on parfaite aux diff\u00e9rents mat\u00e9riaux comme par exemple :<\/p>\n<p>&#8211; plastique, comme pour les goutti\u00e8res<\/p>\n<p>&#8211; acier, comme pour les tuyaux pour la plomberie<\/p>\n<p>&#8211; aluminium, comme pour les mat\u00e9riaux de menuiserie<\/p>\n<p align=\"justify\">En plus, aucun souci \u00e0 se faire pour assembler le cantilever Flip, c\u2019est un jeu d\u2019enfant et cela, gr\u00e2ce \u00e0 la simplicit\u00e9 du montage.\u00a0 De plus, vous n\u2019aurez pas \u00e0 l\u2019immobiliser au mur.<\/p>\n<p>Le cantilever Flip se trouve en 3 mod\u00e8les :<\/p>\n<p>&#8211; L\u00e9ger<\/p>\n<p>&#8211; Mi-lourd<\/p>\n<p>&#8211; Lourd<\/p>\n<p>Tous les mod\u00e8les se trouvent en simple et\/ou double face.<\/p>\n<p>Le cantilever est constitu\u00e9 de piliers avec profil d\u2019embase, de contreventement et de bras.<\/p>\n<p>Aucun probl\u00e8me non plus pour le d\u00e9montage et la livraison.\u00a0\u00a0 Il est offert dans la couleur bleue standard.<\/p>\n<h2><strong>Accessoires :<\/strong><\/h2>\n<p>Le contreventement mesure de 1000 \u00e0 1500 mm.<\/p>\n<p align=\"justify\">Notre \u00e9quipe sera \u00e0 votre disposition pour \u00e9tablir vos besoins afin d\u2019optimiser au maximum l\u2019installation de votre cantilever Flip, et de r\u00e9duire vos co\u00fbts d\u2019emmagasinage.<\/p>\n<h2><strong>Racking usag\u00e9 pour charge lourde<\/strong><\/h2>\n<p><img decoding=\"async\" class=\"size-full wp-image-450 alignright\" src=\"https:\/\/etalfort.com\/wp-content\/uploads\/2018\/08\/racking-usag-pour-charge-lourde.jpg\" alt=\"\" width=\"350\" height=\"252\" srcset=\"https:\/\/etalfort.com\/wp-content\/uploads\/2018\/08\/racking-usag-pour-charge-lourde.jpg 350w, https:\/\/etalfort.com\/wp-content\/uploads\/2018\/08\/racking-usag-pour-charge-lourde-300x216.jpg 300w\" sizes=\"(max-width: 350px) 100vw, 350px\" \/>La charge par bras est comprise entre 500 kg et 15 t.<\/p>\n<p align=\"justify\">Le rayonnage cantilever permet d\u2019entreposer des chargements lourds et longs tout comme d\u2019emmagasiner des v\u00e9hicules automobiles. C\u2019est un type de rayonnage unique qui se retrouve \u00e9galement dans l\u2019usag\u00e9. Ce produit a \u00e9t\u00e9 con\u00e7u \u00e0 l\u2019origine pour l\u2019emmagasinage des voitures.<\/p>\n<p>En voil\u00e0 une description technique\u00a0:<\/p>\n<p>&#8211; Poteaux jusqu\u2019\u00e0 9 m standard, mais vous pouvez exiger d\u2019autres dimensions sur demande.<\/p>\n<p>&#8211; Longueur des bras allant de 600 mm jusqu\u2019\u00e0 2500 mm.<\/p>\n<p>&#8211; Parfaitement con\u00e7u pour faire sortir les marchandises avec les appareils de manutentions tel que le chariot \u00e0 fourche.<\/p>\n<p>&#8211; Mobilier en simple ou\/et double faces.<\/p>\n<h2><strong>Rayonnage cantilever en ext\u00e9rieur<\/strong><\/h2>\n<p align=\"justify\"><img decoding=\"async\" class=\"alignleft wp-image-452\" src=\"https:\/\/etalfort.com\/wp-content\/uploads\/2018\/08\/rayonnage-cantilever.jpg\" alt=\"\" width=\"239\" height=\"239\" srcset=\"https:\/\/etalfort.com\/wp-content\/uploads\/2018\/08\/rayonnage-cantilever.jpg 458w, https:\/\/etalfort.com\/wp-content\/uploads\/2018\/08\/rayonnage-cantilever-150x150.jpg 150w, https:\/\/etalfort.com\/wp-content\/uploads\/2018\/08\/rayonnage-cantilever-300x300.jpg 300w, https:\/\/etalfort.com\/wp-content\/uploads\/2018\/08\/rayonnage-cantilever-1024x1024.jpg 1024w\" sizes=\"(max-width: 239px) 100vw, 239px\" \/>Le racking cantilever d\u2019ext\u00e9rieur est une invention g\u00e9niale qui permettra facilement l\u2019emmagasinement de vos charges longues et lourdes, voire ultralourdes.<\/p>\n<p align=\"justify\">Ces racks cantilevers qui sont conformes aux normes et r\u00e9glementations en vigueur, sont galvanis\u00e9s \u00e0 chaud afin de mieux supporter de fa\u00e7on durable les temp\u00eates et les changements de climat.<\/p>\n<p align=\"justify\">Ces rayonnages cantilevers sont dot\u00e9s de rev\u00eatements en bac d\u2019acier sur une charpente en bois ou en m\u00e9tal, pour faciliter la r\u00e9cup\u00e9ration et d\u00e9versement des eaux de pluie.<\/p>\n<h2><strong>Rayonnage cantilever pour charges l\u00e9g\u00e8res et mi-lourdes<\/strong><\/h2>\n<p align=\"justify\">C\u2019est un racking qui s\u2019adapte parfaitement \u00e0 l\u2019entreposage des marchandises longues, l\u00e9g\u00e8res et mi-lourdes. Pour ce type d\u2019emmagasinage, nous vous conseillons notre racking cantilever \u00e0 charges l\u00e9g\u00e8res et semi-pond\u00e9reux.<\/p>\n<p>Notre \u00e9quipement, bien qu\u2019usag\u00e9, offre long\u00e9vit\u00e9 et efficacit\u00e9, capable de stocker, jusqu\u2019\u00e0 4 T, en toute facilit\u00e9 et s\u00e9curit\u00e9\u00a0:<\/p>\n<p>&#8211; les t\u00f4les,<\/p>\n<p>&#8211; les tubes,<\/p>\n<p>&#8211; les mat\u00e9riaux, etc&#8230;<\/p>\n<p>En voil\u00e0 quelques caract\u00e9ristiques :<\/p>\n<p>&#8211; Hauteurs : de 1750-jusqu\u2019\u00e0 3000 mm<\/p>\n<p>&#8211; Largeurs : de 750-jusqu\u2019\u00e0 1500 mm<\/p>\n<p>&#8211; Longueurs : de 300 \u00e0 1200 mm<\/p>\n<h2><strong>Rayonnage cantilever pour l\u2019int\u00e9rieur<\/strong><\/h2>\n<p align=\"justify\">Il est sp\u00e9cialement con\u00e7u pour stocker les charges longues, pesantes, encombrantes comme les panneaux, les barres longues, mat\u00e9riaux\u2026sans restriction de poids.<\/p>\n<p align=\"justify\">C\u2019est un rayonnage polyvalent, qui s\u2019adapte \u00e0 tous les secteurs d&#8217;activit\u00e9s, aidant \u00e0 optimiser l\u2019espace dans vos magasins et vos locaux d\u2019emmagasinage.<\/p>\n<p>&nbsp;<\/p>\n<h2><strong>Rayonnage pour stockage vertical<\/strong><\/h2>\n<p align=\"justify\">Tr\u00e8s \u00e9conomique, il a la capacit\u00e9 de supporter une charge qui s\u2019\u00e9tend de 70 \u00e0 160 kg.<\/p>\n<p align=\"justify\">Ce racking convient \u00e0 un stockage \u00e0 la verticale pour une diversit\u00e9 de charges longues comme les poutres, tuyaux, barres\u2026<\/p>\n<p align=\"justify\">Ce rayonnage en simple ou \u00e0 double faces, est compos\u00e9 d&#8217;\u00e9chelles renforc\u00e9es par une charpente afin d\u2019assurer \u00e9quilibre et s\u00e9curit\u00e9.<\/p>\n<h2><strong>Rayonnage cantilever horizontal<\/strong><\/h2>\n<p>Ce racking cantilever est un \u00e9quipement parfait pour l\u2019emmagasinage de toute marchandise longue :<\/p>\n<p>&#8211; tuyaux,<\/p>\n<p>&#8211; tubes,<\/p>\n<p>&#8211; planches de bois, &#8230;<\/p>\n<p>Ce racking offre un excellent rapport qualit\u00e9\/prix. Le stockage peut se faire manuellement ou par chariot \u00e9l\u00e9vateur.<\/p>\n<p>Ce type de racking est un ensemble robuste et stable cr\u00e9\u00e9 pour le stockage de charges lourdes.<\/p>\n<h2><strong>Racking palettier simple<\/strong><\/h2>\n<p align=\"justify\">Le palettier simple est le racking le plus courant sur le march\u00e9. C\u2019est celui qui convient \u00e0 la plupart de vos projets. Ce racking tr\u00e8s \u00e9conomique permet de stocker des palettes, mais aussi offre l\u2019avantage d\u2019acc\u00e9der rapidement \u00e0 chaque palette.\u00a0 De cette fa\u00e7on, vous n\u2019aurez pas \u00e0 d\u00e9placer une autre palette afin d\u2019atteindre celle que vous d\u00e9sirez. On l\u2019utilise essentiellement pour stocker des palettes qui ont une grandeur standard et dont le contenu n\u2019est pas forc\u00e9ment le m\u00eame.<\/p>\n<h2><strong><img loading=\"lazy\" decoding=\"async\" class=\"aligncenter size-full wp-image-449\" src=\"https:\/\/etalfort.com\/wp-content\/uploads\/2018\/08\/palettier-double.png\" alt=\"\" width=\"1080\" height=\"390\" srcset=\"https:\/\/etalfort.com\/wp-content\/uploads\/2018\/08\/palettier-double.png 1080w, https:\/\/etalfort.com\/wp-content\/uploads\/2018\/08\/palettier-double-300x108.png 300w, https:\/\/etalfort.com\/wp-content\/uploads\/2018\/08\/palettier-double-768x277.png 768w, https:\/\/etalfort.com\/wp-content\/uploads\/2018\/08\/palettier-double-1024x370.png 1024w\" sizes=\"(max-width: 1080px) 100vw, 1080px\" \/><\/strong><\/h2>\n<h2><strong>Palettier double<\/strong><\/h2>\n<p align=\"justify\">Ce rayonnage double comme son nom le laisse deviner est un rayonnage simple mais qui poss\u00e8de une double profondeur. Il permet de poser deux palettes l\u2019une devant l\u2019autre. Ce type de racking offre l\u2019avantage de maximiser l\u2019espace cubique d\u2019emmagasinage puisque cela demande moins de rang\u00e9es d\u2019acc\u00e8s afin d\u2019obtenir un espace double pour ranger les palettes dans le racking.<\/p>\n<p align=\"justify\">Le racking au prix unitaire n\u2019est pas plus dispendieux puisqu\u2019il est fabriqu\u00e9 avec les m\u00eames composantes. Cependant, le prix d\u2019un chariot \u00e9l\u00e9vateur ad\u00e9quat et avec lequel vous pouvez agripper les palettes en arri\u00e8re peut \u00eatre plus cher. Par contre, cela vous offrira la facilit\u00e9 de stocker les palettes dans le racking et de les retirer.<\/p>\n<p align=\"justify\">D\u2019autres types de racking usag\u00e9s sont \u00e0 votre disposition et il vous suffit de nous contacter pour en savoir plus.<\/p>\n","protected":false},"excerpt":{"rendered":"<p>Vous d\u00e9sirez un rayonnage industriel usag\u00e9 mais efficace, pour une gestion id\u00e9ale de stocks? Vous trouverez sur notre site une panoplie exhaustive de rayonnage cantilever ainsi qu\u2019un mobilier de racking haut de gamme d\u2019occasion. Et quel que soit l\u2019usage que vous comptiez en faire, le placer \u00e0 l\u2019int\u00e9rieur d\u2019un entrep\u00f4t ou \u00e0 l\u2019ext\u00e9rieur, vous trouverez [&hellip;]<\/p>\n","protected":false},"author":2,"featured_media":0,"parent":0,"menu_order":0,"comment_status":"closed","ping_status":"closed","template":"","meta":{"_acf_changed":false,"footnotes":""},"acf":[],"yoast_head":"<!-- This site is optimized with the Yoast SEO plugin v22.0 - https:\/\/yoast.com\/wordpress\/plugins\/seo\/ -->\n<title>Opter pour un rayonnage cantilever dans notre entreprise<\/title>\n<meta name=\"description\" content=\"Le rayonnage cantilever est la sp\u00e9cialit\u00e9 de notre soci\u00e9t\u00e9 depuis des ann\u00e9es. Nous les proposons en plusieurs mod\u00e8les, en diff\u00e9rentes tailles.\" \/>\n<meta name=\"robots\" content=\"index, follow, max-snippet:-1, max-image-preview:large, max-video-preview:-1\" \/>\n<link rel=\"canonical\" href=\"https:\/\/etalfort.com\/porte-a-faux\/\" \/>\n<meta property=\"og:locale\" content=\"en_US\" \/>\n<meta property=\"og:type\" content=\"article\" \/>\n<meta property=\"og:title\" content=\"Opter pour un rayonnage cantilever dans notre entreprise\" \/>\n<meta property=\"og:description\" content=\"Le rayonnage cantilever est la sp\u00e9cialit\u00e9 de notre soci\u00e9t\u00e9 depuis des ann\u00e9es. Nous les proposons en plusieurs mod\u00e8les, en diff\u00e9rentes tailles.\" \/>\n<meta property=\"og:url\" content=\"https:\/\/etalfort.com\/porte-a-faux\/\" \/>\n<meta property=\"og:site_name\" content=\"\u00c9talfort\" \/>\n<meta property=\"article:modified_time\" content=\"2025-03-19T11:36:04+00:00\" \/>\n<meta property=\"og:image\" content=\"https:\/\/etalfort.com\/wp-content\/uploads\/2018\/08\/rayonnage.jpg\" \/>\n<meta name=\"twitter:card\" content=\"summary_large_image\" \/>\n<meta name=\"twitter:label1\" content=\"Est. reading time\" \/>\n\t<meta name=\"twitter:data1\" content=\"6 minutes\" \/>\n<script type=\"application\/ld+json\" class=\"yoast-schema-graph\">{\"@context\":\"https:\/\/schema.org\",\"@graph\":[{\"@type\":\"WebPage\",\"@id\":\"https:\/\/etalfort.com\/porte-a-faux\/\",\"url\":\"https:\/\/etalfort.com\/porte-a-faux\/\",\"name\":\"Opter pour un rayonnage cantilever dans notre entreprise\",\"isPartOf\":{\"@id\":\"https:\/\/etalfort.com\/#website\"},\"datePublished\":\"2018-08-14T13:16:43+00:00\",\"dateModified\":\"2025-03-19T11:36:04+00:00\",\"description\":\"Le rayonnage cantilever est la sp\u00e9cialit\u00e9 de notre soci\u00e9t\u00e9 depuis des ann\u00e9es. Nous les proposons en plusieurs mod\u00e8les, en diff\u00e9rentes tailles.\",\"breadcrumb\":{\"@id\":\"https:\/\/etalfort.com\/porte-a-faux\/#breadcrumb\"},\"inLanguage\":\"en-US\",\"potentialAction\":[{\"@type\":\"ReadAction\",\"target\":[\"https:\/\/etalfort.com\/porte-a-faux\/\"]}]},{\"@type\":\"BreadcrumbList\",\"@id\":\"https:\/\/etalfort.com\/porte-a-faux\/#breadcrumb\",\"itemListElement\":[{\"@type\":\"ListItem\",\"position\":1,\"name\":\"Home\",\"item\":\"https:\/\/etalfort.com\/en\/\"},{\"@type\":\"ListItem\",\"position\":2,\"name\":\"Rayonnage cantilever\"}]},{\"@type\":\"WebSite\",\"@id\":\"https:\/\/etalfort.com\/#website\",\"url\":\"https:\/\/etalfort.com\/\",\"name\":\"\u00c9talfort\",\"description\":\"Racking et \u00e9tag\u00e8re usag\u00e9s\",\"potentialAction\":[{\"@type\":\"SearchAction\",\"target\":{\"@type\":\"EntryPoint\",\"urlTemplate\":\"https:\/\/etalfort.com\/?s={search_term_string}\"},\"query-input\":\"required name=search_term_string\"}],\"inLanguage\":\"en-US\"}]}<\/script>\n<!-- \/ Yoast SEO plugin. -->","yoast_head_json":{"title":"Opter pour un rayonnage cantilever dans notre entreprise","description":"Le rayonnage cantilever est la sp\u00e9cialit\u00e9 de notre soci\u00e9t\u00e9 depuis des ann\u00e9es. Nous les proposons en plusieurs mod\u00e8les, en diff\u00e9rentes tailles.","robots":{"index":"index","follow":"follow","max-snippet":"max-snippet:-1","max-image-preview":"max-image-preview:large","max-video-preview":"max-video-preview:-1"},"canonical":"https:\/\/etalfort.com\/porte-a-faux\/","og_locale":"en_US","og_type":"article","og_title":"Opter pour un rayonnage cantilever dans notre entreprise","og_description":"Le rayonnage cantilever est la sp\u00e9cialit\u00e9 de notre soci\u00e9t\u00e9 depuis des ann\u00e9es. Nous les proposons en plusieurs mod\u00e8les, en diff\u00e9rentes tailles.","og_url":"https:\/\/etalfort.com\/porte-a-faux\/","og_site_name":"\u00c9talfort","article_modified_time":"2025-03-19T11:36:04+00:00","og_image":[{"url":"https:\/\/etalfort.com\/wp-content\/uploads\/2018\/08\/rayonnage.jpg"}],"twitter_card":"summary_large_image","twitter_misc":{"Est. reading time":"6 minutes"},"schema":{"@context":"https:\/\/schema.org","@graph":[{"@type":"WebPage","@id":"https:\/\/etalfort.com\/porte-a-faux\/","url":"https:\/\/etalfort.com\/porte-a-faux\/","name":"Opter pour un rayonnage cantilever dans notre entreprise","isPartOf":{"@id":"https:\/\/etalfort.com\/#website"},"datePublished":"2018-08-14T13:16:43+00:00","dateModified":"2025-03-19T11:36:04+00:00","description":"Le rayonnage cantilever est la sp\u00e9cialit\u00e9 de notre soci\u00e9t\u00e9 depuis des ann\u00e9es. Nous les proposons en plusieurs mod\u00e8les, en diff\u00e9rentes tailles.","breadcrumb":{"@id":"https:\/\/etalfort.com\/porte-a-faux\/#breadcrumb"},"inLanguage":"en-US","potentialAction":[{"@type":"ReadAction","target":["https:\/\/etalfort.com\/porte-a-faux\/"]}]},{"@type":"BreadcrumbList","@id":"https:\/\/etalfort.com\/porte-a-faux\/#breadcrumb","itemListElement":[{"@type":"ListItem","position":1,"name":"Home","item":"https:\/\/etalfort.com\/en\/"},{"@type":"ListItem","position":2,"name":"Rayonnage cantilever"}]},{"@type":"WebSite","@id":"https:\/\/etalfort.com\/#website","url":"https:\/\/etalfort.com\/","name":"\u00c9talfort","description":"Racking et \u00e9tag\u00e8re usag\u00e9s","potentialAction":[{"@type":"SearchAction","target":{"@type":"EntryPoint","urlTemplate":"https:\/\/etalfort.com\/?s={search_term_string}"},"query-input":"required name=search_term_string"}],"inLanguage":"en-US"}]}},"_links":{"self":[{"href":"https:\/\/etalfort.com\/en\/wp-json\/wp\/v2\/pages\/447"}],"collection":[{"href":"https:\/\/etalfort.com\/en\/wp-json\/wp\/v2\/pages"}],"about":[{"href":"https:\/\/etalfort.com\/en\/wp-json\/wp\/v2\/types\/page"}],"author":[{"embeddable":true,"href":"https:\/\/etalfort.com\/en\/wp-json\/wp\/v2\/users\/2"}],"replies":[{"embeddable":true,"href":"https:\/\/etalfort.com\/en\/wp-json\/wp\/v2\/comments?post=447"}],"version-history":[{"count":2,"href":"https:\/\/etalfort.com\/en\/wp-json\/wp\/v2\/pages\/447\/revisions"}],"predecessor-version":[{"id":2096,"href":"https:\/\/etalfort.com\/en\/wp-json\/wp\/v2\/pages\/447\/revisions\/2096"}],"wp:attachment":[{"href":"https:\/\/etalfort.com\/en\/wp-json\/wp\/v2\/media?parent=447"}],"curies":[{"name":"wp","href":"https:\/\/api.w.org\/{rel}","templated":true}]}}