{"id":440,"date":"2018-08-14T13:01:06","date_gmt":"2018-08-14T13:01:06","guid":{"rendered":"https:\/\/etalfort.com\/?page_id=440"},"modified":"2018-08-14T19:01:39","modified_gmt":"2018-08-14T19:01:39","slug":"etagere-industrielle","status":"publish","type":"page","link":"https:\/\/etalfort.com\/en\/etagere-industrielle\/","title":{"rendered":"Tous les rayonnages m\u00e9talliques et \u00e9tag\u00e8res industrielles"},"content":{"rendered":"<p align=\"justify\">Le rayonnage usag\u00e9 que notre entreprise commercialise est inspect\u00e9 et v\u00e9rifi\u00e9 scrupuleusement par nos \u00e9quipes en atelier.<\/p>\n<p align=\"justify\">Ces contr\u00f4les que nous effectuons nous permettent de vous livrer des \u00e9quipements en bon \u00e9tat, en veillant \u00e0 ce que les capacit\u00e9s de charges ne soient pas modifi\u00e9es. En quelque sorte, il s\u2019agit de confirmer que l\u2019id\u00e9e de se procurer du rayonnage dans l\u2019usag\u00e9 n\u2019est pas une mauvaise id\u00e9e, bien au contraire.<\/p>\n<h2><strong>Grand choix de rayonnages<\/strong><\/h2>\n<p align=\"justify\"><img fetchpriority=\"high\" decoding=\"async\" class=\"alignleft wp-image-441\" src=\"https:\/\/etalfort.com\/wp-content\/uploads\/2018\/08\/tagres-industrielles.jpg\" alt=\"\" width=\"400\" height=\"234\" srcset=\"https:\/\/etalfort.com\/wp-content\/uploads\/2018\/08\/tagres-industrielles.jpg 470w, https:\/\/etalfort.com\/wp-content\/uploads\/2018\/08\/tagres-industrielles-300x176.jpg 300w\" sizes=\"(max-width: 400px) 100vw, 400px\" \/>Notre entrep\u00f4t vous propose les solutions ad\u00e9quates et appropri\u00e9es pour vos probl\u00e8mes de stockage, et ce, \u00e0 travers un inventaire diversifi\u00e9 de rayonnages. Nos <a href=\"https:\/\/etalfort.com\/\">\u00e9tag\u00e8res industrielles<\/a> sont tous d\u2019une grande valeur professionnelle.<\/p>\n<p align=\"justify\">De plus, toutes nos \u00e9tag\u00e8res en m\u00e9tal ont \u00e9t\u00e9 confectionn\u00e9es et invent\u00e9es afin de satisfaire \u00e0 toutes les exigences de rangement pour tout environnement professionnel et industriel.<\/p>\n<p align=\"justify\">Nous proposons des rayonnages m\u00e9talliques pour le rangement d&#8217;archives, mais \u00e9galement pour stocker des charges l\u00e9g\u00e8res ou semi-lourdes.<\/p>\n<p align=\"justify\">Vous avez besoin d\u2019un agencement sp\u00e9cial\u00a0? Nous vous proposerons une vari\u00e9t\u00e9 d&#8217;\u00e9tag\u00e8res industrielles qui correspondront parfaitement \u00e0 n\u2019importe quel type de rangement recherch\u00e9.<\/p>\n<p align=\"justify\">Vous \u00eates garagiste\u00a0? Vous aimerez certainement nos rayonnages de rangement sp\u00e9cialement invent\u00e9 pour tout ce qui est mat\u00e9riel pneumatique.<\/p>\n<p align=\"justify\">Vous pouvez aussi adopter un rack polyvalent ou un rack mi-lourd pour entreposer vos produits ou peut-\u00eatre un rayonnage de bureau pour organiser votre nouveau d\u00e9partement ou votre nouvel espace de bureau !<\/p>\n<p align=\"justify\">Gr\u00e2ce aux rayonnages de rangement que nous vous proposons, vous trouverez certainement le mod\u00e8le qui vous conviendra pour d\u00e9poser toutes vos marchandises !<\/p>\n<h2><strong>Etag\u00e8re industrielle sur-mesure<\/strong><\/h2>\n<p align=\"justify\"><img decoding=\"async\" class=\"alignright wp-image-444\" title=\"\u00e9tag\u00e8re industrielle\" src=\"https:\/\/etalfort.com\/wp-content\/uploads\/2018\/08\/etagre-industrielle-sur-mesure.jpg\" alt=\"\" width=\"389\" height=\"292\" srcset=\"https:\/\/etalfort.com\/wp-content\/uploads\/2018\/08\/etagre-industrielle-sur-mesure.jpg 640w, https:\/\/etalfort.com\/wp-content\/uploads\/2018\/08\/etagre-industrielle-sur-mesure-300x225.jpg 300w\" sizes=\"(max-width: 389px) 100vw, 389px\" \/>Avant de choisir notre compagnie, soyez assur\u00e9s que tous nos produits sont certifi\u00e9s de qualit\u00e9.\u00a0 Vous pourrez donc b\u00e9n\u00e9ficier d&#8217;un produit personnalis\u00e9 qui r\u00e9pondra tout \u00e0 fait \u00e0 vos besoins en termes de rangement de vos marchandises.<\/p>\n<p align=\"justify\">Il ne vous reste plus qu\u2019\u00e0 demander un devis pour une \u00e9tag\u00e8re industrielle\u00a0! Une fois la commande valid\u00e9e, la livraison se fera dans des d\u00e9lais raisonnables.<\/p>\n<p>Nous proposons aussi des rayonnages usag\u00e9s pour les archives, dont voici quelques mod\u00e8les\u00a0:<\/p>\n<ul>\n<li>\n<h2><strong>Rayonnage d&#8217;archives peint<\/strong><\/h2>\n<\/li>\n<\/ul>\n<p align=\"justify\">C\u2019est un rack peint sp\u00e9cialement con\u00e7u pour le rangement d&#8217;archives : cartons, ou encore dossiers suspendus.<\/p>\n<p align=\"justify\">Le design est tr\u00e8s recherch\u00e9 avec des montants gris anthracite, et des planches en acier m\u00e9tallis\u00e9.<\/p>\n<p>R\u00e9sum\u00e9 :<\/p>\n<p>&#8211; Emmagasinage d&#8217;archives et aussi de dossiers suspendus<\/p>\n<p>&#8211; Plusieurs aspects possibles<\/p>\n<p>&#8211; Tr\u00e8s bon rapport qualit\u00e9\/prix<\/p>\n<p align=\"justify\">Nous nous occupons enti\u00e8rement de vos besoins en termes de rayonnage d\u2019archives peint. Une fois votre d\u00e9cision finale prise, nous nous engageons \u00e0 assembler et installer votre nouvel \u00e9quipement dans votre aire de rangement d\u2019archives. Contactez-nous sur notre site et vous aurez serez agr\u00e9ablement surpris.<\/p>\n<p align=\"justify\">Si vous \u00eates \u00e0 la recherche aussi d\u2019autres types de rayonnage pour stocker vos archives, nous pouvons \u00e9galement vous sugg\u00e9rer le rack d\u2019archives coulissant qui vous permettra une optimisation parfaite de votre espace et le rack \u00e0 t\u00f4le pour un stockage efficace.<\/p>\n<p align=\"justify\"><img decoding=\"async\" class=\"aligncenter wp-image-445 size-full\" title=\"\u00e9tag\u00e8re industrielle ville de montr\u00e9al\" src=\"https:\/\/etalfort.com\/wp-content\/uploads\/2018\/08\/rack-darchives.jpg\" alt=\"\" width=\"1481\" height=\"1000\" srcset=\"https:\/\/etalfort.com\/wp-content\/uploads\/2018\/08\/rack-darchives.jpg 1481w, https:\/\/etalfort.com\/wp-content\/uploads\/2018\/08\/rack-darchives-300x203.jpg 300w, https:\/\/etalfort.com\/wp-content\/uploads\/2018\/08\/rack-darchives-768x519.jpg 768w, https:\/\/etalfort.com\/wp-content\/uploads\/2018\/08\/rack-darchives-1024x691.jpg 1024w\" sizes=\"(max-width: 1481px) 100vw, 1481px\" \/><\/p>\n<ul>\n<li>\n<h2><strong>Rayonnage d&#8217;archives \u00e0 tablettes m\u00e9talliques :<\/strong><\/h2>\n<\/li>\n<\/ul>\n<p align=\"justify\">Le rayonnage en m\u00e9tal modulable pour rangement d\u2019archives, est constitu\u00e9 de montants m\u00e9talliques galvanis\u00e9s ou peints et de tablettes bien a\u00e9r\u00e9es, en solide acier que vous pouvez r\u00e9gler jusqu\u2019\u00e0 25 mm<\/p>\n<p align=\"justify\">Selon les grandeurs et le poids des articles, les tablettes s\u2019adaptent parfaitement, permettant de stocker des cartons d\u2019archives pesants jusqu\u2019\u00e0 300 kg par rayon.<\/p>\n<p align=\"justify\">Le rayonnage d&#8217;archives avec tablettes en m\u00e9tal se retrouve dans plusieurs grandeurs permettant par cons\u00e9quent de combler tous vos besoins en mati\u00e8re de rangement de documents.<\/p>\n<p align=\"justify\">Gr\u00e2ce \u00e0 une profondeur de 360 mm, vous pourrez l\u2019utiliser pour le rangement de dossiers suspendus et de cartons d\u2019archives.<\/p>\n<p>En bref, retenez qu\u2019il offre plusieurs atouts :<\/p>\n<p>&#8211; Rangement d&#8217;archives et dossiers suspendus<\/p>\n<p>&#8211; Poids support\u00e9 jusqu\u2019\u00e0 trois cents kg par rayon<\/p>\n<p>&#8211; \u00c9chelles soud\u00e9es<\/p>\n<p>&#8211; Se r\u00e8gle par tasseaux au pas de 25 mm<\/p>\n<p><strong>&#8211; <\/strong>Tablettes int\u00e9gralement m\u00e9tallis\u00e9es<\/p>\n<p align=\"justify\">Il ne vous reste plus qu\u2019\u00e0 faire votre demande de devis en rayonnage d\u2019archives, c\u2019est gratuit et sans le moindre engagement de votre part.<\/p>\n<p align=\"justify\">Si vous d\u00e9sirez un rack encore plus beau, plus esth\u00e9tique, nous vous proposons, le rayonnage d\u2019archives avec parois. Celui-ci vous plaira davantage.<\/p>\n<ul>\n<li>\n<h2><strong>Rayonnage d\u2019archives de bureau m\u00e9tallique \u00e0 parois<\/strong><\/h2>\n<\/li>\n<\/ul>\n<p><img loading=\"lazy\" decoding=\"async\" class=\"alignleft wp-image-443\" title=\"\u00e9tag\u00e8re industrielle r\u00e9gion de montr\u00e9al\" src=\"https:\/\/etalfort.com\/wp-content\/uploads\/2018\/08\/rayonnage-darchives-de-bureau.jpg\" alt=\"\" width=\"400\" height=\"271\" srcset=\"https:\/\/etalfort.com\/wp-content\/uploads\/2018\/08\/rayonnage-darchives-de-bureau.jpg 595w, https:\/\/etalfort.com\/wp-content\/uploads\/2018\/08\/rayonnage-darchives-de-bureau-300x203.jpg 300w\" sizes=\"(max-width: 400px) 100vw, 400px\" \/>C\u2019est un \u00e9quipement que nous vous recommandons pour ranger des archives dans un rayonnage de bureau en m\u00e9tal :<\/p>\n<p align=\"justify\">En effet, il est id\u00e9al pour une organisation optimale de votre environnement de travail. Ce rayonnage \u00e0 parois et \u00e0 tablettes en m\u00e9tal vous aide \u00e0 ranger vos cartons et classeurs, dans un souci esth\u00e9tique \u00e9vident. En effet, il donnera \u00e0 votre bureau une certaine gr\u00e2ce, une \u00e9l\u00e9gance sans pareil.<\/p>\n<p align=\"justify\">Le rayonnage d\u2019archives \u00e0 t\u00f4le s\u2019adapte aux espaces du secteur tertiaire, aux structures administratives afin d\u2019entreposer et classer des dossiers professionnels et des archives. Vous pouvez le trouver dans plusieurs grandeurs, et la dimension standard vous permet de suspendre des dossiers avec 360 mm de profondeur. Le rack \u00e0 parois est plut\u00f4t de petite taille, il semble \u00eatre parfait pour les exigences des espaces de bureau et de diff\u00e9rents environnements.<\/p>\n<p>En bref, nous pourrons vous dire que\u00a0c\u2019est un rayonnage qui poss\u00e8de plusieurs qualit\u00e9s dont\u00a0:<\/p>\n<p>&#8211; Peu volumineux<\/p>\n<p>&#8211; Tablettes en m\u00e9tal de type monobloc<\/p>\n<p>&#8211; Stockage d&#8217;archives et de dossiers suspendus<\/p>\n<p>&#8211; Divers accessoires<\/p>\n<p>&#8211; Bien adapt\u00e9 pour des besoins administratifs<\/p>\n<p class=\"alignnone\" title=\"\u00e9tag\u00e8re industrielle grande r\u00e9gion de montr\u00e9al\" align=\"justify\"><img loading=\"lazy\" decoding=\"async\" class=\"alignright size-full wp-image-442\" src=\"https:\/\/etalfort.com\/wp-content\/uploads\/2018\/08\/rayonnage-tubulaire.jpg\" alt=\"\" width=\"300\" height=\"300\" srcset=\"https:\/\/etalfort.com\/wp-content\/uploads\/2018\/08\/rayonnage-tubulaire.jpg 300w, https:\/\/etalfort.com\/wp-content\/uploads\/2018\/08\/rayonnage-tubulaire-150x150.jpg 150w, https:\/\/etalfort.com\/wp-content\/uploads\/2018\/08\/rayonnage-tubulaire-1024x1024.jpg 1024w\" sizes=\"(max-width: 300px) 100vw, 300px\" \/>N\u2019h\u00e9sitez plus et lancez un appel d\u2019offres sur devis pour \u00e9tag\u00e8res en t\u00f4le, con\u00e7ues sp\u00e9cialement pour les archives. Cela est gratuit et sans le moindre engagement de votre part. De plus, apr\u00e8s avoir \u00e9tabli vos besoins en termes d\u2019archivage, nos experts vous accompagneront pas \u00e0 pas dans vos d\u00e9marches.\u00a0 Ils vous aideront \u00e0 partir de l\u2019\u00e9tude personnalis\u00e9e de votre projet jusqu\u2019\u00e0 l\u2019implantation de l\u2019\u00e9quipement dans vos locaux.<\/p>\n<p align=\"justify\">Pour un rangement des archives, notre entreprise Etalfort Inc vous offrira un rayonnage des archives \u00e0 prix abordable. Evidemment par rapport au rayonnage d\u2019archives \u00e0 parois, le rayonnage \u00e9conomique est moins esth\u00e9tique en termes d\u2019apparence, toutefois la m\u00eame qualit\u00e9 est conserv\u00e9e.<\/p>\n<ul>\n<li>\n<h2><strong>Rayonnage tubuleux pour archives<\/strong><\/h2>\n<\/li>\n<\/ul>\n<p align=\"justify\">Le rayonnage tubulaire va permettre le stockage de cartons d&#8217;archives et \u00e9galement de classeurs. Ce rayonnage peut convenir sans restriction aucune \u00e0 tous types d\u2019environnements con\u00e7us pour le rangement d&#8217;archives.<\/p>\n<p>Vous pouvez l\u2019installer dans un bureau, ou encore dans un lieu sp\u00e9cialement pr\u00e9par\u00e9 pour l\u2019emmagasinage.<\/p>\n","protected":false},"excerpt":{"rendered":"<p>Le rayonnage usag\u00e9 que notre entreprise commercialise est inspect\u00e9 et v\u00e9rifi\u00e9 scrupuleusement par nos \u00e9quipes en atelier. Ces contr\u00f4les que nous effectuons nous permettent de vous livrer des \u00e9quipements en bon \u00e9tat, en veillant \u00e0 ce que les capacit\u00e9s de charges ne soient pas modifi\u00e9es. En quelque sorte, il s\u2019agit de confirmer que l\u2019id\u00e9e de [&hellip;]<\/p>\n","protected":false},"author":2,"featured_media":0,"parent":0,"menu_order":0,"comment_status":"closed","ping_status":"closed","template":"","meta":{"_acf_changed":false,"footnotes":""},"acf":[],"yoast_head":"<!-- This site is optimized with the Yoast SEO plugin v22.0 - https:\/\/yoast.com\/wordpress\/plugins\/seo\/ -->\n<title>Nous confier la mise en place de votre \u00e9tag\u00e8re industrielle<\/title>\n<meta name=\"description\" content=\"Nous proposons \u00e0 nos clients des \u00e9tag\u00e8res industrielles ainsi que des rayonnages modernes, faciles \u00e0 installer et surtout d&#039;excellente qualit\u00e9.\" \/>\n<meta name=\"robots\" content=\"index, follow, max-snippet:-1, max-image-preview:large, max-video-preview:-1\" \/>\n<link rel=\"canonical\" href=\"https:\/\/etalfort.com\/en\/etagere-industrielle\/\" \/>\n<meta property=\"og:locale\" content=\"en_US\" \/>\n<meta property=\"og:type\" content=\"article\" \/>\n<meta property=\"og:title\" content=\"Nous confier la mise en place de votre \u00e9tag\u00e8re industrielle\" \/>\n<meta property=\"og:description\" content=\"Nous proposons \u00e0 nos clients des \u00e9tag\u00e8res industrielles ainsi que des rayonnages modernes, faciles \u00e0 installer et surtout d&#039;excellente qualit\u00e9.\" \/>\n<meta property=\"og:url\" content=\"https:\/\/etalfort.com\/en\/etagere-industrielle\/\" \/>\n<meta property=\"og:site_name\" content=\"\u00c9talfort\" \/>\n<meta property=\"article:modified_time\" content=\"2018-08-14T19:01:39+00:00\" \/>\n<meta property=\"og:image\" content=\"https:\/\/etalfort.com\/wp-content\/uploads\/2018\/08\/tagres-industrielles.jpg\" \/>\n<meta name=\"twitter:card\" content=\"summary_large_image\" \/>\n<meta name=\"twitter:label1\" content=\"Est. reading time\" \/>\n\t<meta name=\"twitter:data1\" content=\"6 minutes\" \/>\n<script type=\"application\/ld+json\" class=\"yoast-schema-graph\">{\"@context\":\"https:\/\/schema.org\",\"@graph\":[{\"@type\":\"WebPage\",\"@id\":\"https:\/\/etalfort.com\/en\/etagere-industrielle\/\",\"url\":\"https:\/\/etalfort.com\/en\/etagere-industrielle\/\",\"name\":\"Nous confier la mise en place de votre \u00e9tag\u00e8re industrielle\",\"isPartOf\":{\"@id\":\"https:\/\/etalfort.com\/#website\"},\"datePublished\":\"2018-08-14T13:01:06+00:00\",\"dateModified\":\"2018-08-14T19:01:39+00:00\",\"description\":\"Nous proposons \u00e0 nos clients des \u00e9tag\u00e8res industrielles ainsi que des rayonnages modernes, faciles \u00e0 installer et surtout d'excellente qualit\u00e9.\",\"breadcrumb\":{\"@id\":\"https:\/\/etalfort.com\/en\/etagere-industrielle\/#breadcrumb\"},\"inLanguage\":\"en-US\",\"potentialAction\":[{\"@type\":\"ReadAction\",\"target\":[\"https:\/\/etalfort.com\/en\/etagere-industrielle\/\"]}]},{\"@type\":\"BreadcrumbList\",\"@id\":\"https:\/\/etalfort.com\/en\/etagere-industrielle\/#breadcrumb\",\"itemListElement\":[{\"@type\":\"ListItem\",\"position\":1,\"name\":\"Home\",\"item\":\"https:\/\/etalfort.com\/en\/\"},{\"@type\":\"ListItem\",\"position\":2,\"name\":\"Tous les rayonnages m\u00e9talliques et \u00e9tag\u00e8res industrielles\"}]},{\"@type\":\"WebSite\",\"@id\":\"https:\/\/etalfort.com\/#website\",\"url\":\"https:\/\/etalfort.com\/\",\"name\":\"\u00c9talfort\",\"description\":\"Racking et \u00e9tag\u00e8re usag\u00e9s\",\"potentialAction\":[{\"@type\":\"SearchAction\",\"target\":{\"@type\":\"EntryPoint\",\"urlTemplate\":\"https:\/\/etalfort.com\/?s={search_term_string}\"},\"query-input\":\"required name=search_term_string\"}],\"inLanguage\":\"en-US\"}]}<\/script>\n<!-- \/ Yoast SEO plugin. -->","yoast_head_json":{"title":"Nous confier la mise en place de votre \u00e9tag\u00e8re industrielle","description":"Nous proposons \u00e0 nos clients des \u00e9tag\u00e8res industrielles ainsi que des rayonnages modernes, faciles \u00e0 installer et surtout d'excellente qualit\u00e9.","robots":{"index":"index","follow":"follow","max-snippet":"max-snippet:-1","max-image-preview":"max-image-preview:large","max-video-preview":"max-video-preview:-1"},"canonical":"https:\/\/etalfort.com\/en\/etagere-industrielle\/","og_locale":"en_US","og_type":"article","og_title":"Nous confier la mise en place de votre \u00e9tag\u00e8re industrielle","og_description":"Nous proposons \u00e0 nos clients des \u00e9tag\u00e8res industrielles ainsi que des rayonnages modernes, faciles \u00e0 installer et surtout d'excellente qualit\u00e9.","og_url":"https:\/\/etalfort.com\/en\/etagere-industrielle\/","og_site_name":"\u00c9talfort","article_modified_time":"2018-08-14T19:01:39+00:00","og_image":[{"url":"https:\/\/etalfort.com\/wp-content\/uploads\/2018\/08\/tagres-industrielles.jpg"}],"twitter_card":"summary_large_image","twitter_misc":{"Est. reading time":"6 minutes"},"schema":{"@context":"https:\/\/schema.org","@graph":[{"@type":"WebPage","@id":"https:\/\/etalfort.com\/en\/etagere-industrielle\/","url":"https:\/\/etalfort.com\/en\/etagere-industrielle\/","name":"Nous confier la mise en place de votre \u00e9tag\u00e8re industrielle","isPartOf":{"@id":"https:\/\/etalfort.com\/#website"},"datePublished":"2018-08-14T13:01:06+00:00","dateModified":"2018-08-14T19:01:39+00:00","description":"Nous proposons \u00e0 nos clients des \u00e9tag\u00e8res industrielles ainsi que des rayonnages modernes, faciles \u00e0 installer et surtout d'excellente qualit\u00e9.","breadcrumb":{"@id":"https:\/\/etalfort.com\/en\/etagere-industrielle\/#breadcrumb"},"inLanguage":"en-US","potentialAction":[{"@type":"ReadAction","target":["https:\/\/etalfort.com\/en\/etagere-industrielle\/"]}]},{"@type":"BreadcrumbList","@id":"https:\/\/etalfort.com\/en\/etagere-industrielle\/#breadcrumb","itemListElement":[{"@type":"ListItem","position":1,"name":"Home","item":"https:\/\/etalfort.com\/en\/"},{"@type":"ListItem","position":2,"name":"Tous les rayonnages m\u00e9talliques et \u00e9tag\u00e8res industrielles"}]},{"@type":"WebSite","@id":"https:\/\/etalfort.com\/#website","url":"https:\/\/etalfort.com\/","name":"\u00c9talfort","description":"Racking et \u00e9tag\u00e8re usag\u00e9s","potentialAction":[{"@type":"SearchAction","target":{"@type":"EntryPoint","urlTemplate":"https:\/\/etalfort.com\/?s={search_term_string}"},"query-input":"required name=search_term_string"}],"inLanguage":"en-US"}]}},"_links":{"self":[{"href":"https:\/\/etalfort.com\/en\/wp-json\/wp\/v2\/pages\/440"}],"collection":[{"href":"https:\/\/etalfort.com\/en\/wp-json\/wp\/v2\/pages"}],"about":[{"href":"https:\/\/etalfort.com\/en\/wp-json\/wp\/v2\/types\/page"}],"author":[{"embeddable":true,"href":"https:\/\/etalfort.com\/en\/wp-json\/wp\/v2\/users\/2"}],"replies":[{"embeddable":true,"href":"https:\/\/etalfort.com\/en\/wp-json\/wp\/v2\/comments?post=440"}],"version-history":[{"count":3,"href":"https:\/\/etalfort.com\/en\/wp-json\/wp\/v2\/pages\/440\/revisions"}],"predecessor-version":[{"id":531,"href":"https:\/\/etalfort.com\/en\/wp-json\/wp\/v2\/pages\/440\/revisions\/531"}],"wp:attachment":[{"href":"https:\/\/etalfort.com\/en\/wp-json\/wp\/v2\/media?parent=440"}],"curies":[{"name":"wp","href":"https:\/\/api.w.org\/{rel}","templated":true}]}}