{"id":433,"date":"2018-08-14T12:40:21","date_gmt":"2018-08-14T12:40:21","guid":{"rendered":"https:\/\/etalfort.com\/?page_id=433"},"modified":"2018-08-14T18:14:42","modified_gmt":"2018-08-14T18:14:42","slug":"etagere-en-metal","status":"publish","type":"page","link":"https:\/\/etalfort.com\/en\/etagere-en-metal\/","title":{"rendered":"\u00c9tag\u00e8re en m\u00e9tal, solutions et perspectives"},"content":{"rendered":"<p align=\"justify\"><img fetchpriority=\"high\" decoding=\"async\" class=\"alignleft wp-image-434\" title=\"etagere en metal dans la ville de montreal\" src=\"https:\/\/etalfort.com\/wp-content\/uploads\/2018\/08\/tagre-en-mtal.jpg\" alt=\"\" width=\"344\" height=\"344\" srcset=\"https:\/\/etalfort.com\/wp-content\/uploads\/2018\/08\/tagre-en-mtal.jpg 700w, https:\/\/etalfort.com\/wp-content\/uploads\/2018\/08\/tagre-en-mtal-150x150.jpg 150w, https:\/\/etalfort.com\/wp-content\/uploads\/2018\/08\/tagre-en-mtal-300x300.jpg 300w, https:\/\/etalfort.com\/wp-content\/uploads\/2018\/08\/tagre-en-mtal-1024x1024.jpg 1024w\" sizes=\"(max-width: 344px) 100vw, 344px\" \/>Depuis tr\u00e8s longtemps, nous contribuons \u00e0 trouver des r\u00e9ponses \u00e0 vos petits soucis en termes de rangement.\u00a0 En nous basant sur notre savoir-faire et notre exp\u00e9rience, nous sommes confiants de pouvoir vous aider \u00e0 trouver la solution ad\u00e9quate.<\/p>\n<p align=\"justify\">Avec nous, vous trouverez toujours une solution en termes de mat\u00e9riel usag\u00e9, et nous veillons \u00e0 vous procurer de la marchandise de qualit\u00e9. C\u2019est pourquoi, nous inspectons et nous v\u00e9rifions avec une grande minutie tous nos rayonnages avant de vous les livrer.<\/p>\n<p align=\"justify\">Notre mission est de bien contr\u00f4ler le mat\u00e9riel que nous vendons. Ainsi, vous pouvez acheter en toute qui\u00e9tude nos produits d\u2019occasion car vous serez assur\u00e9s qu\u2019ils sont sans d\u00e9faut, con\u00e7us pour tol\u00e9rer parfaitement les charges.<\/p>\n<p align=\"justify\">Acheter un racking d\u2019occasion est loin d\u2019\u00eatre risqu\u00e9, bien au contraire c\u2019est un achat \u00e9conomique profitable et intelligent.<\/p>\n<h2><strong>Caract\u00e9ristiques de la collection rayonnage usag\u00e9 <\/strong><\/h2>\n<p align=\"justify\">Vous avez besoin de rangement d\u2019occasion ? On vous dit que c\u2019est risqu\u00e9, que vous n\u2019allez pas trouver ce que vous d\u00e9sirez\u00a0? Ce ne sont que des histoires, une tactique pour vous pousser \u00e0 acheter le rayonnage dans le neuf. \u00a0Opter pour un achat d\u2019\u00e9quipement neuf est plus co\u00fbteux, et pas aussi performant qu\u2019on le laisse entendre parfois.<\/p>\n<p align=\"justify\">Chez nous, vous allez trouver une panoplie de produits vari\u00e9s, bien entretenus, bien inspect\u00e9s, de toutes les grandeurs et capable d\u2019assumer les charges de votre choix. Notre assortiment de produits saura r\u00e9pondre \u00e0 vos besoins quels qu\u2019ils soient. Vous serez toujours pleinement satisfaits. Quant \u00e0 nos prix, ils sont imbattables\u00a0!<\/p>\n<p align=\"justify\"><img decoding=\"async\" class=\"aligncenter wp-image-436 size-large\" title=\"etagere en metal \u00e0 Montreal\" src=\"https:\/\/etalfort.com\/wp-content\/uploads\/2018\/08\/tagres-de-rangement-1024x582.jpg\" alt=\"\" width=\"1024\" height=\"582\" srcset=\"https:\/\/etalfort.com\/wp-content\/uploads\/2018\/08\/tagres-de-rangement-1024x582.jpg 1024w, https:\/\/etalfort.com\/wp-content\/uploads\/2018\/08\/tagres-de-rangement-300x171.jpg 300w, https:\/\/etalfort.com\/wp-content\/uploads\/2018\/08\/tagres-de-rangement-768x437.jpg 768w, https:\/\/etalfort.com\/wp-content\/uploads\/2018\/08\/tagres-de-rangement.jpg 1340w\" sizes=\"(max-width: 1024px) 100vw, 1024px\" \/><\/p>\n<h2><strong>Les \u00e9tag\u00e8res de <\/strong><strong>rangement<\/strong><\/h2>\n<p align=\"justify\">Une \u00e9tag\u00e8re de rangement est une infrastructure de base qui vous aidera \u00e0 \u00eatre mieux organis\u00e9, et contribuera \u00e0 votre r\u00e9ussite sur le plan professionnel. Ces \u00e9tag\u00e8res seront la cl\u00e9 de votre succ\u00e8s \u00e9conomique, et vous aideront \u00e0 augmenter, \u00e0 accroitre la productivit\u00e9 de vos salari\u00e9s, par cons\u00e9quent de votre entreprise.<\/p>\n<p align=\"justify\">Quel que soit le secteur dans lequel votre entreprise est impliqu\u00e9e, vous pouvez trouver rapidement et sans probl\u00e8me, tout ce que vous d\u00e9sirez. De plus, vous aurez votre livraison \u00e0 temps lorsque vous faites affaires avec nous.<\/p>\n<h2>Alors qu\u2019attendez-vous pour commander\u00a0?<\/h2>\n<p align=\"justify\">Pensez au temps que vous allez perdre en farfouillant dans vos cartons d\u00e9pos\u00e9s ici et l\u00e0. Alors qu\u2019avec nos \u00e9tag\u00e8res d\u2019occasion, tout sera facilement accessible.<\/p>\n<p align=\"justify\">Nous vous pr\u00e9sentons ci-dessous une liste tr\u00e8s vari\u00e9e d\u2019\u00e9tag\u00e8res en m\u00e9tal, ou en inox r\u00e9glables. De plus, vous b\u00e9n\u00e9ficierez d\u2019un rapport qualit\u00e9\/prix qui excelle sur le march\u00e9 du racking.<\/p>\n<ul>\n<li><strong>Etag\u00e8re en m\u00e9tal 50 kg<\/strong><\/li>\n<\/ul>\n<p align=\"justify\">Ce rayonnage, <a href=\"https:\/\/etalfort.com\/\">\u00e9tag\u00e8re en m\u00e9tal<\/a> peint et construit tr\u00e8s robuste convient \u00e0 tout environnement de travail. Vous pouvez l\u2019installer en permanence ou l\u2019incliner \u00e0 20\u00b0, sur un montant transperc\u00e9.<\/p>\n<p>Caract\u00e9ristiques :<\/p>\n<p>&#8211; Dimensions (L x l x h) : de 490x 300\/ \u00e0 400 x 20 mm<\/p>\n<p>&#8211; Charge maximale estim\u00e9e \u00e0 50 kg.<\/p>\n<p>&#8211; Disponible en quatre unit\u00e9s, avec un choix de deux profondeurs trois cents et quatre cents mm<\/p>\n<p align=\"justify\">Ce racking usag\u00e9 peut s\u2019ajuster \u00e0 votre environnement d\u2019emmagasinement\u00a0: hangar ou d\u00e9p\u00f4t. Les \u00e9tag\u00e8res peuvent \u00eatre enti\u00e8rement d\u00e9mont\u00e9es et r\u00e9utilis\u00e9es. Vous pouvez d\u00e9poser jusqu\u2019\u00e0 2950 kg de marchandise. C\u2019est le racking usag\u00e9 parfait pour am\u00e9liorer au maximum votre aire d\u2019emmagasinage.<\/p>\n<p align=\"justify\"><img decoding=\"async\" class=\"aligncenter wp-image-438 size-large\" title=\"etagere en m\u00e9tal dans la grande r\u00e9gion de montr\u00e9al\" src=\"https:\/\/etalfort.com\/wp-content\/uploads\/2018\/08\/racking-usag-1024x687.jpg\" alt=\"\" width=\"1024\" height=\"687\" srcset=\"https:\/\/etalfort.com\/wp-content\/uploads\/2018\/08\/racking-usag.jpg 1024w, https:\/\/etalfort.com\/wp-content\/uploads\/2018\/08\/racking-usag-300x201.jpg 300w, https:\/\/etalfort.com\/wp-content\/uploads\/2018\/08\/racking-usag-768x515.jpg 768w\" sizes=\"(max-width: 1024px) 100vw, 1024px\" \/><\/p>\n<ul>\n<li><strong>Etag\u00e8re de rangement en inox<\/strong><\/li>\n<\/ul>\n<p align=\"justify\">C\u2019est une \u00e9tag\u00e8re tr\u00e8s performante. Elle peut atteindre une hauteur de 3000mm, avec une perforation qui pourrait la mettre \u00e0 33 mm. Cette \u00e9tag\u00e8re peut supporter 210 kg, avec une profondeur qui peut atteindre les 600 mm, et une largeur jusqu&#8217;\u00e0 1500.<\/p>\n<p align=\"justify\">Si vous op\u00e9rez dans l&#8217;industrie agro-alimentaire, un h\u00f4pital, ou secteur commercial, nos \u00e9tag\u00e8res d\u2019emmagasinement en inox r\u00e9put\u00e9es pour leurs propri\u00e9t\u00e9s inoxydables, vous conviendront parfaitement.<\/p>\n<p>Ces \u00e9tag\u00e8res sont simples \u00e0 implanter, sans vis et sans \u00e9crou.<\/p>\n<p>Elles sont reconnues par leur solidit\u00e9, pouvant tol\u00e9rer 210 kg r\u00e9partis de mani\u00e8re \u00e9gale par planchette.<\/p>\n<ul>\n<li><strong>Rayonnage m\u00e9tallique en acier galvanis\u00e9<\/strong><\/li>\n<\/ul>\n<p>La charge tol\u00e9r\u00e9e est estim\u00e9e \u00e0 235 kg pour chaque niveau.<\/p>\n<p align=\"justify\">Ce racking galvanis\u00e9 est reconnu pour sa grande r\u00e9sistance et robustesse, cela est d\u00fb \u00e0 sa structure en acier galvanis\u00e9. Vous pouvez le monter en un rien de temps et sans outil.<\/p>\n<p><em>Les avantages du produit : <\/em><\/p>\n<p align=\"justify\">C\u2019est un rayonnage que vous pouvez utiliser sans difficult\u00e9, et que vous pouvez aussi d\u00e9monter facilement. Il est utile pour le racking de tous genres de produits.<\/p>\n<p align=\"justify\">Vous pouvez r\u00e9gler facilement la hauteur des \u00e9tag\u00e8res. Chaque \u00e9tag\u00e8re comporte trois niveaux, mais il reste possible d\u2019y ajouter des niveaux additionnels.<\/p>\n<p><em>Caract\u00e9ristiques techniques :<\/em><\/p>\n<p>&#8211; Hauteur (mm) : de 1972 \u00e0 2500<\/p>\n<p>&#8211; Longueur (mm) : de 1050 \u00e0 1500<\/p>\n<p>&#8211; Profondeur (mm) : de320 \u00e0 700<\/p>\n<p>&#8211; Charge support\u00e9e : 235 kg par paliers<\/p>\n<p>&#8211; La charge support\u00e9e par \u00e9chelle est estim\u00e9e \u00e0 1 500 kg, avec un rayonnage de cinq rang\u00e9es.<\/p>\n<p align=\"justify\">N\u2019oubliez pas, vous pouvez nous contacter \u00e0 tout moment ou vous inscrire afin de recevoir notre newsletter. Vous serez inform\u00e9s en tout temps.<\/p>\n<ul>\n<li><strong>Etag\u00e8re murale en inox<\/strong><\/li>\n<\/ul>\n<p>Le poids maximal est \u00e9valu\u00e9 \u00e0 50 kg.<\/p>\n<p align=\"justify\">C\u2019est une \u00e9tag\u00e8re \u00e0 toute \u00e9preuve, que l\u2019on peut assembler rapidement et dont l\u2019entretien est facile. L\u2019\u00e9tag\u00e8re usag\u00e9e que nous vous proposons est fabriqu\u00e9e de mat\u00e9riau hygi\u00e9nique, int\u00e9gralement en acier inoxydable.<em>\u00a0<\/em><\/p>\n<p><em>Les avantages\u00a0: <\/em><\/p>\n<p>&#8211; Vous pouvez monter au mur ou sur un montant transperc\u00e9.<\/p>\n<p>&#8211; Vous pouvez aussi r\u00e9gler la hauteur, si elle est destin\u00e9e \u00e0 l&#8217;industrie pharmaceutique et agro-alimentaire, par exemple.<em>\u00a0<\/em><\/p>\n<p><em>Caract\u00e9ristiques techniques :<\/em><\/p>\n<p>Vous pouvez vous la procurer dans deux profondeurs diff\u00e9rentes : 300 et 400 mm<\/p>\n<p>Quant aux dimensions disponibles (L x l), elles sont comprises de 490 x 300 mm \u00e0 1340 x 400 mm<\/p>\n<p>Pour avoir plus de d\u00e9tails, notre site est parfait pour vous donner toutes les informations n\u00e9cessaires sur ce produit.<\/p>\n<ul>\n<li><strong>Etag\u00e8re inox r\u00e9glable en hauteur<\/strong><\/li>\n<\/ul>\n<p>Le poids maximum est de 80 kg.<\/p>\n<p align=\"justify\">Ce rayonnage r\u00e9glable en hauteur est enti\u00e8rement fait en acier inox haut de gamme. Elle est dot\u00e9e d\u2019un syst\u00e8me d\u2019ancrage solide, qui vous permettra d\u2019emmagasiner jusqu\u2019\u00e0 80 kg.<\/p>\n<p><em>Les avantages\u00a0: <\/em><\/p>\n<p align=\"justify\">Elle est tout indiqu\u00e9e pour l&#8217;industrie pharmaceutique et agro-alimentaire, permettant ainsi d\u2019entreposer au maximum vos articles et de bien les organiser.<\/p>\n<p><em>Caract\u00e9ristiques techniques :<\/em><\/p>\n<p>&#8211; Dimensions (L x l x h) : de &#8211; 1167 x 300mm \u00e0 1773 x 400mm<\/p>\n<p>&#8211; En deux profondeurs : 300 et 400 mm<\/p>\n<p><img loading=\"lazy\" decoding=\"async\" class=\"aligncenter wp-image-437 size-full\" title=\"etagere-metal-ville-montreal\" src=\"https:\/\/etalfort.com\/wp-content\/uploads\/2018\/08\/tagre-de-magasin-galvanise.jpg\" alt=\"\" width=\"800\" height=\"496\" srcset=\"https:\/\/etalfort.com\/wp-content\/uploads\/2018\/08\/tagre-de-magasin-galvanise.jpg 800w, https:\/\/etalfort.com\/wp-content\/uploads\/2018\/08\/tagre-de-magasin-galvanise-300x186.jpg 300w, https:\/\/etalfort.com\/wp-content\/uploads\/2018\/08\/tagre-de-magasin-galvanise-768x476.jpg 768w\" sizes=\"(max-width: 800px) 100vw, 800px\" \/><\/p>\n<ul>\n<li><strong>\u00c9tag\u00e8re de magasin galvanis\u00e9e<\/strong><\/li>\n<\/ul>\n<p>Poids support\u00e9 : 235 kg par niveau<\/p>\n<p>Cette \u00e9tag\u00e8re en acier galvanis\u00e9 est parfaite pour les ateliers, d\u00e9p\u00f4ts, archivages\u2026<\/p>\n<p align=\"justify\">Ce rayonnage vous permet d\u2019arranger et d\u2019emmagasiner vos articles et vos archives en toute s\u00e9curit\u00e9. Ne cherchez plus, nous l\u2019avons en inventaire pour vous.<\/p>\n<p><em>Caract\u00e9ristiques techniques :<\/em><\/p>\n<p>&#8211; Hauteur (mm) : comprise entre 1972 et 2500<\/p>\n<p>&#8211; Longueur (mm) : De 1050 \u00e0 1500<\/p>\n<p>&#8211; Profondeur (mm) : de 320 \u00e0 700<\/p>\n<p>&#8211; La charge tol\u00e9r\u00e9e par \u00e9chelle est estim\u00e9e \u00e0 1 500 kg, avec un rayonnage de 5 \u00e9tages.<\/p>\n<ul>\n<li><strong>Etag\u00e8re r\u00e9glable en acier<\/strong><\/li>\n<\/ul>\n<p>Le poids maximum est de 50 kg<\/p>\n<p align=\"justify\">Cette \u00e9tag\u00e8re peut \u00eatre r\u00e9gl\u00e9e progressivement \u00e0 diff\u00e9rentes profondeurs. Elle est en acier peint, robuste et tout indiqu\u00e9e pour tout environnement de travail. Vous pouvez l\u2019immobiliser \u00e0 un support \u00e0 trous.<\/p>\n<p align=\"justify\">Ce syst\u00e8me d&#8217;\u00e9tag\u00e8res, peut s\u2019installer droit ou oblique de 0 \u00e0 25\u00b0, en le r\u00e9glant progressivement en profondeur.<\/p>\n<p><img loading=\"lazy\" decoding=\"async\" class=\"alignright wp-image-435\" title=\"\u00e9tag\u00e8re en m\u00e9tal dans la ville de montr\u00e9al\" src=\"https:\/\/etalfort.com\/wp-content\/uploads\/2018\/08\/etagre-rglable-en-acier.jpg\" alt=\"\" width=\"353\" height=\"458\" srcset=\"https:\/\/etalfort.com\/wp-content\/uploads\/2018\/08\/etagre-rglable-en-acier.jpg 918w, https:\/\/etalfort.com\/wp-content\/uploads\/2018\/08\/etagre-rglable-en-acier-231x300.jpg 231w, https:\/\/etalfort.com\/wp-content\/uploads\/2018\/08\/etagre-rglable-en-acier-768x997.jpg 768w, https:\/\/etalfort.com\/wp-content\/uploads\/2018\/08\/etagre-rglable-en-acier-789x1024.jpg 789w\" sizes=\"(max-width: 353px) 100vw, 353px\" \/><\/p>\n<p><em>Caract\u00e9ristiques :<\/em><\/p>\n<p>&#8211; Tapis en ESD<\/p>\n<p>&#8211; En 3 modules<\/p>\n<p>&#8211; En 2 profondeurs : 505 &amp; 650 mm<\/p>\n<p align=\"justify\">Les diff\u00e9rentes solutions de racking usag\u00e9s pr\u00e9sent\u00e9es ici restent d\u2019une importance capitale dans les diff\u00e9rents environnements de travail tels que\u00a0: bureaux, d\u00e9p\u00f4ts, \u00e9choppes, soci\u00e9t\u00e9s industrielles et centres hospitaliers.<\/p>\n<p align=\"justify\">D\u2019autres mod\u00e8les de racking r\u00e9glables existent selon les besoins particuliers de votre industrie. En effet, pour les grandes entreprises, vous trouverez de grands rayonnages qui permettront d\u2019organiser vos entrep\u00f4ts comme il se doit.<\/p>\n<p align=\"justify\">Alors que pour les petites et moyennes entreprises, ces solutions de racking\u00a0 s\u00a0\u2019av\u00e8rent essentielles pour le plus petit espace, le plus petit recoin de leurs entrep\u00f4ts.<\/p>\n","protected":false},"excerpt":{"rendered":"<p>Depuis tr\u00e8s longtemps, nous contribuons \u00e0 trouver des r\u00e9ponses \u00e0 vos petits soucis en termes de rangement.\u00a0 En nous basant sur notre savoir-faire et notre exp\u00e9rience, nous sommes confiants de pouvoir vous aider \u00e0 trouver la solution ad\u00e9quate. Avec nous, vous trouverez toujours une solution en termes de mat\u00e9riel usag\u00e9, et nous veillons \u00e0 vous [&hellip;]<\/p>\n","protected":false},"author":2,"featured_media":0,"parent":0,"menu_order":0,"comment_status":"closed","ping_status":"closed","template":"","meta":{"_acf_changed":false,"footnotes":""},"acf":[],"yoast_head":"<!-- This site is optimized with the Yoast SEO plugin v22.0 - https:\/\/yoast.com\/wordpress\/plugins\/seo\/ -->\n<title>Se fier \u00e0 notre expertise pour le choix d\u2019une \u00e9tag\u00e8re en m\u00e9tal<\/title>\n<meta name=\"description\" content=\"Notre entreprise se sp\u00e9cialise sur les rangements depuis des ann\u00e9es. Quelle que soit votre besoin une \u00e9tag\u00e8re en m\u00e9tal ou une simple \u00e9tag\u00e8re de rangement.\" \/>\n<meta name=\"robots\" content=\"index, follow, max-snippet:-1, max-image-preview:large, max-video-preview:-1\" \/>\n<link rel=\"canonical\" href=\"https:\/\/etalfort.com\/etagere-en-metal\/\" \/>\n<meta property=\"og:locale\" content=\"en_US\" \/>\n<meta property=\"og:type\" content=\"article\" \/>\n<meta property=\"og:title\" content=\"Se fier \u00e0 notre expertise pour le choix d\u2019une \u00e9tag\u00e8re en m\u00e9tal\" \/>\n<meta property=\"og:description\" content=\"Notre entreprise se sp\u00e9cialise sur les rangements depuis des ann\u00e9es. Quelle que soit votre besoin une \u00e9tag\u00e8re en m\u00e9tal ou une simple \u00e9tag\u00e8re de rangement.\" \/>\n<meta property=\"og:url\" content=\"https:\/\/etalfort.com\/etagere-en-metal\/\" \/>\n<meta property=\"og:site_name\" content=\"\u00c9talfort\" \/>\n<meta property=\"article:modified_time\" content=\"2018-08-14T18:14:42+00:00\" \/>\n<meta property=\"og:image\" content=\"https:\/\/etalfort.com\/wp-content\/uploads\/2018\/08\/tagre-en-mtal.jpg\" \/>\n<meta name=\"twitter:card\" content=\"summary_large_image\" \/>\n<meta name=\"twitter:label1\" content=\"Est. reading time\" \/>\n\t<meta name=\"twitter:data1\" content=\"7 minutes\" \/>\n<script type=\"application\/ld+json\" class=\"yoast-schema-graph\">{\"@context\":\"https:\/\/schema.org\",\"@graph\":[{\"@type\":\"WebPage\",\"@id\":\"https:\/\/etalfort.com\/etagere-en-metal\/\",\"url\":\"https:\/\/etalfort.com\/etagere-en-metal\/\",\"name\":\"Se fier \u00e0 notre expertise pour le choix d\u2019une \u00e9tag\u00e8re en m\u00e9tal\",\"isPartOf\":{\"@id\":\"https:\/\/etalfort.com\/#website\"},\"datePublished\":\"2018-08-14T12:40:21+00:00\",\"dateModified\":\"2018-08-14T18:14:42+00:00\",\"description\":\"Notre entreprise se sp\u00e9cialise sur les rangements depuis des ann\u00e9es. Quelle que soit votre besoin une \u00e9tag\u00e8re en m\u00e9tal ou une simple \u00e9tag\u00e8re de rangement.\",\"breadcrumb\":{\"@id\":\"https:\/\/etalfort.com\/etagere-en-metal\/#breadcrumb\"},\"inLanguage\":\"en-US\",\"potentialAction\":[{\"@type\":\"ReadAction\",\"target\":[\"https:\/\/etalfort.com\/etagere-en-metal\/\"]}]},{\"@type\":\"BreadcrumbList\",\"@id\":\"https:\/\/etalfort.com\/etagere-en-metal\/#breadcrumb\",\"itemListElement\":[{\"@type\":\"ListItem\",\"position\":1,\"name\":\"Home\",\"item\":\"https:\/\/etalfort.com\/en\/\"},{\"@type\":\"ListItem\",\"position\":2,\"name\":\"\u00c9tag\u00e8re en m\u00e9tal, solutions et perspectives\"}]},{\"@type\":\"WebSite\",\"@id\":\"https:\/\/etalfort.com\/#website\",\"url\":\"https:\/\/etalfort.com\/\",\"name\":\"\u00c9talfort\",\"description\":\"Racking et \u00e9tag\u00e8re usag\u00e9s\",\"potentialAction\":[{\"@type\":\"SearchAction\",\"target\":{\"@type\":\"EntryPoint\",\"urlTemplate\":\"https:\/\/etalfort.com\/?s={search_term_string}\"},\"query-input\":\"required name=search_term_string\"}],\"inLanguage\":\"en-US\"}]}<\/script>\n<!-- \/ Yoast SEO plugin. -->","yoast_head_json":{"title":"Se fier \u00e0 notre expertise pour le choix d\u2019une \u00e9tag\u00e8re en m\u00e9tal","description":"Notre entreprise se sp\u00e9cialise sur les rangements depuis des ann\u00e9es. Quelle que soit votre besoin une \u00e9tag\u00e8re en m\u00e9tal ou une simple \u00e9tag\u00e8re de rangement.","robots":{"index":"index","follow":"follow","max-snippet":"max-snippet:-1","max-image-preview":"max-image-preview:large","max-video-preview":"max-video-preview:-1"},"canonical":"https:\/\/etalfort.com\/etagere-en-metal\/","og_locale":"en_US","og_type":"article","og_title":"Se fier \u00e0 notre expertise pour le choix d\u2019une \u00e9tag\u00e8re en m\u00e9tal","og_description":"Notre entreprise se sp\u00e9cialise sur les rangements depuis des ann\u00e9es. Quelle que soit votre besoin une \u00e9tag\u00e8re en m\u00e9tal ou une simple \u00e9tag\u00e8re de rangement.","og_url":"https:\/\/etalfort.com\/etagere-en-metal\/","og_site_name":"\u00c9talfort","article_modified_time":"2018-08-14T18:14:42+00:00","og_image":[{"url":"https:\/\/etalfort.com\/wp-content\/uploads\/2018\/08\/tagre-en-mtal.jpg"}],"twitter_card":"summary_large_image","twitter_misc":{"Est. reading time":"7 minutes"},"schema":{"@context":"https:\/\/schema.org","@graph":[{"@type":"WebPage","@id":"https:\/\/etalfort.com\/etagere-en-metal\/","url":"https:\/\/etalfort.com\/etagere-en-metal\/","name":"Se fier \u00e0 notre expertise pour le choix d\u2019une \u00e9tag\u00e8re en m\u00e9tal","isPartOf":{"@id":"https:\/\/etalfort.com\/#website"},"datePublished":"2018-08-14T12:40:21+00:00","dateModified":"2018-08-14T18:14:42+00:00","description":"Notre entreprise se sp\u00e9cialise sur les rangements depuis des ann\u00e9es. Quelle que soit votre besoin une \u00e9tag\u00e8re en m\u00e9tal ou une simple \u00e9tag\u00e8re de rangement.","breadcrumb":{"@id":"https:\/\/etalfort.com\/etagere-en-metal\/#breadcrumb"},"inLanguage":"en-US","potentialAction":[{"@type":"ReadAction","target":["https:\/\/etalfort.com\/etagere-en-metal\/"]}]},{"@type":"BreadcrumbList","@id":"https:\/\/etalfort.com\/etagere-en-metal\/#breadcrumb","itemListElement":[{"@type":"ListItem","position":1,"name":"Home","item":"https:\/\/etalfort.com\/en\/"},{"@type":"ListItem","position":2,"name":"\u00c9tag\u00e8re en m\u00e9tal, solutions et perspectives"}]},{"@type":"WebSite","@id":"https:\/\/etalfort.com\/#website","url":"https:\/\/etalfort.com\/","name":"\u00c9talfort","description":"Racking et \u00e9tag\u00e8re usag\u00e9s","potentialAction":[{"@type":"SearchAction","target":{"@type":"EntryPoint","urlTemplate":"https:\/\/etalfort.com\/?s={search_term_string}"},"query-input":"required name=search_term_string"}],"inLanguage":"en-US"}]}},"_links":{"self":[{"href":"https:\/\/etalfort.com\/en\/wp-json\/wp\/v2\/pages\/433"}],"collection":[{"href":"https:\/\/etalfort.com\/en\/wp-json\/wp\/v2\/pages"}],"about":[{"href":"https:\/\/etalfort.com\/en\/wp-json\/wp\/v2\/types\/page"}],"author":[{"embeddable":true,"href":"https:\/\/etalfort.com\/en\/wp-json\/wp\/v2\/users\/2"}],"replies":[{"embeddable":true,"href":"https:\/\/etalfort.com\/en\/wp-json\/wp\/v2\/comments?post=433"}],"version-history":[{"count":3,"href":"https:\/\/etalfort.com\/en\/wp-json\/wp\/v2\/pages\/433\/revisions"}],"predecessor-version":[{"id":517,"href":"https:\/\/etalfort.com\/en\/wp-json\/wp\/v2\/pages\/433\/revisions\/517"}],"wp:attachment":[{"href":"https:\/\/etalfort.com\/en\/wp-json\/wp\/v2\/media?parent=433"}],"curies":[{"name":"wp","href":"https:\/\/api.w.org\/{rel}","templated":true}]}}