{"id":1126,"date":"2020-06-27T22:46:14","date_gmt":"2020-06-27T22:46:14","guid":{"rendered":"https:\/\/etalfort.com\/etageres-en-porte-a-faux\/"},"modified":"2022-01-13T19:51:32","modified_gmt":"2022-01-13T19:51:32","slug":"cantilever","status":"publish","type":"page","link":"https:\/\/etalfort.com\/en\/cantilever\/","title":{"rendered":"Cantilever"},"content":{"rendered":"[vc_section full_width=&#8221;stretch_row&#8221; css=&#8221;.vc_custom_1600642308541{background-image: url(https:\/\/etalfort.com\/wp-content\/uploads\/2020\/09\/porte-a-faux.png?id=993) !important;}&#8221;][vc_row][vc_column el_class=&#8221;centerr&#8221; css=&#8221;.vc_custom_1592446599465{padding-top: 50px !important;padding-bottom: 100px !important;}&#8221;][vc_raw_html]JTNDbGluayUyMGhyZWYlM0QlMjJodHRwcyUzQSUyRiUyRmZvbnRzLmdvb2dsZWFwaXMuY29tJTJGY3NzMiUzRmZhbWlseSUzRFJ1YmlrJTNBd2dodCU0MDQwMCUzQjUwMCUzQjkwMCUyNmRpc3BsYXklM0Rzd2FwJTIyJTIwcmVsJTNEJTIyc3R5bGVzaGVldCUyMiUzRSUwQQ==[\/vc_raw_html][vc_raw_html]JTNDaDElMjBzdHlsZSUzRCUyMmNvbG9yJTNBd2hpdGUlM0IlMjBmb250LXdlaWdodCUzQSUyMDkwMCUzQiUyMiUzRUNhbnRpbGV2ZXIlM0MlMkZoMSUzRSUwQQ==[\/vc_raw_html][\/vc_column][\/vc_row][\/vc_section][vc_row fullwidth=&#8221;true&#8221; fullwidth_content=&#8221;false&#8221; css=&#8221;.vc_custom_1591744045020{background-image: url(https:\/\/etalfort.com\/wp-content\/uploads\/2020\/06\/artboardx.jpg?id=594) !important;background-position: center !important;background-repeat: no-repeat !important;background-size: cover !important;}&#8221;][vc_column][vc_row_inner css=&#8221;.vc_custom_1591757060609{padding-top: 100px !important;padding-bottom: 100px !important;}&#8221;][vc_column_inner width=&#8221;1\/3&#8243;][\/vc_column_inner][vc_column_inner el_class=&#8221;rightt&#8221; width=&#8221;2\/3&#8243;][vc_raw_html]JTNDaDIlMjBjbGFzcyUzRCUyMmJsdWUlMjIlMjAlMjBzdHlsZSUzRCUyMmZvbnQtc2l6ZSUzQSUyMDM1cHglM0IlMjBsaW5lLWhlaWdodCUzQSUyMDElM0IlMjIlM0VDYW50aWxldmVyJTNDYnIlMkYlM0UlM0NzcGFuJTIwY2xhc3MlM0QlMjJvcmFuZ2UlMjBuaW5qYSUyMiUyMHN0eWxlJTNEJTIyZm9udC13ZWlnaHQlM0E0MDAlM0IlMjBmb250LXNpemUlM0ElMjAzMHB4JTNCJTIyJTNFJTI4Q2FudGlsZXZlciUyOSUzQyUyRnNwYW4lM0UlM0MlMkZoMiUzRSUwQSUzQ3AlMjBzdHlsZSUzRCUyMmxpbmUtaGVpZ2h0JTNBJTIwMS4zJTNCZm9udC1zaXplJTNBJTIwMTZweCUzQmNvbG9yJTNBJTIwYmxhY2slM0JtYXgtd2lkdGglM0ElMjA1MzBweCUzQm1hcmdpbi1sZWZ0JTNBJTIwYXV0byUzQiUyMiUzRUNhbnRpbGV2ZXJzJTIwYXJlJTIwaGFyZHklMjBhbmQlMjB2ZXJzYXRpbGUlMjBhcyUyMHRoZXklMjBjYW4lMjBzdXBwb3J0JTIwbWF0ZXJpZWxzJTIwb2YlMjBtdWx0aXBsZSUyMHNpemVzLiUzQyUyRnAlM0U=[\/vc_raw_html][vc_raw_html]JTNDYSUyMGhyZWYlM0QlMjJodHRwcyUzQSUyRiUyRmV0YWxmb3J0LmNvbSUyRmVuJTJGY29udGFjdC11cyUyRiUyMiUyMGNsYXNzJTNEJTIyYnRuLW91dGxpbmUlMjIlM0VDb250YWN0JTIwVXMlMjAlM0UlMjAlM0MlMkZhJTNF[\/vc_raw_html][\/vc_column_inner][\/vc_row_inner][\/vc_column][\/vc_row][vc_row fullwidth=&#8221;true&#8221; css=&#8221;.vc_custom_1593131668229{background: #ff7e28 url(https:\/\/etalfort.com\/wp-content\/uploads\/2020\/06\/orange-color.png?id=817) !important;background-position: center !important;background-repeat: no-repeat !important;background-size: cover !important;}&#8221; el_class=&#8221;ninja&#8221;][vc_column][vc_row_inner][vc_column_inner width=&#8221;1\/3&#8243;][vc_raw_html]JTNDZGl2JTIwY2xhc3MlM0QlMjJibHVlLWJrZyUyMiUyMHN0eWxlJTNEJTIyJTIwbWFyZ2luLWxlZnQlM0ElMjAtMTVweCUyMCUyMWltcG9ydGFudCUzQiUyMHBhZGRpbmclM0ElMjAyMHB4JTNCJTIwbWFyZ2luLXRvcCUzQSUyMC04MHB4JTNCJTIyJTIwJTNFJTBBJTNDaDIlMjBzdHlsZSUzRCUyMmNvbG9yJTNBJTIwd2hpdGUlM0IlMjBmb250LXdlaWdodCUzQSUyMDgwMCUzQiUyMG1heC13aWR0aCUzQSUyMDI1MHB4JTNCJTIwcGFkZGluZyUzQSUyMDE1cHglM0IlMjBtYXJnaW4tbGVmdCUzQSUyMGF1dG8lM0IlMjBsaW5lLWhlaWdodCUzQSUyMDElM0IlMjBtYXJnaW4tYm90dG9tJTNBJTIwMHB4JTNCJTIyJTNFUGx1cyUyMHF1JTI3dW4lMjBzaW1wbGUlMjBpbnZlbnRhaXJlJTNDJTJGaDIlM0UlMEElM0MlMkZkaXYlM0U=[\/vc_raw_html][\/vc_column_inner][vc_column_inner width=&#8221;2\/3&#8243;][\/vc_column_inner][\/vc_row_inner][\/vc_column][\/vc_row][vc_row fullwidth=&#8221;true&#8221; css=&#8221;.vc_custom_1593298278401{padding-top: 75px !important;padding-bottom: 50px !important;background-color: #ff7e28 !important;}&#8221; el_class=&#8221;ninja&#8221;][vc_column][vc_raw_html]JTNDaDIlMjBzdHlsZSUzRCUyMmNvbG9yJTNBJTIwd2hpdGUlM0IlMjB0ZXh0LWFsaWduJTNBY2VudGVyJTNCJTIyJTNFTm9zJTIwciVDMyVBOXNlcnZvaXJzJTIwc29udCUyMGVuJTIwZXhjZWxsZW50ZSUyMGNvbmRpdGlvbiUzQiUzQ2JyJTJGJTNFZGUlMjBsYSUyMHF1YWxpdCVDMyVBOSUyMHBvdXIlMjB1bmUlMjBmcmFjdGlvbiUyMGR1JTIwcHJpeC4lM0MlMkZoMiUzRSUwQQ==[\/vc_raw_html][\/vc_column][\/vc_row][vc_row fullwidth=&#8221;true&#8221; fullwidth_content=&#8221;false&#8221; css=&#8221;.vc_custom_1602123376072{padding-bottom: 75px !important;background-color: #ffffff !important;}&#8221;][vc_column][vc_empty_space height=&#8221;75px&#8221; el_class=&#8221;m-hide&#8221;][vc_raw_html]JTNDaDIlMjBzdHlsZSUzRCUyMnRleHQtYWxpZ24lM0FjZW50ZXIlM0IlMjIlMjBjbGFzcyUzRCUyMmJsdWUlMjIlM0VDSEFSQUNURVJJU1RJQ1MlM0MlMkZoMiUzRSUwQSUzQ3AlMjBzdHlsZSUzRCUyMm1heC13aWR0aCUzQSUyMDg1MHB4JTNCJTIwdGV4dC1hbGlnbiUzQSUyMGNlbnRlciUzQiUyMG1hcmdpbi1sZWZ0JTNBJTIwYXV0byUzQiUyMG1hcmdpbi1yaWdodCUzQSUyMGF1dG8lM0IlMjBsaW5lLWhlaWdodCUzQSUyMDEuNSUzQiUyMiUyMGNsYXNzJTNEJTIybmluamElMjIlM0VMZXMlMjBwciVDMyVBOXNlbnRvaXJzJTIwZW4lMjBwb3J0ZS0lQzMlQTAtZmF1eCUyMG4lQzMlQTljZXNzaXRlbnQlMjBwbHVzaWV1cnMlMjAlQzMlQTlsJUMzJUE5bWVudHMlMjBwb3VyJTIwJUMzJUFBdHJlJTIwY29tcGxldHMlMjBldCUyMHBhcmZhaXRlbWVudCUyMHMlQzMlQTljdXJpdGFpcmVzLiUzQyUyRnAlM0U=[\/vc_raw_html][vc_row_inner css=&#8221;.vc_custom_1593288610162{margin-top: 75px !important;}&#8221; el_id=&#8221;message&#8221;][vc_column_inner el_class=&#8221;centerr&#8221; width=&#8221;1\/3&#8243;][vc_single_image image=&#8221;167&#8243; img_size=&#8221;full&#8221; alignment=&#8221;center&#8221;][vc_raw_html]JTNDaDMlMjBjbGFzcyUzRCUyMmJsdWUlMjIlM0VCT0xULU9OJTIwQVJNJTNDJTJGaDMlM0UlMEElM0NwJTIwc3R5bGUlM0QlMjJkaXNwbGF5JTNBJTIwbm9uZSUzQiUyMiUzRSUwQUxlcyUyMGJyYXMlMjBwZXJtZXR0ZW50JTIwZGUlMjBjciVDMyVBOWVyJTIwbCVFMiU4MCU5OWFwcHVpJTIwZG9udCUyMGElMjBiZXNvaW4lMjB2b3RyZSUyMG1hcmNoYW5kaXNlJTIwcG91ciUyMCVDMyVBQXRyZSUyMG1haW50ZW51ZSUyMHN1ciUyMGwlRTIlODAlOTklQzMlQTl0YWclQzMlQThyZS4lMjBDZXMlMjAlQzMlQTlsJUMzJUE5bWVudHMlMjBwZXV2ZW50JTIwJUMzJUFBdHJlJTIwZHJvaXQlMjBvdSUyMGF2ZWMlMjB1bmUlMjBjZXJ0YWluZSUyMGluY2xpbmFpc29uJTIwcG91ciUyMGZhY2lsaXRlciUyMGwlRTIlODAlOTllbnRyZXBvc2FnZSUyMGRlJTIwdm9zJTIwcHJvZHVpdHMuJTBBJTNDJTJGcCUzRQ==[\/vc_raw_html][\/vc_column_inner][vc_column_inner el_class=&#8221;centerr&#8221; width=&#8221;1\/3&#8243;][vc_single_image image=&#8221;168&#8243; img_size=&#8221;full&#8221; alignment=&#8221;center&#8221;][vc_raw_html]JTNDaDMlMjBjbGFzcyUzRCUyMmJsdWUlMjIlM0VDT0xVTU5FJTNDJTJGaDMlM0UlMEElM0NwJTIwY2xhc3MlM0QlMjJuaW5qYSUyMiUzRSUwQUxlcyUyMGNvbG9ubmVzJTIwY29uc3RpdHVlbnQlMjBsJUUyJTgwJTk5JUMzJUE5bCVDMyVBOW1lbnQlMjBwcmluY2lwYWwlMjBkZSUyMGxhJTIwc3RydWN0dXJlLiUyMENlbGxlcy1jaSUyMHBldXZlbnQlMjAlQzMlQUF0cmUlMjBkZSUyMGhhdXRldXJzJTIwZGlmZiVDMyVBOXJlbnRlcyUyMHNlbG9uJTIwbGVzJTIwYmVzb2lucy4lMEElM0MlMkZwJTNF[\/vc_raw_html][\/vc_column_inner][vc_column_inner el_class=&#8221;centerr&#8221; width=&#8221;1\/3&#8243;][vc_single_image image=&#8221;169&#8243; img_size=&#8221;full&#8221; alignment=&#8221;center&#8221;][vc_raw_html]JTNDaDMlMjBjbGFzcyUzRCUyMmJsdWUlMjIlM0VCQUNLJTIwQlJBQ0UlM0MlMkZoMyUzRSUwQSUzQ3AlMjBjbGFzcyUzRCUyMm5pbmphJTIyJTNFJTBBTGVzJTIwY29udHJldmVudGVtZW50cyUyMHNlcnZlbnQlMjAlQzMlQTAlMjBsaWVyJTIwbGVzJTIwZGlmZiVDMyVBOXJlbnRlcyUyMGNvbG9ubmVzJTIwZ3IlQzMlQTJjZSUyMCVDMyVBMCUyMHVuJTIwc3lzdCVDMyVBOG1lJTIwZCVFMiU4MCU5OWVudHJldG9pc2VzJTIwZW4lMjBYLiUyMENlcyUyMCVDMyVBOWwlQzMlQTltZW50cyUyMG9mZnJlbnQlMjAlQzMlQTAlMjBsYSUyMHN0cnVjdHVyZSUyMHVuZSUyMHBsdXMlMjBncmFuZGUlMjBzb2xpZGl0JUMzJUE5JTIwZXQlMjB1bmUlMjBtZWlsbGV1cmUlMjBzdGFiaWxpdCVDMyVBOS4lMEElM0MlMkZwJTNF[\/vc_raw_html][\/vc_column_inner][\/vc_row_inner][vc_raw_html css=&#8221;.vc_custom_1608173707468{margin-top: 100px !important;}&#8221; el_class=&#8221;ninja&#8221;]JTNDdWwlM0UlMEElMjAlMjAlM0NsaSUzRUxhJTIwaGF1dGV1ciUyMGRlcyUyMGNvbG9ubmVzJTIwZXN0JTIwZCVDMyVBOXRlcm1pbiVDMyVBOWUlMjBwYXIlMjBsZXMlMjBiZXNvaW5zJTIwZCVFMiU4MCU5OWVudHJlcG9zYWdlJTIwYWluc2klMjBxdWUlMjBsYSUyMGNhcGFjaXQlQzMlQTklMjBkZSUyMGxldmFnZSUyMGRlJTIwdm90cmUlMjAlQzMlQTlxdWlwZW1lbnQuJTNDJTJGbGklM0UlMEElM0NsaSUzRUwlRTIlODAlOTllc3BhY2VtZW50JTIwZW50cmUlMjBsZXMlMjBjb2xvbm5lcyUyMGVzdCUyMGNhbGN1bCVDMyVBOWUlMjBzZWxvbiUyMGxlJTIwcG9pZHMlMkMlMjBsYSUyMGdyYW5kZXVyJTIwZXQlMjBsYSUyMHNvbGlkaXQlQzMlQTklMjBkZXMlMjBpdGVtcyUyMCVDMyVBMCUyMGVudHJlcG9zZXIuJTNDJTJGbGklM0UlMEElM0NsaSUzRUxlcyUyMGJyYXMlMjBkZSUyMGNhbnRpbGV2ZXIlMjBzb250JTIwYWp1c3RhYmxlLiUyMExlJTIwcG9pZHMlMjBkb2l0JTIwJUMzJUFBdHJlJTIwZGlzdHJpYnUlQzMlQTklMjBkZSUyMGZhJUMzJUE3b24lMjB1bmlmb3JtZSUyMHN1ciUyMGxlcyUyMGJyYXMlMjBkZSUyMGNhbnRpbGV2ZXIuJTIwJTNDJTJGbGklM0UlMEElM0NsaSUzRUxlcyUyMGJhc2VzJTIwZG9pdmVudCUyMGVuJTIwdG91dCUyMHRlbXBzJTIwJUMzJUFBdHJlJTIwYW5jciVDMyVBOWVzJTIwYXUlMjBzb2wlM0MlMkZsaSUzRSUwQSUzQyUyRnVsJTNF[\/vc_raw_html][vc_empty_space height=&#8221;150px&#8221; el_class=&#8221;m-hide&#8221;][vc_row_inner][vc_column_inner width=&#8221;1\/2&#8243;][vc_raw_html css=&#8221;.vc_custom_1608173680059{margin-top: 150px !important;}&#8221;]JTNDaDMlMjBjbGFzcyUzRCUyMmJsdWUlMjIlM0VDYW50aWxldmVyJTIwc3lzdGVtJTIwb3B0aW1pc2UlMjBsaW1pdGVkJTIwc3BhY2VzLiUwQSUzQyUyRmgzJTNFJTBBJTNDcCUzRSUwQVRoZSUyMENhbnRpbGV2ZXIlMjBzeXN0ZW0lMjBpcyUyMG9mdGVuJTIwdXNlZCUyMHRvJTIwc3RvcmUlMjBoZWF2eSUyMGFuZCUyRm9yJTIwbG9uZyUyMG1hdGVyaWFsJTIwc3VjaCUyMGFzJTIwcGlwaW5nJTJDJTIwbW91bGRpbmclMkMlMjByb2RzJTIwb3IlMjBzdGVlbCUyMHNoZWV0cyUyQyUyMGV0Yy4lMEElM0NiciUyRiUzRSUzQ2JyJTJGJTNFJTBBSW4lMjBvcmRyZSUyMHRvJTIwbWF4aW1pc2UlMjB0aGUlMjB3ZWlnaHQlMjBjYXBhY2l0eSUyQyUyMGl0JTIwaXMlMjBwb3NzaWJsZSUyMHRvJTIwaW5zdGFsbCUyMGxldmVscyUyMG9uJTIwYm90aCUyMHNpZGVzJTIwb2YlMjB0aGUlMjBDYW50aWxldmVyJTIwc3lzdGVtLiUyMFRoZSUyMENhbnRpbGV2ZXIlMjBib2x0LW9uJTIwYXJtcyUyMGFyZSUyMGFsc28lMjBhZGp1c3RhYmxlJTIwaW4lMjBoaWdodC4lMEElM0MlMkZwJTNF[\/vc_raw_html][\/vc_column_inner][vc_column_inner el_class=&#8221;centerr&#8221; width=&#8221;1\/2&#8243;][vc_single_image image=&#8221;1075&#8243; img_size=&#8221;full&#8221; alignment=&#8221;center&#8221;][\/vc_column_inner][\/vc_row_inner][\/vc_column][\/vc_row][vc_row fullwidth=&#8221;true&#8221; fullwidth_content=&#8221;false&#8221; css=&#8221;.vc_custom_1608173642012{background: #f7f7f7 url(https:\/\/etalfort.com\/wp-content\/uploads\/2020\/06\/palettier-double.jpg?id=759) !important;background-position: center !important;background-repeat: no-repeat !important;background-size: cover !important;}&#8221; el_class=&#8221;other-product ninja&#8221;][vc_column][vc_raw_html css=&#8221;.vc_custom_1593297786068{margin-top: 100px !important;margin-bottom: 50px !important;}&#8221;]JTNDaDIlMjBzdHlsZSUzRCUyMnRleHQtYWxpZ24lM0FjZW50ZXIlM0IlMjBjb2xvciUzQSUyMHdoaXRlJTNCJTIyJTNFVU4lMjBTRVJWSUNFJTIwUkFQSURFJTIwRVQlMjBTVVIlMjBNRVNVUkUlM0MlMkZoMiUzRSUwQSUzQ3AlMjBzdHlsZSUzRCUyMm1heC13aWR0aCUzQSUyMDg1MHB4JTNCJTIwdGV4dC1hbGlnbiUzQSUyMGNlbnRlciUzQiUyMG1hcmdpbi1sZWZ0JTNBJTIwYXV0byUzQiUyMG1hcmdpbi1yaWdodCUzQSUyMGF1dG8lM0IlMjBsaW5lLWhlaWdodCUzQSUyMDEuNSUzQiUyMGNvbG9yJTNBJTIwd2hpdGUlMjAlMjFpbXBvcnRhbnQlM0IlMjIlM0VWb3VzJTIwJUMzJUFBdGVzJTIwJUMzJUEwJTIwbGElMjByZWNoZXJjaGUlMjBkZSUyMHIlQzMlQTlzZXJ2b2lycyUyMGRlJTIwMTAwMCUyMGxpdHJlcyUzRiUyMEV0YWxmb3J0JTIwSW5jJTIwZXN0JTIwc3AlQzMlQTljaWFsaXMlQzMlQTllJTIwZGFucyUyMGwlRTIlODAlOTlhY2hhdCUyMGV0JTIwbGElMjB2ZW50ZSUyMGQlRTIlODAlOTklQzMlQTlxdWlwZW1lbnRzJTIwZCVFMiU4MCU5OWVudHJlcG9zYWdlJTIwdXNhZyVDMyVBOXMuJTIwVG91cyUyMGxlcyUyMHByb2R1aXRzJTIwdmVuZHVzJTIwcGFyJTIwbm90cmUlMjBjb21wYWduaWUlMjBzb250JTIwc29pZ25ldXNlbWVudCUyMGNob2lzaXMlMjBhZmluJTIwZGUlMjBnYXJhbnRpciUyMCVDMyVBMCUyMG5vcyUyMGNsaWVudHMlMjBkZXMlMjBtYXJjaGFuZGlzZXMlMjBlbiUyMHBhcmZhaXQlMjAlQzMlQTl0YXQlMjBhdSUyMG1vbWVudCUyMGRlJTIwbCVFMiU4MCU5OWFjaGF0LiUyMERlJTIwcGx1cyUyQyUyMGF2ZWMlMjBub3MlMjBwcm9kdWl0cyUyMHVzYWclQzMlQTlzJTJDJTIwdm91cyUyMHNlcmV6JTIwcyVDMyVCQnIlMjBkZSUyMHIlQzMlQTlhbGlzZXIlMjBkJUUyJTgwJTk5aW1wb3J0YW50ZXMlMjAlQzMlQTljb25vbWllcyUyMGdyJUMzJUEyY2UlMjAlQzMlQTAlMjBkZXMlMjBjbyVDMyVCQnRzJTIwYmllbiUyMG1vaW5kcmVzJTIwcGFyJTIwcmFwcG9ydCUyMGF1JTIwcHJpeCUyMGR1JTIwbWFyY2glQzMlQTkuJTBBJTNDJTJGYnIlM0UlM0MlMkZiciUzRSUwQU5vdHJlJTIwc2VydmljZSUyMHNlJTIwdmV1dCUyMGNvdXJ0b2lzJTIwZXQlMjBwZXJzb25uYWxpcyVDMyVBOSUyMGFmaW4lMjBkZSUyMHIlQzMlQTlwb25kcmUlMjByYXBpZGVtZW50JTIwJUMzJUEwJTIwdm9zJTIwYmVzb2lucy4lMjBHciVDMyVBMmNlJTIwJUMzJUEwJTIwbm90cmUlMjBlbnRyZXAlQzMlQjR0JTIwYmFzJUMzJUE5JTIwJUMzJUEwJTIwTW9udHIlQzMlQTlhbCUyMGV0JTIwJUMzJUEwJTIwbm90cmUlMjByZXByJUMzJUE5c2VudGFudCUyMHRvdWpvdXJzJTIwcHIlQzMlQUF0JTIwJUMzJUEwJTIwdm91cyUyMHJlY2V2b2lyJTJDJTIwdm91cyUyMHBvdXJyZXolMjBwcm9maXRlciUyMGRlJTIwanVkaWNpZXV4JTIwY29uc2VpbHMlMjB0b3V0JTIwZW4lMjB2JUMzJUE5cmlmaWFudCUyMHBhciUyMHZvdXMtbSVDMyVBQW1lJTIwbGElMjBxdWFsaXQlQzMlQTklMjBkZXMlMjBwcm9kdWl0cyUyMHF1ZSUyMHZvdXMlMjBzb3VoYWl0ZXJleiUyMGFjaGV0ZXIuJTBBJTNDJTJGYnIlM0UlM0MlMkZiciUzRSUwQUNvbnRhY3Rlei1ub3VzJTIwZCVDMyVBOHMlMjBtYWludGVuYW50JTIwcG91ciUyMGNvbm5hJUMzJUFFdHJlJTIwY29tbWVudCUyMG5vdXMlMjBwb3V2b25zJTIwciVDMyVBOXBvbmRyZSUyMCVDMyVBMCUyMHZvcyUyMGJlc29pbnMlMjBkJUUyJTgwJTk5ZW50cmVwb3NhZ2UuJTNDJTJGcCUzRQ==[\/vc_raw_html][vc_raw_html el_class=&#8221;centerr&#8221; css=&#8221;.vc_custom_1593297793377{margin-bottom: 100px !important;}&#8221;]JTNDYSUyMGhyZWYlM0QlMjJodHRwcyUzQSUyRiUyRmV0YWxmb3J0LmNvbSUyRm5vdXMtam9pbmRyZSUyRiUyMiUyMGNsYXNzJTNEJTIyYnRuLW9yYW5nZSUyMiUyMHN0eWxlJTNEJTIybWFyZ2luLWxlZnQlM0FhdXRvJTNCJTIwbWFyZ2luLXJpZ2h0JTNBJTIwYXV0byUzQiUyMiUzRUNvbnRhY3Rlei1ub3VzJTIwJTNFJTIwJTNDJTJGYSUzRQ==[\/vc_raw_html][\/vc_column][\/vc_row][vc_row fullwidth=&#8221;true&#8221; fullwidth_content=&#8221;false&#8221; css=&#8221;.vc_custom_1593297037502{background-color: #ffffff !important;}&#8221; el_class=&#8221;other-product&#8221;][vc_column][vc_raw_html css=&#8221;.vc_custom_1608173554775{margin-top: 75px !important;margin-bottom: 75px !important;}&#8221;]JTNDaDIlMjBzdHlsZSUzRCUyMnRleHQtYWxpZ24lM0FjZW50ZXIlM0IlMjIlMjBjbGFzcyUzRCUyMmJsdWUlMjIlM0VESVNDT1ZFUiUyME9VUiUyMFBST0RVQ1RTJTNDJTJGaDIlM0UlMEElM0NwJTIwc3R5bGUlM0QlMjJtYXgtd2lkdGglM0ElMjA4NTBweCUzQiUyMHRleHQtYWxpZ24lM0ElMjBjZW50ZXIlM0IlMjBtYXJnaW4tbGVmdCUzQSUyMGF1dG8lM0IlMjBtYXJnaW4tcmlnaHQlM0ElMjBhdXRvJTNCJTIwbGluZS1oZWlnaHQlM0ElMjAxLjUlM0IlMjBkaXNwbGF5JTNBJTIwbm9uZSUzQiUyMiUzRSUwQVZvdXMlMjBjaGVyY2hleiUyMHVuJTIwYXV0cmUlMjBwcm9kdWl0JTIwZCVFMiU4MCU5OWVudHJlcG9zYWdlJTNGJTIwQXZlYyUyMEV0YWxmb3J0JTIwSW5jJTJDJTIwcHJvZml0ZXolMjBkdSUyMHBsdXMlMjBncmFuZCUyMGludmVudGFpcmUlMjBkJUUyJTgwJTk5JUMzJUE5dGFnJUMzJUE4cmVzJTIwaW5kdXN0cmllbGxlcyUyMHVzYWclQzMlQTllcyUyMGF1JTIwQ2FuYWRhLiUyMFIlQzMlQTlzZXJ2b2lycyUyMGRlJTIwMTAwMCUyMGxpdHJlcyUyQyUyMGJhcmlscyUyMHVzYWclQzMlQTlzJTIwb3UlMjBwYWxldHRpZXJzJTIwZW4lMjB0b3V0JTIwZ2VucmUlMkMlMjBub3VzJTIwYXZvbnMlMjBzJUMzJUJCcmVtZW50JTIwbGElMjBtYXJjaGFuZGlzZSUyMHF1ZSUyMHZvdXMlMjByZWNoZXJjaGV6JTIxJTNDJTJGcCUzRQ==[\/vc_raw_html][vc_row_inner css=&#8221;.vc_custom_1593289347284{padding-bottom: 75px !important;}&#8221;][vc_column_inner width=&#8221;1\/2&#8243;][vc_single_image image=&#8221;1165&#8243; img_size=&#8221;large&#8221; alignment=&#8221;center&#8221; onclick=&#8221;custom_link&#8221; link=&#8221;https:\/\/etalfort.com\/en\/used-tote-tanks\/&#8221;][\/vc_column_inner][vc_column_inner width=&#8221;1\/2&#8243;][vc_single_image image=&#8221;1167&#8243; img_size=&#8221;large&#8221; alignment=&#8221;center&#8221; onclick=&#8221;custom_link&#8221; link=&#8221;https:\/\/etalfort.com\/en\/racking\/&#8221;][\/vc_column_inner][\/vc_row_inner][\/vc_column][\/vc_row]\n","protected":false},"excerpt":{"rendered":"<p>[vc_section full_width=&#8221;stretch_row&#8221; css=&#8221;.vc_custom_1600642308541{background-image: url(https:\/\/etalfort.com\/wp-content\/uploads\/2020\/09\/porte-a-faux.png?id=993) !important;}&#8221;][vc_row][vc_column el_class=&#8221;centerr&#8221; css=&#8221;.vc_custom_1592446599465{padding-top: 50px !important;padding-bottom: 100px !important;}&#8221;][vc_raw_html]JTNDbGluayUyMGhyZWYlM0QlMjJodHRwcyUzQSUyRiUyRmZvbnRzLmdvb2dsZWFwaXMuY29tJTJGY3NzMiUzRmZhbWlseSUzRFJ1YmlrJTNBd2dodCU0MDQwMCUzQjUwMCUzQjkwMCUyNmRpc3BsYXklM0Rzd2FwJTIyJTIwcmVsJTNEJTIyc3R5bGVzaGVldCUyMiUzRSUwQQ==[\/vc_raw_html][vc_raw_html]JTNDaDElMjBzdHlsZSUzRCUyMmNvbG9yJTNBd2hpdGUlM0IlMjBmb250LXdlaWdodCUzQSUyMDkwMCUzQiUyMiUzRUNhbnRpbGV2ZXIlM0MlMkZoMSUzRSUwQQ==[\/vc_raw_html][\/vc_column][\/vc_row][\/vc_section][vc_row fullwidth=&#8221;true&#8221; fullwidth_content=&#8221;false&#8221; css=&#8221;.vc_custom_1591744045020{background-image: url(https:\/\/etalfort.com\/wp-content\/uploads\/2020\/06\/artboardx.jpg?id=594) !important;background-position: center !important;background-repeat: no-repeat !important;background-size: cover !important;}&#8221;][vc_column][vc_row_inner css=&#8221;.vc_custom_1591757060609{padding-top: 100px !important;padding-bottom: 100px !important;}&#8221;][vc_column_inner width=&#8221;1\/3&#8243;][\/vc_column_inner][vc_column_inner el_class=&#8221;rightt&#8221; width=&#8221;2\/3&#8243;][vc_raw_html]JTNDaDIlMjBjbGFzcyUzRCUyMmJsdWUlMjIlMjAlMjBzdHlsZSUzRCUyMmZvbnQtc2l6ZSUzQSUyMDM1cHglM0IlMjBsaW5lLWhlaWdodCUzQSUyMDElM0IlMjIlM0VDYW50aWxldmVyJTNDYnIlMkYlM0UlM0NzcGFuJTIwY2xhc3MlM0QlMjJvcmFuZ2UlMjBuaW5qYSUyMiUyMHN0eWxlJTNEJTIyZm9udC13ZWlnaHQlM0E0MDAlM0IlMjBmb250LXNpemUlM0ElMjAzMHB4JTNCJTIyJTNFJTI4Q2FudGlsZXZlciUyOSUzQyUyRnNwYW4lM0UlM0MlMkZoMiUzRSUwQSUzQ3AlMjBzdHlsZSUzRCUyMmxpbmUtaGVpZ2h0JTNBJTIwMS4zJTNCZm9udC1zaXplJTNBJTIwMTZweCUzQmNvbG9yJTNBJTIwYmxhY2slM0JtYXgtd2lkdGglM0ElMjA1MzBweCUzQm1hcmdpbi1sZWZ0JTNBJTIwYXV0byUzQiUyMiUzRUNhbnRpbGV2ZXJzJTIwYXJlJTIwaGFyZHklMjBhbmQlMjB2ZXJzYXRpbGUlMjBhcyUyMHRoZXklMjBjYW4lMjBzdXBwb3J0JTIwbWF0ZXJpZWxzJTIwb2YlMjBtdWx0aXBsZSUyMHNpemVzLiUzQyUyRnAlM0U=[\/vc_raw_html][vc_raw_html]JTNDYSUyMGhyZWYlM0QlMjJodHRwcyUzQSUyRiUyRmV0YWxmb3J0LmNvbSUyRmVuJTJGY29udGFjdC11cyUyRiUyMiUyMGNsYXNzJTNEJTIyYnRuLW91dGxpbmUlMjIlM0VDb250YWN0JTIwVXMlMjAlM0UlMjAlM0MlMkZhJTNF[\/vc_raw_html][\/vc_column_inner][\/vc_row_inner][\/vc_column][\/vc_row][vc_row fullwidth=&#8221;true&#8221; css=&#8221;.vc_custom_1593131668229{background: #ff7e28 url(https:\/\/etalfort.com\/wp-content\/uploads\/2020\/06\/orange-color.png?id=817) !important;background-position: center !important;background-repeat: no-repeat !important;background-size: cover !important;}&#8221; el_class=&#8221;ninja&#8221;][vc_column][vc_row_inner][vc_column_inner width=&#8221;1\/3&#8243;][vc_raw_html]JTNDZGl2JTIwY2xhc3MlM0QlMjJibHVlLWJrZyUyMiUyMHN0eWxlJTNEJTIyJTIwbWFyZ2luLWxlZnQlM0ElMjAtMTVweCUyMCUyMWltcG9ydGFudCUzQiUyMHBhZGRpbmclM0ElMjAyMHB4JTNCJTIwbWFyZ2luLXRvcCUzQSUyMC04MHB4JTNCJTIyJTIwJTNFJTBBJTNDaDIlMjBzdHlsZSUzRCUyMmNvbG9yJTNBJTIwd2hpdGUlM0IlMjBmb250LXdlaWdodCUzQSUyMDgwMCUzQiUyMG1heC13aWR0aCUzQSUyMDI1MHB4JTNCJTIwcGFkZGluZyUzQSUyMDE1cHglM0IlMjBtYXJnaW4tbGVmdCUzQSUyMGF1dG8lM0IlMjBsaW5lLWhlaWdodCUzQSUyMDElM0IlMjBtYXJnaW4tYm90dG9tJTNBJTIwMHB4JTNCJTIyJTNFUGx1cyUyMHF1JTI3dW4lMjBzaW1wbGUlMjBpbnZlbnRhaXJlJTNDJTJGaDIlM0UlMEElM0MlMkZkaXYlM0U=[\/vc_raw_html][\/vc_column_inner][vc_column_inner width=&#8221;2\/3&#8243;][\/vc_column_inner][\/vc_row_inner][\/vc_column][\/vc_row][vc_row fullwidth=&#8221;true&#8221; css=&#8221;.vc_custom_1593298278401{padding-top: 75px !important;padding-bottom: 50px !important;background-color: #ff7e28 !important;}&#8221; el_class=&#8221;ninja&#8221;][vc_column][vc_raw_html]JTNDaDIlMjBzdHlsZSUzRCUyMmNvbG9yJTNBJTIwd2hpdGUlM0IlMjB0ZXh0LWFsaWduJTNBY2VudGVyJTNCJTIyJTNFTm9zJTIwciVDMyVBOXNlcnZvaXJzJTIwc29udCUyMGVuJTIwZXhjZWxsZW50ZSUyMGNvbmRpdGlvbiUzQiUzQ2JyJTJGJTNFZGUlMjBsYSUyMHF1YWxpdCVDMyVBOSUyMHBvdXIlMjB1bmUlMjBmcmFjdGlvbiUyMGR1JTIwcHJpeC4lM0MlMkZoMiUzRSUwQQ==[\/vc_raw_html][\/vc_column][\/vc_row][vc_row fullwidth=&#8221;true&#8221; fullwidth_content=&#8221;false&#8221; [&hellip;]<\/p>\n","protected":false},"author":2,"featured_media":0,"parent":0,"menu_order":0,"comment_status":"closed","ping_status":"closed","template":"","meta":{"_acf_changed":false,"footnotes":""},"acf":[],"yoast_head":"<!-- This site is optimized with the Yoast SEO plugin v22.0 - https:\/\/yoast.com\/wordpress\/plugins\/seo\/ -->\n<title>Etalfort Inc | Cantilever<\/title>\n<meta name=\"description\" content=\"Cantilevers are hardy and versatile as they can support materiels of multiple sizes.\" \/>\n<meta name=\"robots\" content=\"index, follow, max-snippet:-1, max-image-preview:large, max-video-preview:-1\" \/>\n<link rel=\"canonical\" href=\"https:\/\/etalfort.com\/etageres-en-porte-a-faux\/\" \/>\n<meta property=\"og:locale\" content=\"en_US\" \/>\n<meta property=\"og:type\" content=\"article\" \/>\n<meta property=\"og:title\" content=\"Etalfort Inc | Cantilever\" \/>\n<meta property=\"og:description\" content=\"Cantilevers are hardy and versatile as they can support materiels of multiple sizes.\" \/>\n<meta property=\"og:url\" content=\"https:\/\/etalfort.com\/etageres-en-porte-a-faux\/\" \/>\n<meta property=\"og:site_name\" content=\"\u00c9talfort\" \/>\n<meta property=\"article:modified_time\" content=\"2022-01-13T19:51:32+00:00\" \/>\n<meta name=\"twitter:card\" content=\"summary_large_image\" \/>\n<meta name=\"twitter:label1\" content=\"Est. reading time\" \/>\n\t<meta name=\"twitter:data1\" content=\"1 minute\" \/>\n<script type=\"application\/ld+json\" class=\"yoast-schema-graph\">{\"@context\":\"https:\/\/schema.org\",\"@graph\":[{\"@type\":\"WebPage\",\"@id\":\"https:\/\/etalfort.com\/etageres-en-porte-a-faux\/\",\"url\":\"https:\/\/etalfort.com\/etageres-en-porte-a-faux\/\",\"name\":\"Etalfort Inc | Cantilever\",\"isPartOf\":{\"@id\":\"https:\/\/etalfort.com\/#website\"},\"datePublished\":\"2020-06-27T22:46:14+00:00\",\"dateModified\":\"2022-01-13T19:51:32+00:00\",\"description\":\"Cantilevers are hardy and versatile as they can support materiels of multiple sizes.\",\"breadcrumb\":{\"@id\":\"https:\/\/etalfort.com\/etageres-en-porte-a-faux\/#breadcrumb\"},\"inLanguage\":\"en-US\",\"potentialAction\":[{\"@type\":\"ReadAction\",\"target\":[\"https:\/\/etalfort.com\/etageres-en-porte-a-faux\/\"]}]},{\"@type\":\"BreadcrumbList\",\"@id\":\"https:\/\/etalfort.com\/etageres-en-porte-a-faux\/#breadcrumb\",\"itemListElement\":[{\"@type\":\"ListItem\",\"position\":1,\"name\":\"Home\",\"item\":\"https:\/\/etalfort.com\/en\/\"},{\"@type\":\"ListItem\",\"position\":2,\"name\":\"Cantilever\"}]},{\"@type\":\"WebSite\",\"@id\":\"https:\/\/etalfort.com\/#website\",\"url\":\"https:\/\/etalfort.com\/\",\"name\":\"\u00c9talfort\",\"description\":\"Racking et \u00e9tag\u00e8re usag\u00e9s\",\"potentialAction\":[{\"@type\":\"SearchAction\",\"target\":{\"@type\":\"EntryPoint\",\"urlTemplate\":\"https:\/\/etalfort.com\/?s={search_term_string}\"},\"query-input\":\"required name=search_term_string\"}],\"inLanguage\":\"en-US\"}]}<\/script>\n<!-- \/ Yoast SEO plugin. -->","yoast_head_json":{"title":"Etalfort Inc | Cantilever","description":"Cantilevers are hardy and versatile as they can support materiels of multiple sizes.","robots":{"index":"index","follow":"follow","max-snippet":"max-snippet:-1","max-image-preview":"max-image-preview:large","max-video-preview":"max-video-preview:-1"},"canonical":"https:\/\/etalfort.com\/etageres-en-porte-a-faux\/","og_locale":"en_US","og_type":"article","og_title":"Etalfort Inc | Cantilever","og_description":"Cantilevers are hardy and versatile as they can support materiels of multiple sizes.","og_url":"https:\/\/etalfort.com\/etageres-en-porte-a-faux\/","og_site_name":"\u00c9talfort","article_modified_time":"2022-01-13T19:51:32+00:00","twitter_card":"summary_large_image","twitter_misc":{"Est. reading time":"1 minute"},"schema":{"@context":"https:\/\/schema.org","@graph":[{"@type":"WebPage","@id":"https:\/\/etalfort.com\/etageres-en-porte-a-faux\/","url":"https:\/\/etalfort.com\/etageres-en-porte-a-faux\/","name":"Etalfort Inc | Cantilever","isPartOf":{"@id":"https:\/\/etalfort.com\/#website"},"datePublished":"2020-06-27T22:46:14+00:00","dateModified":"2022-01-13T19:51:32+00:00","description":"Cantilevers are hardy and versatile as they can support materiels of multiple sizes.","breadcrumb":{"@id":"https:\/\/etalfort.com\/etageres-en-porte-a-faux\/#breadcrumb"},"inLanguage":"en-US","potentialAction":[{"@type":"ReadAction","target":["https:\/\/etalfort.com\/etageres-en-porte-a-faux\/"]}]},{"@type":"BreadcrumbList","@id":"https:\/\/etalfort.com\/etageres-en-porte-a-faux\/#breadcrumb","itemListElement":[{"@type":"ListItem","position":1,"name":"Home","item":"https:\/\/etalfort.com\/en\/"},{"@type":"ListItem","position":2,"name":"Cantilever"}]},{"@type":"WebSite","@id":"https:\/\/etalfort.com\/#website","url":"https:\/\/etalfort.com\/","name":"\u00c9talfort","description":"Racking et \u00e9tag\u00e8re usag\u00e9s","potentialAction":[{"@type":"SearchAction","target":{"@type":"EntryPoint","urlTemplate":"https:\/\/etalfort.com\/?s={search_term_string}"},"query-input":"required name=search_term_string"}],"inLanguage":"en-US"}]}},"_links":{"self":[{"href":"https:\/\/etalfort.com\/en\/wp-json\/wp\/v2\/pages\/1126"}],"collection":[{"href":"https:\/\/etalfort.com\/en\/wp-json\/wp\/v2\/pages"}],"about":[{"href":"https:\/\/etalfort.com\/en\/wp-json\/wp\/v2\/types\/page"}],"author":[{"embeddable":true,"href":"https:\/\/etalfort.com\/en\/wp-json\/wp\/v2\/users\/2"}],"replies":[{"embeddable":true,"href":"https:\/\/etalfort.com\/en\/wp-json\/wp\/v2\/comments?post=1126"}],"version-history":[{"count":8,"href":"https:\/\/etalfort.com\/en\/wp-json\/wp\/v2\/pages\/1126\/revisions"}],"predecessor-version":[{"id":1375,"href":"https:\/\/etalfort.com\/en\/wp-json\/wp\/v2\/pages\/1126\/revisions\/1375"}],"wp:attachment":[{"href":"https:\/\/etalfort.com\/en\/wp-json\/wp\/v2\/media?parent=1126"}],"curies":[{"name":"wp","href":"https:\/\/api.w.org\/{rel}","templated":true}]}}