{"id":1118,"date":"2020-06-27T20:32:54","date_gmt":"2020-06-27T20:32:54","guid":{"rendered":"https:\/\/etalfort.com\/reservoirs-tote-tank-new\/"},"modified":"2022-01-13T19:52:16","modified_gmt":"2022-01-13T19:52:16","slug":"used-tote-tanks","status":"publish","type":"page","link":"https:\/\/etalfort.com\/en\/used-tote-tanks\/","title":{"rendered":"USED TOTE-TANKS"},"content":{"rendered":"[vc_section full_width=&#8221;stretch_row&#8221; css=&#8221;.vc_custom_1600641941609{background-image: url(https:\/\/etalfort.com\/wp-content\/uploads\/2020\/09\/tote.png?id=990) !important;}&#8221;][vc_row][vc_column el_class=&#8221;centerr&#8221; css=&#8221;.vc_custom_1592446599465{padding-top: 50px !important;padding-bottom: 100px !important;}&#8221;][vc_raw_html]JTNDbGluayUyMGhyZWYlM0QlMjJodHRwcyUzQSUyRiUyRmZvbnRzLmdvb2dsZWFwaXMuY29tJTJGY3NzMiUzRmZhbWlseSUzRFJ1YmlrJTNBd2dodCU0MDQwMCUzQjUwMCUzQjkwMCUyNmRpc3BsYXklM0Rzd2FwJTIyJTIwcmVsJTNEJTIyc3R5bGVzaGVldCUyMiUzRSUwQQ==[\/vc_raw_html][vc_raw_html]JTNDaDElMjBzdHlsZSUzRCUyMmNvbG9yJTNBd2hpdGUlM0IlMjBmb250LXdlaWdodCUzQSUyMDkwMCUzQiUyMiUzRVVTRUQlMjBUT1RFLVRBTktTJTNDJTJGaDElM0UlMEElM0NwJTIwc3R5bGUlM0QlMjJsaW5lLWhlaWdodCUzQSUyMDElM0Jmb250LXNpemUlM0ElMjAyMnB4JTNCJTIwY29sb3IlM0ElMjB3aGl0ZSUyMCUyMWltcG9ydGFudCUzQiUyMGRpc3BsYXklM0ElMjBub25lJTNCJTIyJTNFRXRhbGZvcnQlMjBJbmMlMjBwcm9wb3NlJTIwZGVzJTIwciVDMyVBOXNlcnZvaXJzJTIwdXNhZyVDMyVBOXMlMjBzb2xpZGVzJTIwZXQlMjBkdXJhYmxlcyUyMGRlJTIwMTAwMCUyMGxpdHJlcyUzQyUyRnAlM0UlMEE=[\/vc_raw_html][\/vc_column][\/vc_row][\/vc_section][vc_row fullwidth=&#8221;true&#8221; fullwidth_content=&#8221;false&#8221; css=&#8221;.vc_custom_1591744045020{background-image: url(https:\/\/etalfort.com\/wp-content\/uploads\/2020\/06\/artboardx.jpg?id=594) !important;background-position: center !important;background-repeat: no-repeat !important;background-size: cover !important;}&#8221;][vc_column][vc_row_inner css=&#8221;.vc_custom_1591757060609{padding-top: 100px !important;padding-bottom: 100px !important;}&#8221;][vc_column_inner width=&#8221;1\/3&#8243;][\/vc_column_inner][vc_column_inner el_class=&#8221;rightt&#8221; width=&#8221;2\/3&#8243;][vc_raw_html]JTNDaDIlMjBjbGFzcyUzRCUyMmJsdWUlMjIlMjAlMjBzdHlsZSUzRCUyMmZvbnQtc2l6ZSUzQSUyMDM1cHglM0IlMjBsaW5lLWhlaWdodCUzQSUyMDElM0IlMjIlM0VVU0VEJTIwVE9URS1UQU5LUyUzQ2JyJTJGJTNFJTNDc3BhbiUyMGNsYXNzJTNEJTIyb3JhbmdlJTIwbmluamElMjIlMjBzdHlsZSUzRCUyMmZvbnQtd2VpZ2h0JTNBNDAwJTNCJTIwZm9udC1zaXplJTNBJTIwMzBweCUzQiUyMiUzRSUyOFRvdGUtVGFuayUyOSUzQyUyRnNwYW4lM0UlM0MlMkZoMiUzRSUwQSUzQ3AlMjBzdHlsZSUzRCUyMmxpbmUtaGVpZ2h0JTNBJTIwMS4zJTNCZm9udC1zaXplJTNBJTIwMTZweCUzQmNvbG9yJTNBJTIwYmxhY2slM0JtYXgtd2lkdGglM0ElMjA1MzBweCUzQm1hcmdpbi1sZWZ0JTNBJTIwYXV0byUzQiUyMiUzRU91ciUyMDEwMDBMJTIwdXNlZCUyMHRvdGUtdGFua3MlMjBhcmUlMjBtYWRlJTIwb2YlMjBoaWdoJTIwZGVuc2l0eSUyMFBPTFlFVEhZTEVORS4lMjBUaGUlMjB0b3RlLXRhbmtzJTIwaXMlMjBzdXJyb3VuZGVkJTIwYnklMjBhJTIwbWV0YWwlMjBjYWdlJTIwYW5kJTIwbW91bnRlZCUyMG9uJTIwYSUyMHBhbGxldCUyMGZvciUyMGVhc3klMjBtb2JpbGl0eS4lMjBFcXVpcGVkJTIwd2l0aCUyMGElMjAyJTIwaW5jaCUyMHZhbHZlJTIwYXQlMjB0aGUlMjBib3R0b20lMjBhbmQlMjBhJTIwNiUyMGluY2glMjBzY3Jldy1vbiUyMGNhcCUyMGF0JTIwdGhlJTIwdG9wLiUzQyUyRnAlM0U=[\/vc_raw_html][vc_raw_html]JTNDYSUyMGhyZWYlM0QlMjJodHRwcyUzQSUyRiUyRmV0YWxmb3J0LmNvbSUyRmVuJTJGY29udGFjdC11cyUyRiUyMiUyMGNsYXNzJTNEJTIyYnRuLW91dGxpbmUlMjIlM0VDb250YWN0JTIwVXMlMjAlM0UlMjAlM0MlMkZhJTNF[\/vc_raw_html][\/vc_column_inner][\/vc_row_inner][\/vc_column][\/vc_row][vc_row fullwidth=&#8221;true&#8221; css=&#8221;.vc_custom_1593131668229{background: #ff7e28 url(https:\/\/etalfort.com\/wp-content\/uploads\/2020\/06\/orange-color.png?id=817) !important;background-position: center !important;background-repeat: no-repeat !important;background-size: cover !important;}&#8221; el_class=&#8221;ninja&#8221;][vc_column][vc_row_inner][vc_column_inner width=&#8221;1\/3&#8243;][vc_raw_html]JTNDZGl2JTIwY2xhc3MlM0QlMjJibHVlLWJrZyUyMiUyMHN0eWxlJTNEJTIyJTIwbWFyZ2luLWxlZnQlM0ElMjAtMTVweCUyMCUyMWltcG9ydGFudCUzQiUyMHBhZGRpbmclM0ElMjAyMHB4JTNCJTIwbWFyZ2luLXRvcCUzQSUyMC04MHB4JTNCJTIyJTIwJTNFJTBBJTNDaDIlMjBzdHlsZSUzRCUyMmNvbG9yJTNBJTIwd2hpdGUlM0IlMjBmb250LXdlaWdodCUzQSUyMDgwMCUzQiUyMG1heC13aWR0aCUzQSUyMDI1MHB4JTNCJTIwcGFkZGluZyUzQSUyMDE1cHglM0IlMjBtYXJnaW4tbGVmdCUzQSUyMGF1dG8lM0IlMjBsaW5lLWhlaWdodCUzQSUyMDElM0IlMjBtYXJnaW4tYm90dG9tJTNBJTIwMHB4JTNCJTIyJTNFUGx1cyUyMHF1JTI3dW4lMjBzaW1wbGUlMjBpbnZlbnRhaXJlJTNDJTJGaDIlM0UlMEElM0MlMkZkaXYlM0U=[\/vc_raw_html][\/vc_column_inner][vc_column_inner width=&#8221;2\/3&#8243;][\/vc_column_inner][\/vc_row_inner][\/vc_column][\/vc_row][vc_row fullwidth=&#8221;true&#8221; css=&#8221;.vc_custom_1608174130825{padding-top: 75px !important;padding-bottom: 50px !important;background-color: #ff7e28 !important;}&#8221; el_class=&#8221;ninja&#8221;][vc_column][vc_raw_html]JTNDaDIlMjBzdHlsZSUzRCUyMmNvbG9yJTNBJTIwd2hpdGUlM0IlMjB0ZXh0LWFsaWduJTNBY2VudGVyJTNCJTIyJTNFTm9zJTIwciVDMyVBOXNlcnZvaXJzJTIwc29udCUyMGVuJTIwZXhjZWxsZW50ZSUyMGNvbmRpdGlvbiUzQiUzQ2JyJTJGJTNFZGUlMjBsYSUyMHF1YWxpdCVDMyVBOSUyMHBvdXIlMjB1bmUlMjBmcmFjdGlvbiUyMGR1JTIwcHJpeC4lM0MlMkZoMiUzRSUwQQ==[\/vc_raw_html][\/vc_column][\/vc_row][vc_row fullwidth=&#8221;true&#8221; fullwidth_content=&#8221;false&#8221; css=&#8221;.vc_custom_1600398998991{padding-top: 75px !important;padding-bottom: 25px !important;background-color: #ffffff !important;}&#8221;][vc_column][vc_raw_html]JTNDaDIlMjBzdHlsZSUzRCUyMnRleHQtYWxpZ24lM0FjZW50ZXIlM0IlMjIlMjBjbGFzcyUzRCUyMmJsdWUlMjIlM0VDSEFSQUNURVJJU1RJQ1MlM0MlMkZoMiUzRQ==[\/vc_raw_html][vc_row_inner css=&#8221;.vc_custom_1593288610162{margin-top: 75px !important;}&#8221;][vc_column_inner width=&#8221;1\/2&#8243;][vc_raw_html]JTNDZGl2JTIwaWQlM0QlMjJyZXNlcnZlJTIyJTNFJTBBJTNDcCUzRSUzQ3NwYW4lMjBjbGFzcyUzRCUyMm9yYW5nZSUyMiUzRU1lc3VyZW1lbnRzJTNBJTIwJTNDJTJGc3BhbiUzRTQwJUUyJTgwJTk5JUUyJTgwJTk5JTIwTCUyMHglMjA0OCVFMiU4MCU5OSVFMiU4MCU5OSUyMEglMjB4JTIwNDYlRTIlODAlOTklRTIlODAlOTklMjBMJTNDJTJGcCUzRSUwQSUzQ3AlM0UlM0NzcGFuJTIwY2xhc3MlM0QlMjJvcmFuZ2UlMjIlM0VDYXBhY2l0eSUzQSUyMCUzQyUyRnNwYW4lM0UxMDAwTCUyMCUyODI3NSUyMEdhbCUyMFVTJTI5JTNDJTJGcCUzRSUwQSUzQ3AlM0UlM0NzcGFuJTIwY2xhc3MlM0QlMjJvcmFuZ2UlMjIlM0VXZWlnaHQlM0ElMjAlM0MlMkZzcGFuJTNFMTM1TEIlM0MlMkZwJTNFJTBBJTNDJTIxLS0lMjBwJTNFJTNDc3BhbiUyMGNsYXNzJTNEJTIyb3JhbmdlJTIyJTNFT3V2ZXJ0dXJlJTIwJTNBJTIwJTNDJTJGc3BhbiUzRVZhbHZlJTIwZGUlMjAyJUUyJTgwJTk5JUUyJTgwJTk5JTIwbXVuaSUyMGQlRTIlODAlOTl1biUyMFF1aWNrLUNvbm5lY3QuJTIwQ291dmVyY2xlJTIwJUMzJUE5dGFuY2hlJTIwdmlzc2FibGUlMjBkZSUyMDYlRTIlODAlOTklRTIlODAlOTklMjBzdXIlMjBsZSUyMGRlc3N1cy4lM0MlMkZwJTNFJTBBJTNDcCUzRSUzQ3NwYW4lMjBjbGFzcyUzRCUyMm9yYW5nZSUyMiUzRUNvdWxldXIlMjAlM0ElMjAlM0MlMkZzcGFuJTNFQmxhbmMlMjB0cmFuc2x1Y2lkZSUzQyUyRnAlM0UlMEElM0NwJTNFJTNDc3BhbiUyMGNsYXNzJTNEJTIyb3JhbmdlJTIyJTNFTWF0JUMzJUE5cmlhdSUyMCUzQSUyMCUzQyUyRnNwYW4lM0VQb2x5JUMzJUE5dGh5bCVDMyVBOG5lJTIwZGUlMjBoYXV0ZSUyMGRlbnNpdCVDMyVBOS4lM0MlMkZwJTNFJTBBJTNDJTJGYnIlM0UlMEElM0NwJTNFVG91cyUyMGxlcyUyMHIlQzMlQTlzZXJ2b2lycyUyMGRpc3BvbmlibGVzJTIwZGFucyUyMG5vdHJlJTIwZW50cmVwJUMzJUI0dCUyMHNvbnQlMjBlbXBpbGFnZXMlMjBhZmluJTIwZGUlMjBtYXhpbWlzZXIlMjBsJUUyJTgwJTk5ZXNwYWNlJTIwbiVDMyVBOWNlc3NhaXJlJTIwJUMzJUEwJTIwbGV1ciUyMGVudHJlcG9zYWdlLiUzQyUyRnAlMjAtLSUzRSUwQSUzQyUyRmRpdiUzRQ==[\/vc_raw_html][\/vc_column_inner][vc_column_inner width=&#8221;1\/2&#8243;][vc_single_image image=&#8221;635&#8243; img_size=&#8221;full&#8221; alignment=&#8221;center&#8221;][\/vc_column_inner][\/vc_row_inner][vc_raw_html el_class=&#8221;ninja&#8221;]JTNDcCUyMHN0eWxlJTNEJTIyb3BhY2l0eSUzQSUyMDAuNyUzQiUyMiUzRSUyQSUyMFVzYWdlJTIwaG9ycy10ZXJyZSUyMHNldWxlbWVudCUzQyUyRnAlM0UlMEElM0NwJTIwc3R5bGUlM0QlMjJvcGFjaXR5JTNBJTIwMC43JTNCJTIyJTNFJTJBJTJBJTIwTmUlMjBwZXV0JTIwJUMzJUFBdHJlJTIwcHJlc3N1cmlzJUMzJUE5JTNDJTJGcCUzRQ==[\/vc_raw_html][\/vc_column][\/vc_row][vc_row fullwidth=&#8221;true&#8221; fullwidth_content=&#8221;false&#8221; css=&#8221;.vc_custom_1608174480442{padding-top: 75px !important;padding-bottom: 25px !important;background-color: #ffffff !important;}&#8221; el_class=&#8221;ninja&#8221;][vc_column][vc_raw_html]JTNDaDIlMjBzdHlsZSUzRCUyMnRleHQtYWxpZ24lM0FjZW50ZXIlM0IlMjIlMjBjbGFzcyUzRCUyMmJsdWUlMjIlM0VUWVBFJTIwREUlMjBSJUMzJTg5U0VSVk9JUlMlMjBVU0FHJUMzJTg5UyUyMERJU1BPTklCTEVTJTNDJTJGaDIlM0U=[\/vc_raw_html][vc_row_inner el_id=&#8221;message&#8221; el_class=&#8221;type-container&#8221;][vc_column_inner width=&#8221;1\/3&#8243;][vc_single_image image=&#8221;635&#8243; img_size=&#8221;full&#8221; alignment=&#8221;center&#8221;][vc_raw_html]JTNDaDMlM0VSJUMzJTg5U0VSVk9JUiUyMEdSQURFJTIwQUxJTUVOVEFJUkUlMjBBVkVDJTIwUiVDMyU4OVNJRFUlMjBBTElNRU5UQUlSRSUzQyUyRmgzJTNFJTBBJTNDcCUzRUxlJTIwY29udGVudSUyMHByJUMzJUE5YyVDMyVBOWRhbnQlMjBwcm92aWVudCUyMGQlRTIlODAlOTl1c2luZSUyMGRlJTIwcHJvZHVjdGlvbiUyMGFsaW1lbnRhaXJlLiUyMERlcyUyMHIlQzMlQTlzaWR1cyUyMHBldXZlbnQlMjBzZSUyMHRyb3V2ZXIlMjAlQzMlQTAlMjBsJUUyJTgwJTk5aW50JUMzJUE5cmlldXIuJTNDJTJGcCUzRQ==[\/vc_raw_html][\/vc_column_inner][vc_column_inner width=&#8221;1\/3&#8243;][vc_single_image image=&#8221;635&#8243; img_size=&#8221;full&#8221; alignment=&#8221;center&#8221;][vc_raw_html]JTNDaDMlM0VSJUMzJTg5U0VSVk9JUiUyMEFWRUMlMjBSJUMzJTg5U0lEVSUzQyUyRmgzJTNFJTBBJTNDcCUzRUxlJTIwY29udGVudSUyMHByJUMzJUE5YyVDMyVBOWRhbnQlMjBuJUUyJTgwJTk5ZXN0JTIwcGFzJTIwY29ubnUuJTIwQ2VzJTIwciVDMyVBOXNlcnZvaXJzJTIwbmUlMjBkb2l2ZW50JTIwcGFzJTIwJUMzJUFBdHJlJTIwdXRpbGlzJUMzJUE5JTIwcG91ciUyMGwlRTIlODAlOTllbnRyZXBvc2FnZSUyMGRlJTIwcHJvZHVpdHMlMjBhbGltZW50YWlyZXMlMjBkZXN0aW4lQzMlQTlzJTIwJUMzJUEwJTIwbGElMjBjb25zb21tYXRpb24uJTIwJTIwSWwlMjBwZXV0JTIwcmVzdGVyJTIwZGVzJTIwciVDMyVBOXNpZHVzJTIwJUMzJUEwJTIwbCVFMiU4MCU5OWludCVDMyVBOXJpZXVyLiUyMCUzQyUyRnAlM0U=[\/vc_raw_html][\/vc_column_inner][vc_column_inner width=&#8221;1\/3&#8243;][vc_single_image image=&#8221;635&#8243; img_size=&#8221;full&#8221; alignment=&#8221;center&#8221;][vc_raw_html]JTNDaDMlM0VSJUMzJTg5U0VSVk9JUiUyME5FVUYlM0MlMkZoMyUzRSUwQSUzQ3AlM0VMZSUyMHIlQzMlQTlzZXJ2b2lyJTIwZXN0JTIwbmV1ZiUyQyUyMGRvbmMlMjBwcm9wcmUlMjBldCUyMHMlQzMlQTljdXJpdGFpcmUlMjBwb3VyJTIwdG91dCUyMHVzYWdlLiUyMCUwQSUyQSUyQSUyQSUyMExhJTIwZGlzcG9uaWJpbGl0JUMzJUE5JTIwZGUlMjBjZSUyMHIlQzMlQTlzZXJ2b2lyJTIwcGV1dCUyMGNoYW5nZXIlMjAlQzMlQTAlMjB0b3V0JTIwbW9tZW50LiUyMFZldWlsbGV6JTIwY29tbXVuaXF1ZXIlMjBhdmVjJTIwbm91cyUyMGFmaW4lMjBkZSUyMHYlQzMlQTlyaWZpZXIlMjBsYSUyMGRpc3BvbmliaWxpdCVDMyVBOS4lMEElMEElM0MlMkZwJTNF[\/vc_raw_html][\/vc_column_inner][\/vc_row_inner][vc_raw_html]JTNDZGl2JTIwY2xhc3MlM0QlMjJvcmFuZ2Utd2FybmluZyUyMiUzRSUwQSUzQ3AlMjBzdHlsZSUzRCUyMmNvbG9yJTNBJTIwJTIzZmY3ZjI2JTIwJTIxaW1wb3J0YW50JTNCYmFja2dyb3VuZC1jb2xvciUzQSUyMHdoaXRlJTNCYm9yZGVyLXJhZGl1cyUzQSUyMDEwMHB4JTNCcGFkZGluZyUzQSUyMDVweCUyMDEwcHglM0J3aWR0aCUzQSUyMDU2LjVweCUzQm1hcmdpbi1ib3R0b20lM0ElMjAxMHB4JTNCZm9udC1zaXplJTNBJTIwMTBweCUzQiUyMiUzRUFUVEVOVElPTiUzQyUyRnAlM0UlMEElM0NwJTNFTm91cyUyMHNvbW1lcyUyMHJldmVuZGV1cnMlMjBkZSUyMHIlQzMlQTlzZXJ2b2lycyUyMHVzYWclQzMlQTlzLiUyMExlcyUyMHIlQzMlQTlzZXJ2b2lycyUyMHNvbnQlMjByZSVDMyVBN3VzJTIwZXQlMjByZXZlbmR1cyUyMHRlbCUyMHF1ZWwuJTIwJTNDJTJGcCUzRSUwQSUzQyUyRmRpdiUzRQ==[\/vc_raw_html][\/vc_column][\/vc_row][vc_row fullwidth=&#8221;true&#8221; fullwidth_content=&#8221;false&#8221; css=&#8221;.vc_custom_1608174492304{background: #f7f7f7 url(https:\/\/etalfort.com\/wp-content\/uploads\/2020\/06\/palettier-double.jpg?id=759) !important;background-position: center !important;background-repeat: no-repeat !important;background-size: cover !important;}&#8221; el_class=&#8221;other-product ninja&#8221;][vc_column][vc_raw_html css=&#8221;.vc_custom_1593297786068{margin-top: 100px !important;margin-bottom: 50px !important;}&#8221;]JTNDaDIlMjBzdHlsZSUzRCUyMnRleHQtYWxpZ24lM0FjZW50ZXIlM0IlMjBjb2xvciUzQSUyMHdoaXRlJTNCJTIyJTNFVU4lMjBTRVJWSUNFJTIwUkFQSURFJTIwRVQlMjBTVVIlMjBNRVNVUkUlM0MlMkZoMiUzRSUwQSUzQ3AlMjBzdHlsZSUzRCUyMm1heC13aWR0aCUzQSUyMDg1MHB4JTNCJTIwdGV4dC1hbGlnbiUzQSUyMGNlbnRlciUzQiUyMG1hcmdpbi1sZWZ0JTNBJTIwYXV0byUzQiUyMG1hcmdpbi1yaWdodCUzQSUyMGF1dG8lM0IlMjBsaW5lLWhlaWdodCUzQSUyMDEuNSUzQiUyMGNvbG9yJTNBJTIwd2hpdGUlMjAlMjFpbXBvcnRhbnQlM0IlMjIlM0VWb3VzJTIwJUMzJUFBdGVzJTIwJUMzJUEwJTIwbGElMjByZWNoZXJjaGUlMjBkZSUyMHIlQzMlQTlzZXJ2b2lycyUyMGRlJTIwMTAwMCUyMGxpdHJlcyUzRiUyMEV0YWxmb3J0JTIwSW5jJTIwZXN0JTIwc3AlQzMlQTljaWFsaXMlQzMlQTllJTIwZGFucyUyMGwlRTIlODAlOTlhY2hhdCUyMGV0JTIwbGElMjB2ZW50ZSUyMGQlRTIlODAlOTklQzMlQTlxdWlwZW1lbnRzJTIwZCVFMiU4MCU5OWVudHJlcG9zYWdlJTIwdXNhZyVDMyVBOXMuJTIwVG91cyUyMGxlcyUyMHByb2R1aXRzJTIwdmVuZHVzJTIwcGFyJTIwbm90cmUlMjBjb21wYWduaWUlMjBzb250JTIwc29pZ25ldXNlbWVudCUyMGNob2lzaXMlMjBhZmluJTIwZGUlMjBnYXJhbnRpciUyMCVDMyVBMCUyMG5vcyUyMGNsaWVudHMlMjBkZXMlMjBtYXJjaGFuZGlzZXMlMjBlbiUyMHBhcmZhaXQlMjAlQzMlQTl0YXQlMjBhdSUyMG1vbWVudCUyMGRlJTIwbCVFMiU4MCU5OWFjaGF0LiUyMERlJTIwcGx1cyUyQyUyMGF2ZWMlMjBub3MlMjBwcm9kdWl0cyUyMHVzYWclQzMlQTlzJTJDJTIwdm91cyUyMHNlcmV6JTIwcyVDMyVCQnIlMjBkZSUyMHIlQzMlQTlhbGlzZXIlMjBkJUUyJTgwJTk5aW1wb3J0YW50ZXMlMjAlQzMlQTljb25vbWllcyUyMGdyJUMzJUEyY2UlMjAlQzMlQTAlMjBkZXMlMjBjbyVDMyVCQnRzJTIwYmllbiUyMG1vaW5kcmVzJTIwcGFyJTIwcmFwcG9ydCUyMGF1JTIwcHJpeCUyMGR1JTIwbWFyY2glQzMlQTkuJTBBJTNDJTJGYnIlM0UlM0MlMkZiciUzRSUwQU5vdHJlJTIwc2VydmljZSUyMHNlJTIwdmV1dCUyMGNvdXJ0b2lzJTIwZXQlMjBwZXJzb25uYWxpcyVDMyVBOSUyMGFmaW4lMjBkZSUyMHIlQzMlQTlwb25kcmUlMjByYXBpZGVtZW50JTIwJUMzJUEwJTIwdm9zJTIwYmVzb2lucy4lMjBHciVDMyVBMmNlJTIwJUMzJUEwJTIwbm90cmUlMjBlbnRyZXAlQzMlQjR0JTIwYmFzJUMzJUE5JTIwJUMzJUEwJTIwTW9udHIlQzMlQTlhbCUyMGV0JTIwJUMzJUEwJTIwbm90cmUlMjByZXByJUMzJUE5c2VudGFudCUyMHRvdWpvdXJzJTIwcHIlQzMlQUF0JTIwJUMzJUEwJTIwdm91cyUyMHJlY2V2b2lyJTJDJTIwdm91cyUyMHBvdXJyZXolMjBwcm9maXRlciUyMGRlJTIwanVkaWNpZXV4JTIwY29uc2VpbHMlMjB0b3V0JTIwZW4lMjB2JUMzJUE5cmlmaWFudCUyMHBhciUyMHZvdXMtbSVDMyVBQW1lJTIwbGElMjBxdWFsaXQlQzMlQTklMjBkZXMlMjBwcm9kdWl0cyUyMHF1ZSUyMHZvdXMlMjBzb3VoYWl0ZXJleiUyMGFjaGV0ZXIuJTBBJTNDJTJGYnIlM0UlM0MlMkZiciUzRSUwQUNvbnRhY3Rlei1ub3VzJTIwZCVDMyVBOHMlMjBtYWludGVuYW50JTIwcG91ciUyMGNvbm5hJUMzJUFFdHJlJTIwY29tbWVudCUyMG5vdXMlMjBwb3V2b25zJTIwciVDMyVBOXBvbmRyZSUyMCVDMyVBMCUyMHZvcyUyMGJlc29pbnMlMjBkJUUyJTgwJTk5ZW50cmVwb3NhZ2UuJTNDJTJGcCUzRQ==[\/vc_raw_html][vc_raw_html el_class=&#8221;centerr&#8221; css=&#8221;.vc_custom_1593297793377{margin-bottom: 100px !important;}&#8221;]JTNDYSUyMGhyZWYlM0QlMjJodHRwcyUzQSUyRiUyRmV0YWxmb3J0LmNvbSUyRm5vdXMtam9pbmRyZSUyRiUyMiUyMGNsYXNzJTNEJTIyYnRuLW9yYW5nZSUyMiUyMHN0eWxlJTNEJTIybWFyZ2luLWxlZnQlM0FhdXRvJTNCJTIwbWFyZ2luLXJpZ2h0JTNBJTIwYXV0byUzQiUyMiUzRUNvbnRhY3Rlei1ub3VzJTIwJTNFJTIwJTNDJTJGYSUzRQ==[\/vc_raw_html][\/vc_column][\/vc_row][vc_row fullwidth=&#8221;true&#8221; fullwidth_content=&#8221;false&#8221; css=&#8221;.vc_custom_1593297037502{background-color: #ffffff !important;}&#8221; el_class=&#8221;other-product&#8221;][vc_column][vc_raw_html css=&#8221;.vc_custom_1608174520779{margin-top: 75px !important;margin-bottom: 75px !important;}&#8221;]JTNDaDIlMjBzdHlsZSUzRCUyMnRleHQtYWxpZ24lM0FjZW50ZXIlM0IlMjIlMjBjbGFzcyUzRCUyMmJsdWUlMjIlM0VESVNDT1ZFUiUyME9VUiUyMFBST0RVQ1RTJTNDJTJGaDIlM0UlMEElM0NwJTIwc3R5bGUlM0QlMjJtYXgtd2lkdGglM0ElMjA4NTBweCUzQiUyMHRleHQtYWxpZ24lM0ElMjBjZW50ZXIlM0IlMjBtYXJnaW4tbGVmdCUzQSUyMGF1dG8lM0IlMjBtYXJnaW4tcmlnaHQlM0ElMjBhdXRvJTNCJTIwbGluZS1oZWlnaHQlM0ElMjAxLjUlM0IlMjIlMjBjbGFzcyUzRCUyMm5pbmphJTIyJTNFVm91cyUyMHNvdWhhaXRleiUyMGQlQzMlQTljb3V2cmlyJTIwbGVzJTIwYXV0cmVzJTIwcHJvZHVpdHMlMjBkaXNwb25pYmxlcyUyMGNoZXolMjBFdGFsZm9ydCUyMEluYyUzRiUyMFIlQzMlQTlzZXJ2b2lycyUyMGRlJTIwMTAwMCUyMGxpdHJlcyUyQyUyMGJhcmlscyUyMHVzYWclQzMlQTlzJTIwb3UlMjAlQzMlQTl0YWclQzMlQThyZXMlMjBlbiUyMHBvcnRlLSVDMyVBMC1mYXV4JTJDJTIwcHJlbmV6JTIwbGUlMjB0ZW1wcyUyMGRlJTIwcGFyY291cmlyJTIwbCVFMiU4MCU5OWVuc2VtYmxlJTIwZGVzJTIwcHJvZHVpdHMlMjB2ZW5kdXMlMjBwYXIlMjBub3RyZSUyMGNvbXBhZ25pZS4lM0NiciUyRiUzRSUzQ2JyJTJGJTNFJTBBJTBBTm91cyUyMGF2b25zJTIwcyVDMyVCQnJlbWVudCUyMGxlJTIwcmF5b25uYWdlJTIwaW5kdXN0cmllbCUyMGRvbnQlMjB2b3VzJTIwYXZleiUyMGJlc29pbiUyMSUzQyUyRnAlM0U=[\/vc_raw_html][vc_row_inner css=&#8221;.vc_custom_1593289347284{padding-bottom: 75px !important;}&#8221;][vc_column_inner width=&#8221;1\/2&#8243;][vc_single_image image=&#8221;1178&#8243; img_size=&#8221;large&#8221; alignment=&#8221;center&#8221; onclick=&#8221;custom_link&#8221; link=&#8221;https:\/\/etalfort.com\/en\/cantilever\/&#8221;][\/vc_column_inner][vc_column_inner width=&#8221;1\/2&#8243;][vc_single_image image=&#8221;1167&#8243; img_size=&#8221;large&#8221; alignment=&#8221;center&#8221; onclick=&#8221;custom_link&#8221; link=&#8221;https:\/\/etalfort.com\/en\/racking\/&#8221;][\/vc_column_inner][\/vc_row_inner][\/vc_column][\/vc_row]\n","protected":false},"excerpt":{"rendered":"<p>[vc_section full_width=&#8221;stretch_row&#8221; css=&#8221;.vc_custom_1600641941609{background-image: url(https:\/\/etalfort.com\/wp-content\/uploads\/2020\/09\/tote.png?id=990) !important;}&#8221;][vc_row][vc_column el_class=&#8221;centerr&#8221; css=&#8221;.vc_custom_1592446599465{padding-top: 50px !important;padding-bottom: 100px !important;}&#8221;][vc_raw_html]JTNDbGluayUyMGhyZWYlM0QlMjJodHRwcyUzQSUyRiUyRmZvbnRzLmdvb2dsZWFwaXMuY29tJTJGY3NzMiUzRmZhbWlseSUzRFJ1YmlrJTNBd2dodCU0MDQwMCUzQjUwMCUzQjkwMCUyNmRpc3BsYXklM0Rzd2FwJTIyJTIwcmVsJTNEJTIyc3R5bGVzaGVldCUyMiUzRSUwQQ==[\/vc_raw_html][vc_raw_html]JTNDaDElMjBzdHlsZSUzRCUyMmNvbG9yJTNBd2hpdGUlM0IlMjBmb250LXdlaWdodCUzQSUyMDkwMCUzQiUyMiUzRVVTRUQlMjBUT1RFLVRBTktTJTNDJTJGaDElM0UlMEElM0NwJTIwc3R5bGUlM0QlMjJsaW5lLWhlaWdodCUzQSUyMDElM0Jmb250LXNpemUlM0ElMjAyMnB4JTNCJTIwY29sb3IlM0ElMjB3aGl0ZSUyMCUyMWltcG9ydGFudCUzQiUyMGRpc3BsYXklM0ElMjBub25lJTNCJTIyJTNFRXRhbGZvcnQlMjBJbmMlMjBwcm9wb3NlJTIwZGVzJTIwciVDMyVBOXNlcnZvaXJzJTIwdXNhZyVDMyVBOXMlMjBzb2xpZGVzJTIwZXQlMjBkdXJhYmxlcyUyMGRlJTIwMTAwMCUyMGxpdHJlcyUzQyUyRnAlM0UlMEE=[\/vc_raw_html][\/vc_column][\/vc_row][\/vc_section][vc_row fullwidth=&#8221;true&#8221; fullwidth_content=&#8221;false&#8221; css=&#8221;.vc_custom_1591744045020{background-image: url(https:\/\/etalfort.com\/wp-content\/uploads\/2020\/06\/artboardx.jpg?id=594) !important;background-position: center !important;background-repeat: no-repeat !important;background-size: cover !important;}&#8221;][vc_column][vc_row_inner css=&#8221;.vc_custom_1591757060609{padding-top: 100px !important;padding-bottom: 100px !important;}&#8221;][vc_column_inner width=&#8221;1\/3&#8243;][\/vc_column_inner][vc_column_inner el_class=&#8221;rightt&#8221; width=&#8221;2\/3&#8243;][vc_raw_html]JTNDaDIlMjBjbGFzcyUzRCUyMmJsdWUlMjIlMjAlMjBzdHlsZSUzRCUyMmZvbnQtc2l6ZSUzQSUyMDM1cHglM0IlMjBsaW5lLWhlaWdodCUzQSUyMDElM0IlMjIlM0VVU0VEJTIwVE9URS1UQU5LUyUzQ2JyJTJGJTNFJTNDc3BhbiUyMGNsYXNzJTNEJTIyb3JhbmdlJTIwbmluamElMjIlMjBzdHlsZSUzRCUyMmZvbnQtd2VpZ2h0JTNBNDAwJTNCJTIwZm9udC1zaXplJTNBJTIwMzBweCUzQiUyMiUzRSUyOFRvdGUtVGFuayUyOSUzQyUyRnNwYW4lM0UlM0MlMkZoMiUzRSUwQSUzQ3AlMjBzdHlsZSUzRCUyMmxpbmUtaGVpZ2h0JTNBJTIwMS4zJTNCZm9udC1zaXplJTNBJTIwMTZweCUzQmNvbG9yJTNBJTIwYmxhY2slM0JtYXgtd2lkdGglM0ElMjA1MzBweCUzQm1hcmdpbi1sZWZ0JTNBJTIwYXV0byUzQiUyMiUzRU91ciUyMDEwMDBMJTIwdXNlZCUyMHRvdGUtdGFua3MlMjBhcmUlMjBtYWRlJTIwb2YlMjBoaWdoJTIwZGVuc2l0eSUyMFBPTFlFVEhZTEVORS4lMjBUaGUlMjB0b3RlLXRhbmtzJTIwaXMlMjBzdXJyb3VuZGVkJTIwYnklMjBhJTIwbWV0YWwlMjBjYWdlJTIwYW5kJTIwbW91bnRlZCUyMG9uJTIwYSUyMHBhbGxldCUyMGZvciUyMGVhc3klMjBtb2JpbGl0eS4lMjBFcXVpcGVkJTIwd2l0aCUyMGElMjAyJTIwaW5jaCUyMHZhbHZlJTIwYXQlMjB0aGUlMjBib3R0b20lMjBhbmQlMjBhJTIwNiUyMGluY2glMjBzY3Jldy1vbiUyMGNhcCUyMGF0JTIwdGhlJTIwdG9wLiUzQyUyRnAlM0U=[\/vc_raw_html][vc_raw_html]JTNDYSUyMGhyZWYlM0QlMjJodHRwcyUzQSUyRiUyRmV0YWxmb3J0LmNvbSUyRmVuJTJGY29udGFjdC11cyUyRiUyMiUyMGNsYXNzJTNEJTIyYnRuLW91dGxpbmUlMjIlM0VDb250YWN0JTIwVXMlMjAlM0UlMjAlM0MlMkZhJTNF[\/vc_raw_html][\/vc_column_inner][\/vc_row_inner][\/vc_column][\/vc_row][vc_row fullwidth=&#8221;true&#8221; css=&#8221;.vc_custom_1593131668229{background: #ff7e28 url(https:\/\/etalfort.com\/wp-content\/uploads\/2020\/06\/orange-color.png?id=817) !important;background-position: center !important;background-repeat: no-repeat !important;background-size: cover !important;}&#8221; el_class=&#8221;ninja&#8221;][vc_column][vc_row_inner][vc_column_inner width=&#8221;1\/3&#8243;][vc_raw_html]JTNDZGl2JTIwY2xhc3MlM0QlMjJibHVlLWJrZyUyMiUyMHN0eWxlJTNEJTIyJTIwbWFyZ2luLWxlZnQlM0ElMjAtMTVweCUyMCUyMWltcG9ydGFudCUzQiUyMHBhZGRpbmclM0ElMjAyMHB4JTNCJTIwbWFyZ2luLXRvcCUzQSUyMC04MHB4JTNCJTIyJTIwJTNFJTBBJTNDaDIlMjBzdHlsZSUzRCUyMmNvbG9yJTNBJTIwd2hpdGUlM0IlMjBmb250LXdlaWdodCUzQSUyMDgwMCUzQiUyMG1heC13aWR0aCUzQSUyMDI1MHB4JTNCJTIwcGFkZGluZyUzQSUyMDE1cHglM0IlMjBtYXJnaW4tbGVmdCUzQSUyMGF1dG8lM0IlMjBsaW5lLWhlaWdodCUzQSUyMDElM0IlMjBtYXJnaW4tYm90dG9tJTNBJTIwMHB4JTNCJTIyJTNFUGx1cyUyMHF1JTI3dW4lMjBzaW1wbGUlMjBpbnZlbnRhaXJlJTNDJTJGaDIlM0UlMEElM0MlMkZkaXYlM0U=[\/vc_raw_html][\/vc_column_inner][vc_column_inner width=&#8221;2\/3&#8243;][\/vc_column_inner][\/vc_row_inner][\/vc_column][\/vc_row][vc_row fullwidth=&#8221;true&#8221; css=&#8221;.vc_custom_1608174130825{padding-top: 75px !important;padding-bottom: 50px !important;background-color: #ff7e28 !important;}&#8221; el_class=&#8221;ninja&#8221;][vc_column][vc_raw_html]JTNDaDIlMjBzdHlsZSUzRCUyMmNvbG9yJTNBJTIwd2hpdGUlM0IlMjB0ZXh0LWFsaWduJTNBY2VudGVyJTNCJTIyJTNFTm9zJTIwciVDMyVBOXNlcnZvaXJzJTIwc29udCUyMGVuJTIwZXhjZWxsZW50ZSUyMGNvbmRpdGlvbiUzQiUzQ2JyJTJGJTNFZGUlMjBsYSUyMHF1YWxpdCVDMyVBOSUyMHBvdXIlMjB1bmUlMjBmcmFjdGlvbiUyMGR1JTIwcHJpeC4lM0MlMkZoMiUzRSUwQQ==[\/vc_raw_html][\/vc_column][\/vc_row][vc_row fullwidth=&#8221;true&#8221; fullwidth_content=&#8221;false&#8221; [&hellip;]<\/p>\n","protected":false},"author":2,"featured_media":0,"parent":0,"menu_order":0,"comment_status":"closed","ping_status":"closed","template":"","meta":{"_acf_changed":false,"footnotes":""},"acf":[],"yoast_head":"<!-- This site is optimized with the Yoast SEO plugin v22.0 - https:\/\/yoast.com\/wordpress\/plugins\/seo\/ -->\n<title>Etalfort Inc | Used Tote-Tanks<\/title>\n<meta name=\"description\" content=\"Our 1000L used tote-tanks are made of high density POLYETHYLENE. The tote-tanks is surrounded by a metal cage and mounted on a pallet for easy mobility.\" \/>\n<meta name=\"robots\" content=\"index, follow, max-snippet:-1, max-image-preview:large, max-video-preview:-1\" \/>\n<link rel=\"canonical\" href=\"https:\/\/etalfort.com\/en\/used-tote-tanks\/\" \/>\n<meta property=\"og:locale\" content=\"en_US\" \/>\n<meta property=\"og:type\" content=\"article\" \/>\n<meta property=\"og:title\" content=\"Etalfort Inc | Used Tote-Tanks\" \/>\n<meta property=\"og:description\" content=\"Our 1000L used tote-tanks are made of high density POLYETHYLENE. The tote-tanks is surrounded by a metal cage and mounted on a pallet for easy mobility.\" \/>\n<meta property=\"og:url\" content=\"https:\/\/etalfort.com\/en\/used-tote-tanks\/\" \/>\n<meta property=\"og:site_name\" content=\"\u00c9talfort\" \/>\n<meta property=\"article:modified_time\" content=\"2022-01-13T19:52:16+00:00\" \/>\n<meta name=\"twitter:card\" content=\"summary_large_image\" \/>\n<meta name=\"twitter:label1\" content=\"Est. reading time\" \/>\n\t<meta name=\"twitter:data1\" content=\"1 minute\" \/>\n<script type=\"application\/ld+json\" class=\"yoast-schema-graph\">{\"@context\":\"https:\/\/schema.org\",\"@graph\":[{\"@type\":\"WebPage\",\"@id\":\"https:\/\/etalfort.com\/en\/used-tote-tanks\/\",\"url\":\"https:\/\/etalfort.com\/en\/used-tote-tanks\/\",\"name\":\"Etalfort Inc | Used Tote-Tanks\",\"isPartOf\":{\"@id\":\"https:\/\/etalfort.com\/#website\"},\"datePublished\":\"2020-06-27T20:32:54+00:00\",\"dateModified\":\"2022-01-13T19:52:16+00:00\",\"description\":\"Our 1000L used tote-tanks are made of high density POLYETHYLENE. The tote-tanks is surrounded by a metal cage and mounted on a pallet for easy mobility.\",\"breadcrumb\":{\"@id\":\"https:\/\/etalfort.com\/en\/used-tote-tanks\/#breadcrumb\"},\"inLanguage\":\"en-US\",\"potentialAction\":[{\"@type\":\"ReadAction\",\"target\":[\"https:\/\/etalfort.com\/en\/used-tote-tanks\/\"]}]},{\"@type\":\"BreadcrumbList\",\"@id\":\"https:\/\/etalfort.com\/en\/used-tote-tanks\/#breadcrumb\",\"itemListElement\":[{\"@type\":\"ListItem\",\"position\":1,\"name\":\"Home\",\"item\":\"https:\/\/etalfort.com\/en\/\"},{\"@type\":\"ListItem\",\"position\":2,\"name\":\"USED TOTE-TANKS\"}]},{\"@type\":\"WebSite\",\"@id\":\"https:\/\/etalfort.com\/#website\",\"url\":\"https:\/\/etalfort.com\/\",\"name\":\"\u00c9talfort\",\"description\":\"Racking et \u00e9tag\u00e8re usag\u00e9s\",\"potentialAction\":[{\"@type\":\"SearchAction\",\"target\":{\"@type\":\"EntryPoint\",\"urlTemplate\":\"https:\/\/etalfort.com\/?s={search_term_string}\"},\"query-input\":\"required name=search_term_string\"}],\"inLanguage\":\"en-US\"}]}<\/script>\n<!-- \/ Yoast SEO plugin. -->","yoast_head_json":{"title":"Etalfort Inc | Used Tote-Tanks","description":"Our 1000L used tote-tanks are made of high density POLYETHYLENE. The tote-tanks is surrounded by a metal cage and mounted on a pallet for easy mobility.","robots":{"index":"index","follow":"follow","max-snippet":"max-snippet:-1","max-image-preview":"max-image-preview:large","max-video-preview":"max-video-preview:-1"},"canonical":"https:\/\/etalfort.com\/en\/used-tote-tanks\/","og_locale":"en_US","og_type":"article","og_title":"Etalfort Inc | Used Tote-Tanks","og_description":"Our 1000L used tote-tanks are made of high density POLYETHYLENE. The tote-tanks is surrounded by a metal cage and mounted on a pallet for easy mobility.","og_url":"https:\/\/etalfort.com\/en\/used-tote-tanks\/","og_site_name":"\u00c9talfort","article_modified_time":"2022-01-13T19:52:16+00:00","twitter_card":"summary_large_image","twitter_misc":{"Est. reading time":"1 minute"},"schema":{"@context":"https:\/\/schema.org","@graph":[{"@type":"WebPage","@id":"https:\/\/etalfort.com\/en\/used-tote-tanks\/","url":"https:\/\/etalfort.com\/en\/used-tote-tanks\/","name":"Etalfort Inc | Used Tote-Tanks","isPartOf":{"@id":"https:\/\/etalfort.com\/#website"},"datePublished":"2020-06-27T20:32:54+00:00","dateModified":"2022-01-13T19:52:16+00:00","description":"Our 1000L used tote-tanks are made of high density POLYETHYLENE. The tote-tanks is surrounded by a metal cage and mounted on a pallet for easy mobility.","breadcrumb":{"@id":"https:\/\/etalfort.com\/en\/used-tote-tanks\/#breadcrumb"},"inLanguage":"en-US","potentialAction":[{"@type":"ReadAction","target":["https:\/\/etalfort.com\/en\/used-tote-tanks\/"]}]},{"@type":"BreadcrumbList","@id":"https:\/\/etalfort.com\/en\/used-tote-tanks\/#breadcrumb","itemListElement":[{"@type":"ListItem","position":1,"name":"Home","item":"https:\/\/etalfort.com\/en\/"},{"@type":"ListItem","position":2,"name":"USED TOTE-TANKS"}]},{"@type":"WebSite","@id":"https:\/\/etalfort.com\/#website","url":"https:\/\/etalfort.com\/","name":"\u00c9talfort","description":"Racking et \u00e9tag\u00e8re usag\u00e9s","potentialAction":[{"@type":"SearchAction","target":{"@type":"EntryPoint","urlTemplate":"https:\/\/etalfort.com\/?s={search_term_string}"},"query-input":"required name=search_term_string"}],"inLanguage":"en-US"}]}},"_links":{"self":[{"href":"https:\/\/etalfort.com\/en\/wp-json\/wp\/v2\/pages\/1118"}],"collection":[{"href":"https:\/\/etalfort.com\/en\/wp-json\/wp\/v2\/pages"}],"about":[{"href":"https:\/\/etalfort.com\/en\/wp-json\/wp\/v2\/types\/page"}],"author":[{"embeddable":true,"href":"https:\/\/etalfort.com\/en\/wp-json\/wp\/v2\/users\/2"}],"replies":[{"embeddable":true,"href":"https:\/\/etalfort.com\/en\/wp-json\/wp\/v2\/comments?post=1118"}],"version-history":[{"count":7,"href":"https:\/\/etalfort.com\/en\/wp-json\/wp\/v2\/pages\/1118\/revisions"}],"predecessor-version":[{"id":1376,"href":"https:\/\/etalfort.com\/en\/wp-json\/wp\/v2\/pages\/1118\/revisions\/1376"}],"wp:attachment":[{"href":"https:\/\/etalfort.com\/en\/wp-json\/wp\/v2\/media?parent=1118"}],"curies":[{"name":"wp","href":"https:\/\/api.w.org\/{rel}","templated":true}]}}