{"id":1113,"date":"2020-06-13T01:52:23","date_gmt":"2020-06-13T01:52:23","guid":{"rendered":"https:\/\/etalfort.com\/nous-joindre\/"},"modified":"2026-02-17T13:37:08","modified_gmt":"2026-02-17T18:37:08","slug":"contact-us","status":"publish","type":"page","link":"https:\/\/etalfort.com\/en\/contact-us\/","title":{"rendered":"Contact Us"},"content":{"rendered":"[vc_row fullwidth=&#8221;true&#8221; fullwidth_content=&#8221;false&#8221; el_class=&#8221;header-sub-page&#8221; css=&#8221;.vc_custom_1600643231537{background-image: url(https:\/\/etalfort.com\/wp-content\/uploads\/2020\/09\/achat.png?id=996) !important;background-position: center !important;background-repeat: no-repeat !important;background-size: cover !important;}&#8221;][vc_column][vc_raw_html]JTNDbGluayUyMGhyZWYlM0QlMjJodHRwcyUzQSUyRiUyRmZvbnRzLmdvb2dsZWFwaXMuY29tJTJGY3NzMiUzRmZhbWlseSUzRFJ1YmlrJTNBd2dodCU0MDQwMCUzQjUwMCUzQjkwMCUyNmRpc3BsYXklM0Rzd2FwJTIyJTIwcmVsJTNEJTIyc3R5bGVzaGVldCUyMiUzRSUwQQ==[\/vc_raw_html][vc_column_text]\n<h1 style=\"color: white;\">CONTACT US<\/h1>\n[\/vc_column_text][vc_column_text][\/vc_column_text][\/vc_column][\/vc_row][vc_row fullwidth=&#8221;true&#8221; fullwidth_content=&#8221;false&#8221; el_class=&#8221;row-padding bloc-palletier&#8221; css=&#8221;.vc_custom_1592013270280{background-color: #ffffff !important;}&#8221;][vc_column border_color=&#8221;#000000&#8243; width=&#8221;1\/2&#8243;][vc_column_text]\n<h4>ADDRESS:<\/h4>\n<p><strong>WAREHOUSE OPEN TO THE PUBLIC<\/strong><br \/>\n8509 Rue Grenache<br \/>\nMontr\u00e9al, Qc H1J 2B1<br \/>\nCanada<\/p>\n<h4>PHONE:<\/h4>\n<p>Sales : <a href=\"tel:514 754-1983\">514 754-1983<\/a><br \/>\nAdministration: <a href=\"tel:514 355-2720\">514 355-2720<\/a><\/p>\n<h4>HOURS:<\/h4>\n<p>8h00 to 16h30 from Monday to Friday[\/vc_column_text][vc_single_image image=&#8221;1036&#8243; onclick=&#8221;custom_link&#8221; img_link_target=&#8221;_blank&#8221; link=&#8221;https:\/\/www.facebook.com\/etalfort&#8221; el_id=&#8221;facebook-btn&#8221;][\/vc_column][vc_column width=&#8221;1\/2&#8243;]\n                <div class='gf_browser_gecko gform_wrapper' id='gform_wrapper_6' ><a id='gf_6' class='gform_anchor' ><\/a><form method='post' enctype='multipart\/form-data' target='gform_ajax_frame_6' id='gform_6'  action='\/en\/wp-json\/wp\/v2\/pages\/1113#gf_6'>\n                        <div class='gform_body'><ul id='gform_fields_6' class='gform_fields top_label form_sublabel_below description_below'><li id='field_6_1' class='gfield gf_left_half gfield_contains_required field_sublabel_below field_description_below' ><label class='gfield_label' for='input_6_1' ><span class='gfield_required'>*<\/span><\/label><div class='ginput_container'><input name='input_1' id='input_6_1' type='text' value='' class='medium'  tabindex='1'  placeholder='Frist name*' \/><\/div><\/li><li id='field_6_2' class='gfield gf_right_half gfield_contains_required field_sublabel_below field_description_below' ><label class='gfield_label' for='input_6_2' ><span class='gfield_required'>*<\/span><\/label><div class='ginput_container'><input name='input_2' id='input_6_2' type='text' value='' class='medium'  tabindex='2'  placeholder='Last name*' \/><\/div><\/li><li id='field_6_3' class='gfield gf_left_half gfield_contains_required field_sublabel_below field_description_below' ><label class='gfield_label' for='input_6_3' ><span class='gfield_required'>*<\/span><\/label><div class='ginput_container'>\n                            <input name='input_3' id='input_6_3' type='text' value='' class='medium' tabindex='3'   placeholder='Email*'\/>\n                        <\/div><\/li><li id='field_6_4' class='gfield gf_right_half field_sublabel_below field_description_below' ><label class='gfield_label' for='input_6_4' ><\/label><div class='ginput_container'><input name='input_4' id='input_6_4' type='text' value='' class='medium' tabindex='4'  placeholder='Phone' \/><\/div><\/li><li id='field_6_5' class='gfield gfield_contains_required field_sublabel_below field_description_below' ><label class='gfield_label' for='input_6_5' ><span class='gfield_required'>*<\/span><\/label><div class='ginput_container'>\n\t\t\t\t\t<textarea name='input_5' id='input_6_5' class='textarea medium' tabindex='5'  placeholder='Message*'  rows='10' cols='50'><\/textarea>\n\t\t\t\t<\/div><\/li>\n                            <\/ul><\/div>\n        <div class='gform_footer top_label'> <input type='submit' id='gform_submit_button_6' class='gform_button button' value='SUBMIT' tabindex='6' onclick='if(window[\"gf_submitting_6\"]){return false;}  window[\"gf_submitting_6\"]=true;  ' \/> <input type='hidden' name='gform_ajax' value='form_id=6&amp;title=&amp;description=&amp;tabindex=1' \/>\n            <input type='hidden' class='gform_hidden' name='is_submit_6' value='1' \/>\n            <input type='hidden' class='gform_hidden' name='gform_submit' value='6' \/>\n            \n            <input type='hidden' class='gform_hidden' name='gform_unique_id' value='' \/>\n            <input type='hidden' class='gform_hidden' name='state_6' value='WyJbXSIsImYwNjcxNDI2NzBiM2VjYTgyYTRhMWU1MzA3NmU3MDA2Il0=' \/>\n            <input type='hidden' class='gform_hidden' name='gform_target_page_number_6' id='gform_target_page_number_6' value='0' \/>\n            <input type='hidden' class='gform_hidden' name='gform_source_page_number_6' id='gform_source_page_number_6' value='1' \/>\n            <input type='hidden' name='gform_field_values' value='' \/>\n            \n        <\/div>\n                        <\/form>\n                        <\/div>\n                <iframe style='display:none;width:0px;height:0px;' src='about:blank' name='gform_ajax_frame_6' id='gform_ajax_frame_6'><\/iframe>\n                <script type='text\/javascript'>jQuery(document).ready(function($){gformInitSpinner( 6, 'https:\/\/etalfort.com\/wp-content\/plugins\/www_gravityforms\/images\/spinner.gif' );jQuery('#gform_ajax_frame_6').load( function(){var contents = jQuery(this).contents().find('*').html();var is_postback = contents.indexOf('GF_AJAX_POSTBACK') >= 0;if(!is_postback){return;}var form_content = jQuery(this).contents().find('#gform_wrapper_6');var is_confirmation = jQuery(this).contents().find('#gform_confirmation_wrapper_6').length > 0;var is_redirect = contents.indexOf('gformRedirect(){') >= 0;var is_form = form_content.length > 0 && ! is_redirect && ! is_confirmation;if(is_form){jQuery('#gform_wrapper_6').html(form_content.html());setTimeout( function() { \/* delay the scroll by 50 milliseconds to fix a bug in chrome *\/ jQuery(document).scrollTop(jQuery('#gform_wrapper_6').offset().top); }, 50 );if(window['gformInitDatepicker']) {gformInitDatepicker();}if(window['gformInitPriceFields']) {gformInitPriceFields();}var current_page = jQuery('#gform_source_page_number_6').val();gformInitSpinner( 6, 'https:\/\/etalfort.com\/wp-content\/plugins\/www_gravityforms\/images\/spinner.gif' );jQuery(document).trigger('gform_page_loaded', [6, current_page]);window['gf_submitting_6'] = false;}else if(!is_redirect){var confirmation_content = jQuery(this).contents().find('#gforms_confirmation_message_6').html();if(!confirmation_content){confirmation_content = contents;}setTimeout(function(){jQuery('#gform_wrapper_6').replaceWith('<' + 'div id=\\'gforms_confirmation_message_6\\' class=\\'gform_confirmation_message_6 gforms_confirmation_message\\'' + '>' + confirmation_content + '<' + '\/div' + '>');jQuery(document).scrollTop(jQuery('#gforms_confirmation_message_6').offset().top);jQuery(document).trigger('gform_confirmation_loaded', [6]);window['gf_submitting_6'] = false;}, 50);}else{jQuery('#gform_6').append(contents);if(window['gformRedirect']) {gformRedirect();}}jQuery(document).trigger('gform_post_render', [6, current_page]);} );} );<\/script><script type='text\/javascript'> if(typeof gf_global == 'undefined') var gf_global = {\"gf_currency_config\":{\"name\":\"U.S. Dollar\",\"symbol_left\":\"$\",\"symbol_right\":\"\",\"symbol_padding\":\"\",\"thousand_separator\":\",\",\"decimal_separator\":\".\",\"decimals\":2},\"base_url\":\"https:\\\/\\\/etalfort.com\\\/wp-content\\\/plugins\\\/www_gravityforms\",\"number_formats\":[],\"spinnerUrl\":\"https:\\\/\\\/etalfort.com\\\/wp-content\\\/plugins\\\/www_gravityforms\\\/images\\\/spinner.gif\"};jQuery(document).bind('gform_post_render', function(event, formId, currentPage){if(formId == 6) {if(typeof Placeholders != 'undefined'){\n                        Placeholders.enable();\n                    }if(!\/(android)\/i.test(navigator.userAgent)){jQuery('#input_6_4').mask('(999) 999-9999').bind('keypress', function(e){if(e.which == 13){jQuery(this).blur();} } );}} } );jQuery(document).bind('gform_post_conditional_logic', function(event, formId, fields, isInit){} );<\/script><script type='text\/javascript'> jQuery(document).ready(function(){jQuery(document).trigger('gform_post_render', [6, 1]) } ); <\/script>[\/vc_column][\/vc_row][vc_row fullwidth=&#8221;true&#8221;][vc_column][mk_advanced_gmaps latitude=&#8221;45.616109&#8243; longitude=&#8221;-73.568308&#8243; address=&#8221;9333, boulevard Parkway, Montr\u00e9al Anjou (Qu\u00e9bec) Canada H1J 1N4&#8243; content_bg_color=&#8221;#ffffff&#8221; content_font_color=&#8221;#777777&#8243;][\/vc_column][\/vc_row]\n","protected":false},"excerpt":{"rendered":"<p>[vc_row fullwidth=&#8221;true&#8221; fullwidth_content=&#8221;false&#8221; el_class=&#8221;header-sub-page&#8221; css=&#8221;.vc_custom_1600643231537{background-image: url(https:\/\/etalfort.com\/wp-content\/uploads\/2020\/09\/achat.png?id=996) !important;background-position: center !important;background-repeat: no-repeat !important;background-size: cover !important;}&#8221;][vc_column][vc_raw_html]JTNDbGluayUyMGhyZWYlM0QlMjJodHRwcyUzQSUyRiUyRmZvbnRzLmdvb2dsZWFwaXMuY29tJTJGY3NzMiUzRmZhbWlseSUzRFJ1YmlrJTNBd2dodCU0MDQwMCUzQjUwMCUzQjkwMCUyNmRpc3BsYXklM0Rzd2FwJTIyJTIwcmVsJTNEJTIyc3R5bGVzaGVldCUyMiUzRSUwQQ==[\/vc_raw_html][vc_column_text] CONTACT US [\/vc_column_text][vc_column_text][\/vc_column_text][\/vc_column][\/vc_row][vc_row fullwidth=&#8221;true&#8221; fullwidth_content=&#8221;false&#8221; el_class=&#8221;row-padding bloc-palletier&#8221; css=&#8221;.vc_custom_1592013270280{background-color: #ffffff !important;}&#8221;][vc_column border_color=&#8221;#000000&#8243; width=&#8221;1\/2&#8243;][vc_column_text] ADDRESS: WAREHOUSE OPEN TO THE PUBLIC 8509 Rue Grenache Montr\u00e9al, Qc H1J 2B1 Canada PHONE: Sales : 514 754-1983 Administration: 514 355-2720 HOURS: 8h00 to 16h30 from Monday to Friday[\/vc_column_text][vc_single_image [&hellip;]<\/p>\n","protected":false},"author":2,"featured_media":0,"parent":0,"menu_order":0,"comment_status":"closed","ping_status":"closed","template":"","meta":{"_acf_changed":false,"footnotes":""},"acf":[],"yoast_head":"<!-- This site is optimized with the Yoast SEO plugin v22.0 - https:\/\/yoast.com\/wordpress\/plugins\/seo\/ -->\n<title>Contact Us - \u00c9talfort<\/title>\n<meta name=\"robots\" content=\"index, follow, max-snippet:-1, max-image-preview:large, max-video-preview:-1\" \/>\n<link rel=\"canonical\" href=\"https:\/\/etalfort.com\/en\/contact-us\/\" \/>\n<meta property=\"og:locale\" content=\"en_US\" \/>\n<meta property=\"og:type\" content=\"article\" \/>\n<meta property=\"og:title\" content=\"Contact Us - \u00c9talfort\" \/>\n<meta property=\"og:description\" content=\"[vc_row fullwidth=&#8221;true&#8221; fullwidth_content=&#8221;false&#8221; el_class=&#8221;header-sub-page&#8221; css=&#8221;.vc_custom_1600643231537{background-image: url(https:\/\/etalfort.com\/wp-content\/uploads\/2020\/09\/achat.png?id=996) !important;background-position: center !important;background-repeat: no-repeat !important;background-size: cover !important;}&#8221;][vc_column][vc_raw_html]JTNDbGluayUyMGhyZWYlM0QlMjJodHRwcyUzQSUyRiUyRmZvbnRzLmdvb2dsZWFwaXMuY29tJTJGY3NzMiUzRmZhbWlseSUzRFJ1YmlrJTNBd2dodCU0MDQwMCUzQjUwMCUzQjkwMCUyNmRpc3BsYXklM0Rzd2FwJTIyJTIwcmVsJTNEJTIyc3R5bGVzaGVldCUyMiUzRSUwQQ==[\/vc_raw_html][vc_column_text] CONTACT US [\/vc_column_text][vc_column_text][\/vc_column_text][\/vc_column][\/vc_row][vc_row fullwidth=&#8221;true&#8221; fullwidth_content=&#8221;false&#8221; el_class=&#8221;row-padding bloc-palletier&#8221; css=&#8221;.vc_custom_1592013270280{background-color: #ffffff !important;}&#8221;][vc_column border_color=&#8221;#000000&#8243; width=&#8221;1\/2&#8243;][vc_column_text] ADDRESS: WAREHOUSE OPEN TO THE PUBLIC 8509 Rue Grenache Montr\u00e9al, Qc H1J 2B1 Canada PHONE: Sales : 514 754-1983 Administration: 514 355-2720 HOURS: 8h00 to 16h30 from Monday to Friday[\/vc_column_text][vc_single_image [&hellip;]\" \/>\n<meta property=\"og:url\" content=\"https:\/\/etalfort.com\/en\/contact-us\/\" \/>\n<meta property=\"og:site_name\" content=\"\u00c9talfort\" \/>\n<meta property=\"article:modified_time\" content=\"2026-02-17T18:37:08+00:00\" \/>\n<meta name=\"twitter:card\" content=\"summary_large_image\" \/>\n<meta name=\"twitter:label1\" content=\"Est. reading time\" \/>\n\t<meta name=\"twitter:data1\" content=\"1 minute\" \/>\n<script type=\"application\/ld+json\" class=\"yoast-schema-graph\">{\"@context\":\"https:\/\/schema.org\",\"@graph\":[{\"@type\":\"WebPage\",\"@id\":\"https:\/\/etalfort.com\/en\/contact-us\/\",\"url\":\"https:\/\/etalfort.com\/en\/contact-us\/\",\"name\":\"Contact Us - \u00c9talfort\",\"isPartOf\":{\"@id\":\"https:\/\/etalfort.com\/#website\"},\"datePublished\":\"2020-06-13T01:52:23+00:00\",\"dateModified\":\"2026-02-17T18:37:08+00:00\",\"breadcrumb\":{\"@id\":\"https:\/\/etalfort.com\/en\/contact-us\/#breadcrumb\"},\"inLanguage\":\"en-US\",\"potentialAction\":[{\"@type\":\"ReadAction\",\"target\":[\"https:\/\/etalfort.com\/en\/contact-us\/\"]}]},{\"@type\":\"BreadcrumbList\",\"@id\":\"https:\/\/etalfort.com\/en\/contact-us\/#breadcrumb\",\"itemListElement\":[{\"@type\":\"ListItem\",\"position\":1,\"name\":\"Home\",\"item\":\"https:\/\/etalfort.com\/en\/\"},{\"@type\":\"ListItem\",\"position\":2,\"name\":\"Contact Us\"}]},{\"@type\":\"WebSite\",\"@id\":\"https:\/\/etalfort.com\/#website\",\"url\":\"https:\/\/etalfort.com\/\",\"name\":\"\u00c9talfort\",\"description\":\"Racking et \u00e9tag\u00e8re usag\u00e9s\",\"potentialAction\":[{\"@type\":\"SearchAction\",\"target\":{\"@type\":\"EntryPoint\",\"urlTemplate\":\"https:\/\/etalfort.com\/?s={search_term_string}\"},\"query-input\":\"required name=search_term_string\"}],\"inLanguage\":\"en-US\"}]}<\/script>\n<!-- \/ Yoast SEO plugin. -->","yoast_head_json":{"title":"Contact Us - \u00c9talfort","robots":{"index":"index","follow":"follow","max-snippet":"max-snippet:-1","max-image-preview":"max-image-preview:large","max-video-preview":"max-video-preview:-1"},"canonical":"https:\/\/etalfort.com\/en\/contact-us\/","og_locale":"en_US","og_type":"article","og_title":"Contact Us - \u00c9talfort","og_description":"[vc_row fullwidth=&#8221;true&#8221; fullwidth_content=&#8221;false&#8221; el_class=&#8221;header-sub-page&#8221; css=&#8221;.vc_custom_1600643231537{background-image: url(https:\/\/etalfort.com\/wp-content\/uploads\/2020\/09\/achat.png?id=996) !important;background-position: center !important;background-repeat: no-repeat !important;background-size: cover !important;}&#8221;][vc_column][vc_raw_html]JTNDbGluayUyMGhyZWYlM0QlMjJodHRwcyUzQSUyRiUyRmZvbnRzLmdvb2dsZWFwaXMuY29tJTJGY3NzMiUzRmZhbWlseSUzRFJ1YmlrJTNBd2dodCU0MDQwMCUzQjUwMCUzQjkwMCUyNmRpc3BsYXklM0Rzd2FwJTIyJTIwcmVsJTNEJTIyc3R5bGVzaGVldCUyMiUzRSUwQQ==[\/vc_raw_html][vc_column_text] CONTACT US [\/vc_column_text][vc_column_text][\/vc_column_text][\/vc_column][\/vc_row][vc_row fullwidth=&#8221;true&#8221; fullwidth_content=&#8221;false&#8221; el_class=&#8221;row-padding bloc-palletier&#8221; css=&#8221;.vc_custom_1592013270280{background-color: #ffffff !important;}&#8221;][vc_column border_color=&#8221;#000000&#8243; width=&#8221;1\/2&#8243;][vc_column_text] ADDRESS: WAREHOUSE OPEN TO THE PUBLIC 8509 Rue Grenache Montr\u00e9al, Qc H1J 2B1 Canada PHONE: Sales : 514 754-1983 Administration: 514 355-2720 HOURS: 8h00 to 16h30 from Monday to Friday[\/vc_column_text][vc_single_image [&hellip;]","og_url":"https:\/\/etalfort.com\/en\/contact-us\/","og_site_name":"\u00c9talfort","article_modified_time":"2026-02-17T18:37:08+00:00","twitter_card":"summary_large_image","twitter_misc":{"Est. reading time":"1 minute"},"schema":{"@context":"https:\/\/schema.org","@graph":[{"@type":"WebPage","@id":"https:\/\/etalfort.com\/en\/contact-us\/","url":"https:\/\/etalfort.com\/en\/contact-us\/","name":"Contact Us - \u00c9talfort","isPartOf":{"@id":"https:\/\/etalfort.com\/#website"},"datePublished":"2020-06-13T01:52:23+00:00","dateModified":"2026-02-17T18:37:08+00:00","breadcrumb":{"@id":"https:\/\/etalfort.com\/en\/contact-us\/#breadcrumb"},"inLanguage":"en-US","potentialAction":[{"@type":"ReadAction","target":["https:\/\/etalfort.com\/en\/contact-us\/"]}]},{"@type":"BreadcrumbList","@id":"https:\/\/etalfort.com\/en\/contact-us\/#breadcrumb","itemListElement":[{"@type":"ListItem","position":1,"name":"Home","item":"https:\/\/etalfort.com\/en\/"},{"@type":"ListItem","position":2,"name":"Contact Us"}]},{"@type":"WebSite","@id":"https:\/\/etalfort.com\/#website","url":"https:\/\/etalfort.com\/","name":"\u00c9talfort","description":"Racking et \u00e9tag\u00e8re usag\u00e9s","potentialAction":[{"@type":"SearchAction","target":{"@type":"EntryPoint","urlTemplate":"https:\/\/etalfort.com\/?s={search_term_string}"},"query-input":"required name=search_term_string"}],"inLanguage":"en-US"}]}},"_links":{"self":[{"href":"https:\/\/etalfort.com\/en\/wp-json\/wp\/v2\/pages\/1113"}],"collection":[{"href":"https:\/\/etalfort.com\/en\/wp-json\/wp\/v2\/pages"}],"about":[{"href":"https:\/\/etalfort.com\/en\/wp-json\/wp\/v2\/types\/page"}],"author":[{"embeddable":true,"href":"https:\/\/etalfort.com\/en\/wp-json\/wp\/v2\/users\/2"}],"replies":[{"embeddable":true,"href":"https:\/\/etalfort.com\/en\/wp-json\/wp\/v2\/comments?post=1113"}],"version-history":[{"count":9,"href":"https:\/\/etalfort.com\/en\/wp-json\/wp\/v2\/pages\/1113\/revisions"}],"predecessor-version":[{"id":2106,"href":"https:\/\/etalfort.com\/en\/wp-json\/wp\/v2\/pages\/1113\/revisions\/2106"}],"wp:attachment":[{"href":"https:\/\/etalfort.com\/en\/wp-json\/wp\/v2\/media?parent=1113"}],"curies":[{"name":"wp","href":"https:\/\/api.w.org\/{rel}","templated":true}]}}