{"id":1109,"date":"2020-06-13T01:22:39","date_gmt":"2020-06-13T01:22:39","guid":{"rendered":"https:\/\/etalfort.com\/promotion\/"},"modified":"2020-12-17T03:28:21","modified_gmt":"2020-12-17T03:28:21","slug":"special-offer","status":"publish","type":"page","link":"https:\/\/etalfort.com\/en\/special-offer\/","title":{"rendered":"Special Offer"},"content":{"rendered":"[vc_row fullwidth=&#8221;true&#8221; fullwidth_content=&#8221;false&#8221; css=&#8221;.vc_custom_1600643129485{background: #ffffff url(https:\/\/etalfort.com\/wp-content\/uploads\/2020\/09\/achat.png?id=996) !important;background-position: center !important;background-repeat: no-repeat !important;background-size: cover !important;}&#8221; el_class=&#8221;header-sub-page&#8221;][vc_column][vc_raw_html]JTNDbGluayUyMGhyZWYlM0QlMjJodHRwcyUzQSUyRiUyRmZvbnRzLmdvb2dsZWFwaXMuY29tJTJGY3NzMiUzRmZhbWlseSUzRFJ1YmlrJTNBd2dodCU0MDQwMCUzQjUwMCUzQjkwMCUyNmRpc3BsYXklM0Rzd2FwJTIyJTIwcmVsJTNEJTIyc3R5bGVzaGVldCUyMiUzRSUwQQ==[\/vc_raw_html][vc_column_text]\n<h1 style=\"color: white;\">SPECIAL OFFER<\/h1>\n[\/vc_column_text][\/vc_column][\/vc_row][vc_row fullwidth=&#8221;true&#8221; fullwidth_content=&#8221;false&#8221; css=&#8221;.vc_custom_1592012276334{padding-top: 200px !important;padding-bottom: 200px !important;background-color: #ffffff !important;}&#8221;][vc_column][vc_column_text]\n<p style=\"text-align: center;\">No special offer at the moment&#8230;<\/p>\n[\/vc_column_text][\/vc_column][\/vc_row]\n","protected":false},"excerpt":{"rendered":"<p>[vc_row fullwidth=&#8221;true&#8221; fullwidth_content=&#8221;false&#8221; css=&#8221;.vc_custom_1600643129485{background: #ffffff url(https:\/\/etalfort.com\/wp-content\/uploads\/2020\/09\/achat.png?id=996) !important;background-position: center !important;background-repeat: no-repeat !important;background-size: cover !important;}&#8221; el_class=&#8221;header-sub-page&#8221;][vc_column][vc_raw_html]JTNDbGluayUyMGhyZWYlM0QlMjJodHRwcyUzQSUyRiUyRmZvbnRzLmdvb2dsZWFwaXMuY29tJTJGY3NzMiUzRmZhbWlseSUzRFJ1YmlrJTNBd2dodCU0MDQwMCUzQjUwMCUzQjkwMCUyNmRpc3BsYXklM0Rzd2FwJTIyJTIwcmVsJTNEJTIyc3R5bGVzaGVldCUyMiUzRSUwQQ==[\/vc_raw_html][vc_column_text] SPECIAL OFFER [\/vc_column_text][\/vc_column][\/vc_row][vc_row fullwidth=&#8221;true&#8221; fullwidth_content=&#8221;false&#8221; css=&#8221;.vc_custom_1592012276334{padding-top: 200px !important;padding-bottom: 200px !important;background-color: #ffffff !important;}&#8221;][vc_column][vc_column_text] No special offer at the moment&#8230; [\/vc_column_text][\/vc_column][\/vc_row]<\/p>\n","protected":false},"author":2,"featured_media":0,"parent":0,"menu_order":0,"comment_status":"closed","ping_status":"closed","template":"","meta":{"_acf_changed":false,"footnotes":""},"acf":[],"yoast_head":"<!-- This site is optimized with the Yoast SEO plugin v22.0 - https:\/\/yoast.com\/wordpress\/plugins\/seo\/ -->\n<title>Special Offer - \u00c9talfort<\/title>\n<meta name=\"robots\" content=\"index, follow, max-snippet:-1, max-image-preview:large, max-video-preview:-1\" \/>\n<link rel=\"canonical\" href=\"https:\/\/etalfort.com\/promotion\/\" \/>\n<meta property=\"og:locale\" content=\"en_US\" \/>\n<meta property=\"og:type\" content=\"article\" \/>\n<meta property=\"og:title\" content=\"Special Offer - \u00c9talfort\" \/>\n<meta property=\"og:description\" content=\"[vc_row fullwidth=&#8221;true&#8221; fullwidth_content=&#8221;false&#8221; css=&#8221;.vc_custom_1600643129485{background: #ffffff url(https:\/\/etalfort.com\/wp-content\/uploads\/2020\/09\/achat.png?id=996) !important;background-position: center !important;background-repeat: no-repeat !important;background-size: cover !important;}&#8221; el_class=&#8221;header-sub-page&#8221;][vc_column][vc_raw_html]JTNDbGluayUyMGhyZWYlM0QlMjJodHRwcyUzQSUyRiUyRmZvbnRzLmdvb2dsZWFwaXMuY29tJTJGY3NzMiUzRmZhbWlseSUzRFJ1YmlrJTNBd2dodCU0MDQwMCUzQjUwMCUzQjkwMCUyNmRpc3BsYXklM0Rzd2FwJTIyJTIwcmVsJTNEJTIyc3R5bGVzaGVldCUyMiUzRSUwQQ==[\/vc_raw_html][vc_column_text] SPECIAL OFFER [\/vc_column_text][\/vc_column][\/vc_row][vc_row fullwidth=&#8221;true&#8221; fullwidth_content=&#8221;false&#8221; css=&#8221;.vc_custom_1592012276334{padding-top: 200px !important;padding-bottom: 200px !important;background-color: #ffffff !important;}&#8221;][vc_column][vc_column_text] No special offer at the moment&#8230; [\/vc_column_text][\/vc_column][\/vc_row]\" \/>\n<meta property=\"og:url\" content=\"https:\/\/etalfort.com\/promotion\/\" \/>\n<meta property=\"og:site_name\" content=\"\u00c9talfort\" \/>\n<meta property=\"article:modified_time\" content=\"2020-12-17T03:28:21+00:00\" \/>\n<meta name=\"twitter:card\" content=\"summary_large_image\" \/>\n<meta name=\"twitter:label1\" content=\"Est. reading time\" \/>\n\t<meta name=\"twitter:data1\" content=\"1 minute\" \/>\n<script type=\"application\/ld+json\" class=\"yoast-schema-graph\">{\"@context\":\"https:\/\/schema.org\",\"@graph\":[{\"@type\":\"WebPage\",\"@id\":\"https:\/\/etalfort.com\/promotion\/\",\"url\":\"https:\/\/etalfort.com\/promotion\/\",\"name\":\"Special Offer - \u00c9talfort\",\"isPartOf\":{\"@id\":\"https:\/\/etalfort.com\/#website\"},\"datePublished\":\"2020-06-13T01:22:39+00:00\",\"dateModified\":\"2020-12-17T03:28:21+00:00\",\"breadcrumb\":{\"@id\":\"https:\/\/etalfort.com\/promotion\/#breadcrumb\"},\"inLanguage\":\"en-US\",\"potentialAction\":[{\"@type\":\"ReadAction\",\"target\":[\"https:\/\/etalfort.com\/promotion\/\"]}]},{\"@type\":\"BreadcrumbList\",\"@id\":\"https:\/\/etalfort.com\/promotion\/#breadcrumb\",\"itemListElement\":[{\"@type\":\"ListItem\",\"position\":1,\"name\":\"Home\",\"item\":\"https:\/\/etalfort.com\/en\/\"},{\"@type\":\"ListItem\",\"position\":2,\"name\":\"Special Offer\"}]},{\"@type\":\"WebSite\",\"@id\":\"https:\/\/etalfort.com\/#website\",\"url\":\"https:\/\/etalfort.com\/\",\"name\":\"\u00c9talfort\",\"description\":\"Racking et \u00e9tag\u00e8re usag\u00e9s\",\"potentialAction\":[{\"@type\":\"SearchAction\",\"target\":{\"@type\":\"EntryPoint\",\"urlTemplate\":\"https:\/\/etalfort.com\/?s={search_term_string}\"},\"query-input\":\"required name=search_term_string\"}],\"inLanguage\":\"en-US\"}]}<\/script>\n<!-- \/ Yoast SEO plugin. -->","yoast_head_json":{"title":"Special Offer - \u00c9talfort","robots":{"index":"index","follow":"follow","max-snippet":"max-snippet:-1","max-image-preview":"max-image-preview:large","max-video-preview":"max-video-preview:-1"},"canonical":"https:\/\/etalfort.com\/promotion\/","og_locale":"en_US","og_type":"article","og_title":"Special Offer - \u00c9talfort","og_description":"[vc_row fullwidth=&#8221;true&#8221; fullwidth_content=&#8221;false&#8221; css=&#8221;.vc_custom_1600643129485{background: #ffffff url(https:\/\/etalfort.com\/wp-content\/uploads\/2020\/09\/achat.png?id=996) !important;background-position: center !important;background-repeat: no-repeat !important;background-size: cover !important;}&#8221; el_class=&#8221;header-sub-page&#8221;][vc_column][vc_raw_html]JTNDbGluayUyMGhyZWYlM0QlMjJodHRwcyUzQSUyRiUyRmZvbnRzLmdvb2dsZWFwaXMuY29tJTJGY3NzMiUzRmZhbWlseSUzRFJ1YmlrJTNBd2dodCU0MDQwMCUzQjUwMCUzQjkwMCUyNmRpc3BsYXklM0Rzd2FwJTIyJTIwcmVsJTNEJTIyc3R5bGVzaGVldCUyMiUzRSUwQQ==[\/vc_raw_html][vc_column_text] SPECIAL OFFER [\/vc_column_text][\/vc_column][\/vc_row][vc_row fullwidth=&#8221;true&#8221; fullwidth_content=&#8221;false&#8221; css=&#8221;.vc_custom_1592012276334{padding-top: 200px !important;padding-bottom: 200px !important;background-color: #ffffff !important;}&#8221;][vc_column][vc_column_text] No special offer at the moment&#8230; [\/vc_column_text][\/vc_column][\/vc_row]","og_url":"https:\/\/etalfort.com\/promotion\/","og_site_name":"\u00c9talfort","article_modified_time":"2020-12-17T03:28:21+00:00","twitter_card":"summary_large_image","twitter_misc":{"Est. reading time":"1 minute"},"schema":{"@context":"https:\/\/schema.org","@graph":[{"@type":"WebPage","@id":"https:\/\/etalfort.com\/promotion\/","url":"https:\/\/etalfort.com\/promotion\/","name":"Special Offer - \u00c9talfort","isPartOf":{"@id":"https:\/\/etalfort.com\/#website"},"datePublished":"2020-06-13T01:22:39+00:00","dateModified":"2020-12-17T03:28:21+00:00","breadcrumb":{"@id":"https:\/\/etalfort.com\/promotion\/#breadcrumb"},"inLanguage":"en-US","potentialAction":[{"@type":"ReadAction","target":["https:\/\/etalfort.com\/promotion\/"]}]},{"@type":"BreadcrumbList","@id":"https:\/\/etalfort.com\/promotion\/#breadcrumb","itemListElement":[{"@type":"ListItem","position":1,"name":"Home","item":"https:\/\/etalfort.com\/en\/"},{"@type":"ListItem","position":2,"name":"Special Offer"}]},{"@type":"WebSite","@id":"https:\/\/etalfort.com\/#website","url":"https:\/\/etalfort.com\/","name":"\u00c9talfort","description":"Racking et \u00e9tag\u00e8re usag\u00e9s","potentialAction":[{"@type":"SearchAction","target":{"@type":"EntryPoint","urlTemplate":"https:\/\/etalfort.com\/?s={search_term_string}"},"query-input":"required name=search_term_string"}],"inLanguage":"en-US"}]}},"_links":{"self":[{"href":"https:\/\/etalfort.com\/en\/wp-json\/wp\/v2\/pages\/1109"}],"collection":[{"href":"https:\/\/etalfort.com\/en\/wp-json\/wp\/v2\/pages"}],"about":[{"href":"https:\/\/etalfort.com\/en\/wp-json\/wp\/v2\/types\/page"}],"author":[{"embeddable":true,"href":"https:\/\/etalfort.com\/en\/wp-json\/wp\/v2\/users\/2"}],"replies":[{"embeddable":true,"href":"https:\/\/etalfort.com\/en\/wp-json\/wp\/v2\/comments?post=1109"}],"version-history":[{"count":4,"href":"https:\/\/etalfort.com\/en\/wp-json\/wp\/v2\/pages\/1109\/revisions"}],"predecessor-version":[{"id":1188,"href":"https:\/\/etalfort.com\/en\/wp-json\/wp\/v2\/pages\/1109\/revisions\/1188"}],"wp:attachment":[{"href":"https:\/\/etalfort.com\/en\/wp-json\/wp\/v2\/media?parent=1109"}],"curies":[{"name":"wp","href":"https:\/\/api.w.org\/{rel}","templated":true}]}}