{"id":1107,"date":"2020-06-18T01:52:30","date_gmt":"2020-06-18T01:52:30","guid":{"rendered":"https:\/\/etalfort.com\/achat\/"},"modified":"2022-01-13T19:53:42","modified_gmt":"2022-01-13T19:53:42","slug":"purchase","status":"publish","type":"page","link":"https:\/\/etalfort.com\/en\/purchase\/","title":{"rendered":"Purchase"},"content":{"rendered":"[vc_section full_width=&#8221;stretch_row&#8221; css=&#8221;.vc_custom_1600642907977{background-image: url(https:\/\/etalfort.com\/wp-content\/uploads\/2020\/09\/achat.png?id=996) !important;}&#8221;][vc_row][vc_column el_class=&#8221;centerr&#8221; css=&#8221;.vc_custom_1592446599465{padding-top: 50px !important;padding-bottom: 100px !important;}&#8221;][vc_raw_html]JTNDbGluayUyMGhyZWYlM0QlMjJodHRwcyUzQSUyRiUyRmZvbnRzLmdvb2dsZWFwaXMuY29tJTJGY3NzMiUzRmZhbWlseSUzRFJ1YmlrJTNBd2dodCU0MDQwMCUzQjUwMCUzQjkwMCUyNmRpc3BsYXklM0Rzd2FwJTIyJTIwcmVsJTNEJTIyc3R5bGVzaGVldCUyMiUzRSUwQQ==[\/vc_raw_html][vc_raw_html]JTNDaDElMjBzdHlsZSUzRCUyMmNvbG9yJTNBd2hpdGUlM0IlMjBmb250LXdlaWdodCUzQSUyMDkwMCUzQiUyMiUzRVBVUkNIQVNFJTNDJTJGaDElM0UlMEElM0NwJTIwc3R5bGUlM0QlMjJsaW5lLWhlaWdodCUzQSUyMDElM0Jmb250LXNpemUlM0ElMjAyMnB4JTNCJTIwY29sb3IlM0ElMjB3aGl0ZSUzQiUyMiUyMGNsYXNzJTNEJTIybmluamElMjIlM0VWb3VzJTIwc291aGFpdGV6JTIwdmVuZHJlJTIwdm90cmUlMjByYXlvbm5hZ2UlMjBpbmR1c3RyaWVsJTNGJTIwRmFpdGVzJTIwY29uZmlhbmNlJTIwJUMzJUEwJTIwRXRhbGZvcnQlMjBJbmMuJTNDJTJGcCUzRSUwQQ==[\/vc_raw_html][\/vc_column][\/vc_row][\/vc_section][vc_row fullwidth=&#8221;true&#8221; fullwidth_content=&#8221;false&#8221; css=&#8221;.vc_custom_1591744045020{background-image: url(https:\/\/etalfort.com\/wp-content\/uploads\/2020\/06\/artboardx.jpg?id=594) !important;background-position: center !important;background-repeat: no-repeat !important;background-size: cover !important;}&#8221;][vc_column][vc_row_inner css=&#8221;.vc_custom_1591757060609{padding-top: 100px !important;padding-bottom: 100px !important;}&#8221;][vc_column_inner width=&#8221;1\/3&#8243;][\/vc_column_inner][vc_column_inner el_class=&#8221;rightt&#8221; width=&#8221;2\/3&#8243;][vc_raw_html]JTNDaDIlMjBjbGFzcyUzRCUyMmJsdWUlMjIlMjAlMjBzdHlsZSUzRCUyMmZvbnQtc2l6ZSUzQSUyMDM1cHglM0IlMjBsaW5lLWhlaWdodCUzQSUyMDElM0IlMjIlM0VSQUNLSU5HJTNDYnIlMkYlM0UlM0NzcGFuJTIwY2xhc3MlM0QlMjJvcmFuZ2UlMjIlMjBzdHlsZSUzRCUyMmZvbnQtd2VpZ2h0JTNBNDAwJTNCJTIyJTNFUFVSQ0hBU0UlM0MlMkZzcGFuJTNFJTNDJTJGaDIlM0UlMEElM0NwJTIwc3R5bGUlM0QlMjJsaW5lLWhlaWdodCUzQSUyMDElM0Jmb250LXNpemUlM0ElMjAxNnB4JTNCY29sb3IlM0ElMjBibGFjayUzQm1heC13aWR0aCUzQSUyMDUzMHB4JTNCbWFyZ2luLWxlZnQlM0ElMjBhdXRvJTNCJTIyJTNFRXRhbGZvcnQlMjBJbmMuJTIwd2lsbCUyMGJ1eSUyMHlvdXIlMjB1c2VkJTIwd2FyaG91c2UlMjByYWNraW5nJTIwc3lzdGVtcy4lMjBJZiUyMHlvdSUyMGhhdmUlMjBhJTIwc3VycGx1cyUyMG9mJTIwc3RlZWwlMjByYWNraW5nJTIwdGhhdCUyMHlvdSUyMHdvdWxkJTIwbGlrZSUyMHRvJTIwZ2V0JTIwcmlkJTIwb2YlMjBmYXN0JTJDJTIwb3IlMjBwZXJoYXBzJTIweW91JTIwYXJlJTIwbG9va2luZyUyMHRvJTIwY2xlYXIlMjBvdXQlMjBhJTIwY2xvc2luZyUyMHdhcmVob3VzZSUyQyUyMGdpdmUlMjB1cyUyMGElMjBjYWxsLiUzQyUyRnAlM0U=[\/vc_raw_html][vc_raw_html]JTNDYSUyMGhyZWYlM0QlMjJodHRwcyUzQSUyRiUyRmV0YWxmb3J0LmNvbSUyRmVuJTJGY29udGFjdC11cyUyRiUyMiUyMGNsYXNzJTNEJTIyYnRuLW91dGxpbmUlMjIlM0VDb250YWN0JTIwVXMlMjAlM0UlMjAlM0MlMkZhJTNF[\/vc_raw_html][\/vc_column_inner][\/vc_row_inner][\/vc_column][\/vc_row][vc_row fullwidth=&#8221;true&#8221; css=&#8221;.vc_custom_1592447424424{background: #ff7e28 url(https:\/\/etalfort.com\/wp-content\/uploads\/2020\/06\/orange-color.png?id=817) !important;background-position: center !important;background-repeat: no-repeat !important;background-size: cover !important;}&#8221;][vc_column][vc_row_inner][vc_column_inner width=&#8221;1\/3&#8243;][vc_raw_html el_class=&#8221;ninja&#8221;]JTNDZGl2JTIwY2xhc3MlM0QlMjJibHVlLWJrZyUyMiUyMHN0eWxlJTNEJTIyJTIwbWFyZ2luLWxlZnQlM0ElMjAtMTVweCUyMCUyMWltcG9ydGFudCUzQiUyMHBhZGRpbmclM0ElMjAyMHB4JTNCJTIwbWFyZ2luLXRvcCUzQSUyMC04MHB4JTNCJTIyJTIwJTNFJTBBJTNDaDIlMjBzdHlsZSUzRCUyMmNvbG9yJTNBJTIwd2hpdGUlM0IlMjBmb250LXdlaWdodCUzQSUyMDgwMCUzQiUyMG1heC13aWR0aCUzQSUyMDI1MHB4JTNCJTIwcGFkZGluZyUzQSUyMDE1cHglM0IlMjBtYXJnaW4tbGVmdCUzQSUyMGF1dG8lM0IlMjBsaW5lLWhlaWdodCUzQSUyMDElM0IlMjBtYXJnaW4tYm90dG9tJTNBJTIwMHB4JTNCJTIyJTNFUGx1cyUyMHF1JTI3dW4lMjBzaW1wbGUlMjBpbnZlbnRhaXJlJTNDJTJGaDIlM0UlMEElM0MlMkZkaXYlM0U=[\/vc_raw_html][\/vc_column_inner][vc_column_inner width=&#8221;2\/3&#8243;][vc_raw_html css=&#8221;.vc_custom_1608175625380{margin-top: 100px !important;}&#8221;]JTNDaDIlMjBzdHlsZSUzRCUyMmNvbG9yJTNBJTIwd2hpdGUlM0IlMjBtYXJnaW4tbGVmdCUzQTE1cHglM0IlMjIlM0VDT05UQUNUJTIwVVMlM0MlMkZoMiUzRSUwQSUwQSUzQ3AlMjBzdHlsZSUzRCUyMmxpbmUtaGVpZ2h0JTNBJTIwMSUzQiUyMGNvbG9yJTNBJTIwd2hpdGUlM0IlMjBtYXJnaW4tbGVmdCUzQTE1cHglM0IlMjIlM0VVc2UlMjBvdXIlMjBjb250YWN0JTIwZm9ybSUyMGJlbG93JTIwYW5kJTIwd2UlMjB3aWxsJTIwZ2V0JTIwYmFjayUyMHRvJTIweW91JTIwYXMlMjBzb29uJTIwYXMlMjBwb3NzaWJsZS4lM0MlMkZwJTNF[\/vc_raw_html]\n                <div class='gf_browser_gecko gform_wrapper' id='gform_wrapper_2' ><form method='post' enctype='multipart\/form-data'  id='gform_2'  action='\/en\/wp-json\/wp\/v2\/pages\/1107'>\n                        <div class='gform_body'><ul id='gform_fields_2' class='gform_fields top_label form_sublabel_below description_below'><li id='field_2_1' class='gfield gf_left_half gfield_contains_required field_sublabel_below field_description_below' ><label class='gfield_label' for='input_2_1' ><span class='gfield_required'>*<\/span><\/label><div class='ginput_container'><input name='input_1' id='input_2_1' type='text' value='' class='medium'  tabindex='1'  placeholder='Frist name*' \/><\/div><\/li><li id='field_2_2' class='gfield gf_right_half gfield_contains_required field_sublabel_below field_description_below' ><label class='gfield_label' for='input_2_2' ><span class='gfield_required'>*<\/span><\/label><div class='ginput_container'><input name='input_2' id='input_2_2' type='text' value='' class='medium'  tabindex='2'  placeholder='Last name*' \/><\/div><\/li><li id='field_2_3' class='gfield gf_left_half gfield_contains_required field_sublabel_below field_description_below' ><label class='gfield_label' for='input_2_3' ><span class='gfield_required'>*<\/span><\/label><div class='ginput_container'>\n                            <input name='input_3' id='input_2_3' type='text' value='' class='medium' tabindex='3'   placeholder='Email*'\/>\n                        <\/div><\/li><li id='field_2_4' class='gfield gf_right_half field_sublabel_below field_description_below' ><label class='gfield_label' for='input_2_4' ><\/label><div class='ginput_container'><input name='input_4' id='input_2_4' type='text' value='' class='medium' tabindex='4'  placeholder='Phone' \/><\/div><\/li><li id='field_2_5' class='gfield field_sublabel_below field_description_below' ><label class='gfield_label' for='input_2_5' ><\/label><div class='ginput_container'><input name='input_5' id='input_2_5' type='text' value='' class='medium'  tabindex='5'  placeholder='Post applied for*' \/><\/div><\/li><li id='field_2_6' class='gfield field_sublabel_below field_description_below' ><label class='gfield_label' for='input_2_6' >Submit your C.V. *<\/label><div class='ginput_container'><input type='hidden' name='MAX_FILE_SIZE' value='134217728' \/><input name='input_6' id='input_2_6' type='file' class='medium' aria-describedby='extensions_message' tabindex='6' \/><span id='extensions_message' class='screen-reader-text'><\/span><\/div><\/li>\n                            <\/ul><\/div>\n        <div class='gform_footer top_label'> <input type='submit' id='gform_submit_button_2' class='gform_button button' value='SUBMIT' tabindex='7' onclick='if(window[\"gf_submitting_2\"]){return false;}  window[\"gf_submitting_2\"]=true;  ' \/> \n            <input type='hidden' class='gform_hidden' name='is_submit_2' value='1' \/>\n            <input type='hidden' class='gform_hidden' name='gform_submit' value='2' \/>\n            \n            <input type='hidden' class='gform_hidden' name='gform_unique_id' value='' \/>\n            <input type='hidden' class='gform_hidden' name='state_2' value='WyJbXSIsImYwNjcxNDI2NzBiM2VjYTgyYTRhMWU1MzA3NmU3MDA2Il0=' \/>\n            <input type='hidden' class='gform_hidden' name='gform_target_page_number_2' id='gform_target_page_number_2' value='0' \/>\n            <input type='hidden' class='gform_hidden' name='gform_source_page_number_2' id='gform_source_page_number_2' value='1' \/>\n            <input type='hidden' name='gform_field_values' value='' \/>\n            \n        <\/div>\n                        <\/form>\n                        <\/div><script type='text\/javascript'> if(typeof gf_global == 'undefined') var gf_global = {\"gf_currency_config\":{\"name\":\"U.S. Dollar\",\"symbol_left\":\"$\",\"symbol_right\":\"\",\"symbol_padding\":\"\",\"thousand_separator\":\",\",\"decimal_separator\":\".\",\"decimals\":2},\"base_url\":\"https:\\\/\\\/etalfort.com\\\/wp-content\\\/plugins\\\/www_gravityforms\",\"number_formats\":[],\"spinnerUrl\":\"https:\\\/\\\/etalfort.com\\\/wp-content\\\/plugins\\\/www_gravityforms\\\/images\\\/spinner.gif\"};jQuery(document).bind('gform_post_render', function(event, formId, currentPage){if(formId == 2) {if(typeof Placeholders != 'undefined'){\n                        Placeholders.enable();\n                    }if(!\/(android)\/i.test(navigator.userAgent)){jQuery('#input_2_4').mask('(999) 999-9999').bind('keypress', function(e){if(e.which == 13){jQuery(this).blur();} } );}} } );jQuery(document).bind('gform_post_conditional_logic', function(event, formId, fields, isInit){} );<\/script><script type='text\/javascript'> jQuery(document).ready(function(){jQuery(document).trigger('gform_post_render', [2, 1]) } ); <\/script>[\/vc_column_inner][\/vc_row_inner][\/vc_column][\/vc_row][vc_row fullwidth=&#8221;true&#8221; css=&#8221;.vc_custom_1608175587227{background-color: #ffffff !important;}&#8221; el_class=&#8221;ninja&#8221;][vc_column width=&#8221;3\/4&#8243; css=&#8221;.vc_custom_1592447880153{padding-top: 122px !important;padding-bottom: 122px !important;background-image: url(https:\/\/etalfort.com\/wp-content\/uploads\/2020\/06\/shutterstock_683964349.png?id=639) !important;background-position: center !important;background-repeat: no-repeat !important;background-size: cover !important;}&#8221;][vc_raw_html]JTNDdWwlMjBjbGFzcyUzRCUyMnVsLWlubGluZSUyMiUyMHN0eWxlJTNEJTIybWF4LXdpZHRoJTNBJTIwNzUwcHglM0IlMjBtYXJnaW4tbGVmdCUzQWF1dG8lM0IlMjBtYXJnaW4tcmlnaHQlM0FhdXRvJTNCJTIyJTNFJTBBJTNDbGklMjBzdHlsZSUzRCUyMm1hcmdpbi1yaWdodCUzQTIwcHglM0IlMjIlM0UlM0NpbWclMjBzcmMlM0QlMjJodHRwcyUzQSUyRiUyRmV0YWxmb3J0LmNvbSUyRndwLWNvbnRlbnQlMkZ1cGxvYWRzJTJGMjAyMCUyRjA2JTJGdW5uYW1lZC1maWxlLnBuZyUyMiUzRSUzQyUyRmxpJTNFJTBBJTNDbGklMjBzdHlsZSUzRCUyMndpZHRoJTNBODAlMjUlMjIlM0UlMEElM0NkaXYlMjBzdHlsZSUzRCUyMm1heC13aWR0aCUzQSUyMDcwMHB4JTNCJTIyJTNFJTBBJTIwJTIwJTNDaDIlMjBzdHlsZSUzRCUyMmNvbG9yJTNBJTIwd2hpdGUlM0IlMjBmb250LXNpemUlM0ElMjA0NXB4JTNCJTIyJTNFQ09OVEFDVEVaJTIwTEVTJTIwRVhQRVJUUyUyMEQlRTIlODAlOTlFVEFMRk9SVCUyMElOQy4lM0MlMkZoMiUzRSUwQSUyMCUyMCUyMCUzQ3AlMjBzdHlsZSUzRCUyMmNvbG9yJTNBJTIwd2hpdGUlM0IlMjBsaW5lLWhlaWdodCUzQSUyMDEuNCUzQiUyMiUzRSUyMENoZXolMjBFdGFsZm9ydCUyMEluYyUyQyUyMG5vdXMlMjBzb21tZXMlMjBjb252YWluY3VzJTIwcXVlJTIwbGVzJTIwcmF5b25uYWdlcyUyMGV0JTIwYXV0cmVzJTIwcHJvZHVpdHMlMjBpbmR1c3RyaWVscyUyMG0lQzMlQTlyaXRlbnQlMjB1bmUlMjBzZWNvbmRlJTIwdmllLiUyMEFmaW4lMjBkZSUyMHNhdGlzZmFpcmUlMjBkZSUyMG5vbWJyZXV4JTIwdmVuZGV1cnMlMjBldCUyMGFjaGV0ZXVycyUyMCVDMyVBMCUyMHRyYXZlcnMlMjBsZSUyMENhbmFkYSUyQyUyMG5vdHJlJTIwJUMzJUE5cXVpcGUlMjBlc3QlMjAlQzMlQTAlMjB2b3RyZSUyMGRpc3Bvc2l0aW9uJTIwcG91ciUyMHRvdXRlcyUyMHF1ZXN0aW9ucy4lM0MlMkZwJTNFJTBBJTIwJTIwJTIwJTNDcCUyMHN0eWxlJTNEJTIyY29sb3IlM0ElMjB3aGl0ZSUzQiUyMGxpbmUtaGVpZ2h0JTNBJTIwMS40JTNCJTIwbWFyZ2luLWJvdHRvbSUzQSUyMDM1cHglM0IlMjIlM0UlMjBDb250YWN0ZXotbm91cyUyMGQlQzMlQThzJTIwYXVqb3VyZCVFMiU4MCU5OWh1aSUyMGV0JTIwcmVjZXZleiUyMGxlcyUyMGluZm9ybWF0aW9ucyUyMGRvbnQlMjB2b3VzJTIwYXZleiUyMGJlc29pbi4lM0MlMkZwJTNFJTBBJTIwJTIwJTIwJTNDYSUyMGhyZWYlM0QlMjIlMjMlMjIlMjBjbGFzcyUzRCUyMmJ0bi1vdXRsaW5lLXdoaXRlJTIyJTNFTm91cyUyMGpvaW5kcmUlMjAlM0UlM0MlMkZhJTNFJTBBJTNDJTJGZGl2JTNFJTBBJTNDJTJGbGklM0UlMEElM0MlMkZ1bCUzRQ==[\/vc_raw_html][\/vc_column][vc_column width=&#8221;1\/4&#8243; css=&#8221;.vc_custom_1608160676802{background-image: url(https:\/\/etalfort.com\/wp-content\/uploads\/2020\/12\/screen-shot-2020-12-16-at-6.17.46-pm.png?id=1078) !important;background-position: center !important;background-repeat: no-repeat !important;background-size: cover !important;}&#8221; el_class=&#8221;concurrents&#8221;][\/vc_column][\/vc_row]\n","protected":false},"excerpt":{"rendered":"<p>[vc_section full_width=&#8221;stretch_row&#8221; css=&#8221;.vc_custom_1600642907977{background-image: url(https:\/\/etalfort.com\/wp-content\/uploads\/2020\/09\/achat.png?id=996) !important;}&#8221;][vc_row][vc_column el_class=&#8221;centerr&#8221; css=&#8221;.vc_custom_1592446599465{padding-top: 50px !important;padding-bottom: 100px !important;}&#8221;][vc_raw_html]JTNDbGluayUyMGhyZWYlM0QlMjJodHRwcyUzQSUyRiUyRmZvbnRzLmdvb2dsZWFwaXMuY29tJTJGY3NzMiUzRmZhbWlseSUzRFJ1YmlrJTNBd2dodCU0MDQwMCUzQjUwMCUzQjkwMCUyNmRpc3BsYXklM0Rzd2FwJTIyJTIwcmVsJTNEJTIyc3R5bGVzaGVldCUyMiUzRSUwQQ==[\/vc_raw_html][vc_raw_html]JTNDaDElMjBzdHlsZSUzRCUyMmNvbG9yJTNBd2hpdGUlM0IlMjBmb250LXdlaWdodCUzQSUyMDkwMCUzQiUyMiUzRVBVUkNIQVNFJTNDJTJGaDElM0UlMEElM0NwJTIwc3R5bGUlM0QlMjJsaW5lLWhlaWdodCUzQSUyMDElM0Jmb250LXNpemUlM0ElMjAyMnB4JTNCJTIwY29sb3IlM0ElMjB3aGl0ZSUzQiUyMiUyMGNsYXNzJTNEJTIybmluamElMjIlM0VWb3VzJTIwc291aGFpdGV6JTIwdmVuZHJlJTIwdm90cmUlMjByYXlvbm5hZ2UlMjBpbmR1c3RyaWVsJTNGJTIwRmFpdGVzJTIwY29uZmlhbmNlJTIwJUMzJUEwJTIwRXRhbGZvcnQlMjBJbmMuJTNDJTJGcCUzRSUwQQ==[\/vc_raw_html][\/vc_column][\/vc_row][\/vc_section][vc_row fullwidth=&#8221;true&#8221; fullwidth_content=&#8221;false&#8221; css=&#8221;.vc_custom_1591744045020{background-image: url(https:\/\/etalfort.com\/wp-content\/uploads\/2020\/06\/artboardx.jpg?id=594) !important;background-position: center !important;background-repeat: no-repeat !important;background-size: cover !important;}&#8221;][vc_column][vc_row_inner css=&#8221;.vc_custom_1591757060609{padding-top: 100px !important;padding-bottom: 100px !important;}&#8221;][vc_column_inner width=&#8221;1\/3&#8243;][\/vc_column_inner][vc_column_inner el_class=&#8221;rightt&#8221; width=&#8221;2\/3&#8243;][vc_raw_html]JTNDaDIlMjBjbGFzcyUzRCUyMmJsdWUlMjIlMjAlMjBzdHlsZSUzRCUyMmZvbnQtc2l6ZSUzQSUyMDM1cHglM0IlMjBsaW5lLWhlaWdodCUzQSUyMDElM0IlMjIlM0VSQUNLSU5HJTNDYnIlMkYlM0UlM0NzcGFuJTIwY2xhc3MlM0QlMjJvcmFuZ2UlMjIlMjBzdHlsZSUzRCUyMmZvbnQtd2VpZ2h0JTNBNDAwJTNCJTIyJTNFUFVSQ0hBU0UlM0MlMkZzcGFuJTNFJTNDJTJGaDIlM0UlMEElM0NwJTIwc3R5bGUlM0QlMjJsaW5lLWhlaWdodCUzQSUyMDElM0Jmb250LXNpemUlM0ElMjAxNnB4JTNCY29sb3IlM0ElMjBibGFjayUzQm1heC13aWR0aCUzQSUyMDUzMHB4JTNCbWFyZ2luLWxlZnQlM0ElMjBhdXRvJTNCJTIyJTNFRXRhbGZvcnQlMjBJbmMuJTIwd2lsbCUyMGJ1eSUyMHlvdXIlMjB1c2VkJTIwd2FyaG91c2UlMjByYWNraW5nJTIwc3lzdGVtcy4lMjBJZiUyMHlvdSUyMGhhdmUlMjBhJTIwc3VycGx1cyUyMG9mJTIwc3RlZWwlMjByYWNraW5nJTIwdGhhdCUyMHlvdSUyMHdvdWxkJTIwbGlrZSUyMHRvJTIwZ2V0JTIwcmlkJTIwb2YlMjBmYXN0JTJDJTIwb3IlMjBwZXJoYXBzJTIweW91JTIwYXJlJTIwbG9va2luZyUyMHRvJTIwY2xlYXIlMjBvdXQlMjBhJTIwY2xvc2luZyUyMHdhcmVob3VzZSUyQyUyMGdpdmUlMjB1cyUyMGElMjBjYWxsLiUzQyUyRnAlM0U=[\/vc_raw_html][vc_raw_html]JTNDYSUyMGhyZWYlM0QlMjJodHRwcyUzQSUyRiUyRmV0YWxmb3J0LmNvbSUyRmVuJTJGY29udGFjdC11cyUyRiUyMiUyMGNsYXNzJTNEJTIyYnRuLW91dGxpbmUlMjIlM0VDb250YWN0JTIwVXMlMjAlM0UlMjAlM0MlMkZhJTNF[\/vc_raw_html][\/vc_column_inner][\/vc_row_inner][\/vc_column][\/vc_row][vc_row fullwidth=&#8221;true&#8221; css=&#8221;.vc_custom_1592447424424{background: #ff7e28 url(https:\/\/etalfort.com\/wp-content\/uploads\/2020\/06\/orange-color.png?id=817) !important;background-position: center !important;background-repeat: no-repeat !important;background-size: cover !important;}&#8221;][vc_column][vc_row_inner][vc_column_inner width=&#8221;1\/3&#8243;][vc_raw_html el_class=&#8221;ninja&#8221;]JTNDZGl2JTIwY2xhc3MlM0QlMjJibHVlLWJrZyUyMiUyMHN0eWxlJTNEJTIyJTIwbWFyZ2luLWxlZnQlM0ElMjAtMTVweCUyMCUyMWltcG9ydGFudCUzQiUyMHBhZGRpbmclM0ElMjAyMHB4JTNCJTIwbWFyZ2luLXRvcCUzQSUyMC04MHB4JTNCJTIyJTIwJTNFJTBBJTNDaDIlMjBzdHlsZSUzRCUyMmNvbG9yJTNBJTIwd2hpdGUlM0IlMjBmb250LXdlaWdodCUzQSUyMDgwMCUzQiUyMG1heC13aWR0aCUzQSUyMDI1MHB4JTNCJTIwcGFkZGluZyUzQSUyMDE1cHglM0IlMjBtYXJnaW4tbGVmdCUzQSUyMGF1dG8lM0IlMjBsaW5lLWhlaWdodCUzQSUyMDElM0IlMjBtYXJnaW4tYm90dG9tJTNBJTIwMHB4JTNCJTIyJTNFUGx1cyUyMHF1JTI3dW4lMjBzaW1wbGUlMjBpbnZlbnRhaXJlJTNDJTJGaDIlM0UlMEElM0MlMkZkaXYlM0U=[\/vc_raw_html][\/vc_column_inner][vc_column_inner width=&#8221;2\/3&#8243;][vc_raw_html css=&#8221;.vc_custom_1608175625380{margin-top: 100px !important;}&#8221;]JTNDaDIlMjBzdHlsZSUzRCUyMmNvbG9yJTNBJTIwd2hpdGUlM0IlMjBtYXJnaW4tbGVmdCUzQTE1cHglM0IlMjIlM0VDT05UQUNUJTIwVVMlM0MlMkZoMiUzRSUwQSUwQSUzQ3AlMjBzdHlsZSUzRCUyMmxpbmUtaGVpZ2h0JTNBJTIwMSUzQiUyMGNvbG9yJTNBJTIwd2hpdGUlM0IlMjBtYXJnaW4tbGVmdCUzQTE1cHglM0IlMjIlM0VVc2UlMjBvdXIlMjBjb250YWN0JTIwZm9ybSUyMGJlbG93JTIwYW5kJTIwd2UlMjB3aWxsJTIwZ2V0JTIwYmFjayUyMHRvJTIweW91JTIwYXMlMjBzb29uJTIwYXMlMjBwb3NzaWJsZS4lM0MlMkZwJTNF[\/vc_raw_html][\/vc_column_inner][\/vc_row_inner][\/vc_column][\/vc_row][vc_row fullwidth=&#8221;true&#8221; css=&#8221;.vc_custom_1608175587227{background-color: #ffffff !important;}&#8221; el_class=&#8221;ninja&#8221;][vc_column width=&#8221;3\/4&#8243; css=&#8221;.vc_custom_1592447880153{padding-top: 122px [&hellip;]<\/p>\n","protected":false},"author":2,"featured_media":0,"parent":0,"menu_order":0,"comment_status":"closed","ping_status":"closed","template":"","meta":{"_acf_changed":false,"footnotes":""},"acf":[],"yoast_head":"<!-- This site is optimized with the Yoast SEO plugin v22.0 - https:\/\/yoast.com\/wordpress\/plugins\/seo\/ -->\n<title>Etalfort Inc | Achat et Vente de Racking Industriel Usag\u00e9s au Canada<\/title>\n<meta name=\"description\" content=\"Pour l&#039;achat ou la vente de racking industriel usag\u00e9s, faites confiance \u00e0 Etalfort Inc. Le sp\u00e9cialiste des syst\u00e8mes d&#039;entreposages \u00e0 moindre co\u00fbt au Canada\" \/>\n<meta name=\"robots\" content=\"index, follow, max-snippet:-1, max-image-preview:large, max-video-preview:-1\" \/>\n<link rel=\"canonical\" href=\"https:\/\/etalfort.com\/achat\/\" \/>\n<meta property=\"og:locale\" content=\"en_US\" \/>\n<meta property=\"og:type\" content=\"article\" \/>\n<meta property=\"og:title\" content=\"Etalfort Inc | Achat et Vente de Racking Industriel Usag\u00e9s au Canada\" \/>\n<meta property=\"og:description\" content=\"Pour l&#039;achat ou la vente de racking industriel usag\u00e9s, faites confiance \u00e0 Etalfort Inc. Le sp\u00e9cialiste des syst\u00e8mes d&#039;entreposages \u00e0 moindre co\u00fbt au Canada\" \/>\n<meta property=\"og:url\" content=\"https:\/\/etalfort.com\/achat\/\" \/>\n<meta property=\"og:site_name\" content=\"\u00c9talfort\" \/>\n<meta property=\"article:modified_time\" content=\"2022-01-13T19:53:42+00:00\" \/>\n<meta name=\"twitter:card\" content=\"summary_large_image\" \/>\n<meta name=\"twitter:label1\" content=\"Est. reading time\" \/>\n\t<meta name=\"twitter:data1\" content=\"1 minute\" \/>\n<script type=\"application\/ld+json\" class=\"yoast-schema-graph\">{\"@context\":\"https:\/\/schema.org\",\"@graph\":[{\"@type\":\"WebPage\",\"@id\":\"https:\/\/etalfort.com\/achat\/\",\"url\":\"https:\/\/etalfort.com\/achat\/\",\"name\":\"Etalfort Inc | Achat et Vente de Racking Industriel Usag\u00e9s au Canada\",\"isPartOf\":{\"@id\":\"https:\/\/etalfort.com\/#website\"},\"datePublished\":\"2020-06-18T01:52:30+00:00\",\"dateModified\":\"2022-01-13T19:53:42+00:00\",\"description\":\"Pour l'achat ou la vente de racking industriel usag\u00e9s, faites confiance \u00e0 Etalfort Inc. Le sp\u00e9cialiste des syst\u00e8mes d'entreposages \u00e0 moindre co\u00fbt au Canada\",\"breadcrumb\":{\"@id\":\"https:\/\/etalfort.com\/achat\/#breadcrumb\"},\"inLanguage\":\"en-US\",\"potentialAction\":[{\"@type\":\"ReadAction\",\"target\":[\"https:\/\/etalfort.com\/achat\/\"]}]},{\"@type\":\"BreadcrumbList\",\"@id\":\"https:\/\/etalfort.com\/achat\/#breadcrumb\",\"itemListElement\":[{\"@type\":\"ListItem\",\"position\":1,\"name\":\"Home\",\"item\":\"https:\/\/etalfort.com\/en\/\"},{\"@type\":\"ListItem\",\"position\":2,\"name\":\"Purchase\"}]},{\"@type\":\"WebSite\",\"@id\":\"https:\/\/etalfort.com\/#website\",\"url\":\"https:\/\/etalfort.com\/\",\"name\":\"\u00c9talfort\",\"description\":\"Racking et \u00e9tag\u00e8re usag\u00e9s\",\"potentialAction\":[{\"@type\":\"SearchAction\",\"target\":{\"@type\":\"EntryPoint\",\"urlTemplate\":\"https:\/\/etalfort.com\/?s={search_term_string}\"},\"query-input\":\"required name=search_term_string\"}],\"inLanguage\":\"en-US\"}]}<\/script>\n<!-- \/ Yoast SEO plugin. -->","yoast_head_json":{"title":"Etalfort Inc | Achat et Vente de Racking Industriel Usag\u00e9s au Canada","description":"Pour l'achat ou la vente de racking industriel usag\u00e9s, faites confiance \u00e0 Etalfort Inc. Le sp\u00e9cialiste des syst\u00e8mes d'entreposages \u00e0 moindre co\u00fbt au Canada","robots":{"index":"index","follow":"follow","max-snippet":"max-snippet:-1","max-image-preview":"max-image-preview:large","max-video-preview":"max-video-preview:-1"},"canonical":"https:\/\/etalfort.com\/achat\/","og_locale":"en_US","og_type":"article","og_title":"Etalfort Inc | Achat et Vente de Racking Industriel Usag\u00e9s au Canada","og_description":"Pour l'achat ou la vente de racking industriel usag\u00e9s, faites confiance \u00e0 Etalfort Inc. Le sp\u00e9cialiste des syst\u00e8mes d'entreposages \u00e0 moindre co\u00fbt au Canada","og_url":"https:\/\/etalfort.com\/achat\/","og_site_name":"\u00c9talfort","article_modified_time":"2022-01-13T19:53:42+00:00","twitter_card":"summary_large_image","twitter_misc":{"Est. reading time":"1 minute"},"schema":{"@context":"https:\/\/schema.org","@graph":[{"@type":"WebPage","@id":"https:\/\/etalfort.com\/achat\/","url":"https:\/\/etalfort.com\/achat\/","name":"Etalfort Inc | Achat et Vente de Racking Industriel Usag\u00e9s au Canada","isPartOf":{"@id":"https:\/\/etalfort.com\/#website"},"datePublished":"2020-06-18T01:52:30+00:00","dateModified":"2022-01-13T19:53:42+00:00","description":"Pour l'achat ou la vente de racking industriel usag\u00e9s, faites confiance \u00e0 Etalfort Inc. Le sp\u00e9cialiste des syst\u00e8mes d'entreposages \u00e0 moindre co\u00fbt au Canada","breadcrumb":{"@id":"https:\/\/etalfort.com\/achat\/#breadcrumb"},"inLanguage":"en-US","potentialAction":[{"@type":"ReadAction","target":["https:\/\/etalfort.com\/achat\/"]}]},{"@type":"BreadcrumbList","@id":"https:\/\/etalfort.com\/achat\/#breadcrumb","itemListElement":[{"@type":"ListItem","position":1,"name":"Home","item":"https:\/\/etalfort.com\/en\/"},{"@type":"ListItem","position":2,"name":"Purchase"}]},{"@type":"WebSite","@id":"https:\/\/etalfort.com\/#website","url":"https:\/\/etalfort.com\/","name":"\u00c9talfort","description":"Racking et \u00e9tag\u00e8re usag\u00e9s","potentialAction":[{"@type":"SearchAction","target":{"@type":"EntryPoint","urlTemplate":"https:\/\/etalfort.com\/?s={search_term_string}"},"query-input":"required name=search_term_string"}],"inLanguage":"en-US"}]}},"_links":{"self":[{"href":"https:\/\/etalfort.com\/en\/wp-json\/wp\/v2\/pages\/1107"}],"collection":[{"href":"https:\/\/etalfort.com\/en\/wp-json\/wp\/v2\/pages"}],"about":[{"href":"https:\/\/etalfort.com\/en\/wp-json\/wp\/v2\/types\/page"}],"author":[{"embeddable":true,"href":"https:\/\/etalfort.com\/en\/wp-json\/wp\/v2\/users\/2"}],"replies":[{"embeddable":true,"href":"https:\/\/etalfort.com\/en\/wp-json\/wp\/v2\/comments?post=1107"}],"version-history":[{"count":5,"href":"https:\/\/etalfort.com\/en\/wp-json\/wp\/v2\/pages\/1107\/revisions"}],"predecessor-version":[{"id":1378,"href":"https:\/\/etalfort.com\/en\/wp-json\/wp\/v2\/pages\/1107\/revisions\/1378"}],"wp:attachment":[{"href":"https:\/\/etalfort.com\/en\/wp-json\/wp\/v2\/media?parent=1107"}],"curies":[{"name":"wp","href":"https:\/\/api.w.org\/{rel}","templated":true}]}}